{"id":100799,"date":"2024-09-24T13:22:55","date_gmt":"2024-09-24T11:22:55","guid":{"rendered":"https:\/\/lorufete.com\/?page_id=100799"},"modified":"2025-04-01T22:40:06","modified_gmt":"2025-04-01T20:40:06","slug":"pension-de-animales","status":"publish","type":"page","link":"https:\/\/lorufete.com\/en\/pension-de-animales\/","title":{"rendered":"Pension of animals"},"content":{"rendered":"<div data-elementor-type=\"wp-page\" data-elementor-id=\"100799\" class=\"elementor elementor-100799\" data-elementor-post-type=\"page\">\n\t\t\t\t\t\t<section class=\"elementor-section elementor-top-section elementor-element elementor-element-ff6b6b4 elementor-section-full_width elementor-section-height-default elementor-section-height-default\" data-id=\"ff6b6b4\" data-element_type=\"section\" data-e-type=\"section\" data-settings=\"{&quot;background_background&quot;:&quot;classic&quot;}\">\n\t\t\t\t\t\t<div class=\"elementor-container elementor-column-gap-default\">\n\t\t\t\t\t<div class=\"elementor-column elementor-col-100 elementor-top-column elementor-element elementor-element-012e3e3\" data-id=\"012e3e3\" data-element_type=\"column\" data-e-type=\"column\">\n\t\t\t<div class=\"elementor-widget-wrap elementor-element-populated\">\n\t\t\t\t\t\t<div class=\"elementor-element elementor-element-a28eb2d elementor-widget elementor-widget-image\" data-id=\"a28eb2d\" data-element_type=\"widget\" data-e-type=\"widget\" data-widget_type=\"image.default\">\n\t\t\t\t<div class=\"elementor-widget-container\">\n\t\t\t\t\t\t\t\t\t\t\t\t\t\t\t<img fetchpriority=\"high\" decoding=\"async\" width=\"787\" height=\"467\" src=\"https:\/\/lorufete.com\/wp-content\/uploads\/2024\/09\/pension-animales-03-1.jpg\" class=\"attachment-full size-full wp-image-100238\" alt=\"\" srcset=\"https:\/\/lorufete.com\/wp-content\/uploads\/2024\/09\/pension-animales-03-1.jpg 787w, https:\/\/lorufete.com\/wp-content\/uploads\/2024\/09\/pension-animales-03-1-768x456.jpg 768w, https:\/\/lorufete.com\/wp-content\/uploads\/2024\/09\/pension-animales-03-1-600x356.jpg 600w\" sizes=\"(max-width: 787px) 100vw, 787px\" \/>\t\t\t\t\t\t\t\t\t\t\t\t\t\t\t<\/div>\n\t\t\t\t<\/div>\n\t\t\t\t\t<\/div>\n\t\t<\/div>\n\t\t\t\t\t<\/div>\n\t\t<\/section>\n\t\t\t\t<section class=\"elementor-section elementor-top-section elementor-element elementor-element-4bb3ce3 elementor-section-boxed elementor-section-height-default elementor-section-height-default\" data-id=\"4bb3ce3\" data-element_type=\"section\" data-e-type=\"section\">\n\t\t\t\t\t\t<div class=\"elementor-container elementor-column-gap-default\">\n\t\t\t\t\t<div class=\"elementor-column elementor-col-50 elementor-top-column elementor-element elementor-element-d53e9c2\" data-id=\"d53e9c2\" data-element_type=\"column\" data-e-type=\"column\">\n\t\t\t<div class=\"elementor-widget-wrap elementor-element-populated\">\n\t\t\t\t\t\t<div class=\"elementor-element elementor-element-82b6299 elementor-arrows-position-inside elementor-pagination-position-outside elementor-widget elementor-widget-image-carousel\" data-id=\"82b6299\" data-element_type=\"widget\" data-e-type=\"widget\" data-settings=\"{&quot;slides_to_show&quot;:&quot;1&quot;,&quot;navigation&quot;:&quot;both&quot;,&quot;autoplay&quot;:&quot;yes&quot;,&quot;pause_on_hover&quot;:&quot;yes&quot;,&quot;pause_on_interaction&quot;:&quot;yes&quot;,&quot;autoplay_speed&quot;:5000,&quot;infinite&quot;:&quot;yes&quot;,&quot;effect&quot;:&quot;slide&quot;,&quot;speed&quot;:500}\" data-widget_type=\"image-carousel.default\">\n\t\t\t\t<div class=\"elementor-widget-container\">\n\t\t\t\t\t\t\t<div class=\"elementor-image-carousel-wrapper swiper\" role=\"region\" aria-roledescription=\"carousel\" aria-label=\"Carousel of images\" dir=\"ltr\">\n\t\t\t<div class=\"elementor-image-carousel swiper-wrapper\" aria-live=\"off\">\n\t\t\t\t\t\t\t\t<div class=\"swiper-slide\" role=\"group\" aria-roledescription=\"slide\" aria-label=\"1 de 5\" data-no-translation-aria-label=\"\"><figure class=\"swiper-slide-inner\"><img decoding=\"async\" class=\"swiper-slide-image\" src=\"https:\/\/lorufete.com\/wp-content\/uploads\/2024\/09\/pension-animales-05-1.jpg\" alt=\"pension-animals-05\" \/><\/figure><\/div><div class=\"swiper-slide\" role=\"group\" aria-roledescription=\"slide\" aria-label=\"2 de 5\" data-no-translation-aria-label=\"\"><figure class=\"swiper-slide-inner\"><img decoding=\"async\" class=\"swiper-slide-image\" src=\"https:\/\/lorufete.com\/wp-content\/uploads\/2024\/09\/pension-animales-04-1.jpg\" alt=\"pension-animals-04\" \/><\/figure><\/div><div class=\"swiper-slide\" role=\"group\" aria-roledescription=\"slide\" aria-label=\"3 de 5\" data-no-translation-aria-label=\"\"><figure class=\"swiper-slide-inner\"><img decoding=\"async\" class=\"swiper-slide-image\" src=\"https:\/\/lorufete.com\/wp-content\/uploads\/2024\/09\/pension-animales-03-1.jpg\" alt=\"pension-animals-03\" \/><\/figure><\/div><div class=\"swiper-slide\" role=\"group\" aria-roledescription=\"slide\" aria-label=\"4 de 5\" data-no-translation-aria-label=\"\"><figure class=\"swiper-slide-inner\"><img decoding=\"async\" class=\"swiper-slide-image\" src=\"https:\/\/lorufete.com\/wp-content\/uploads\/2024\/09\/pension-animales-02-1.jpg\" alt=\"pension-animals-02\" \/><\/figure><\/div><div class=\"swiper-slide\" role=\"group\" aria-roledescription=\"slide\" aria-label=\"5 de 5\" data-no-translation-aria-label=\"\"><figure class=\"swiper-slide-inner\"><img decoding=\"async\" class=\"swiper-slide-image\" src=\"https:\/\/lorufete.com\/wp-content\/uploads\/2024\/09\/pension-animales-01-1.jpg\" alt=\"pension-animals-01\" \/><\/figure><\/div>\t\t\t<\/div>\n\t\t\t\t\t\t\t\t\t\t\t\t<div class=\"elementor-swiper-button elementor-swiper-button-prev\" role=\"button\" tabindex=\"0\">\n\t\t\t\t\t\t<i aria-hidden=\"true\" class=\"eicon-chevron-left\"><\/i>\t\t\t\t\t<\/div>\n\t\t\t\t\t<div class=\"elementor-swiper-button elementor-swiper-button-next\" role=\"button\" tabindex=\"0\">\n\t\t\t\t\t\t<i aria-hidden=\"true\" class=\"eicon-chevron-right\"><\/i>\t\t\t\t\t<\/div>\n\t\t\t\t\n\t\t\t\t\t\t\t\t\t<div class=\"swiper-pagination\"><\/div>\n\t\t\t\t\t\t\t\t\t<\/div>\n\t\t\t\t\t\t<\/div>\n\t\t\t\t<\/div>\n\t\t\t\t\t<\/div>\n\t\t<\/div>\n\t\t\t\t<div class=\"elementor-column elementor-col-50 elementor-top-column elementor-element elementor-element-86b4313\" data-id=\"86b4313\" data-element_type=\"column\" data-e-type=\"column\">\n\t\t\t<div class=\"elementor-widget-wrap elementor-element-populated\">\n\t\t\t\t\t\t<div class=\"elementor-element elementor-element-ea738c3 elementor-widget elementor-widget-text-editor\" data-id=\"ea738c3\" data-element_type=\"widget\" data-e-type=\"widget\" data-widget_type=\"text-editor.default\">\n\t\t\t\t<div class=\"elementor-widget-container\">\n\t\t\t\t\t\t\t\t\t<ul><li><p>En <strong>Lo Rufete Multiaventura Park<\/strong> tambi\u00e9n pensamos en tus compa\u00f1eros m\u00e1s fieles. Nuestra <strong>pensi\u00f3n para animales<\/strong> est\u00e1 situada en un entorno natural tranquilo, rodeado de naturaleza, muy cerca de <strong>Torrevieja, Alicante y Murcia<\/strong>, en plena <strong>Costa Blanca<\/strong>.<\/p><p>Ofrecemos un espacio seguro, amplio y c\u00f3modo para que perros disfruten mientras t\u00fa te relajas o participas en nuestras actividades multiaventura.<\/p><p><strong>\ud83d\udc36 \u00bfQu\u00e9 ofrecemos?<\/strong><\/p><ul><li>Habitaciones individuales para mascotas.<\/li><li>Zonas de sombra, descanso y recreo.<\/li><li>Higiene y limpieza diaria garantizada.<\/li><li>Supervisi\u00f3n y atenci\u00f3n personalizada.<\/li><li>Ubicaci\u00f3n silenciosa, ideal para el bienestar animal.<\/li><\/ul><p>Tanto si est\u00e1s pasando el d\u00eda en el parque como si necesitas dejar a tu mascota unos d\u00edas, puedes contar con nosotros. Nos encargamos de su cuidado con el mismo cari\u00f1o con el que tratamos a nuestros propios animales.<\/p><\/li><\/ul>\t\t\t\t\t\t\t\t<\/div>\n\t\t\t\t<\/div>\n\t\t\t\t\t<\/div>\n\t\t<\/div>\n\t\t\t\t\t<\/div>\n\t\t<\/section>\n\t\t\t\t<section class=\"elementor-section elementor-top-section elementor-element elementor-element-7efff13 elementor-section-boxed elementor-section-height-default elementor-section-height-default\" data-id=\"7efff13\" data-element_type=\"section\" data-e-type=\"section\" data-settings=\"{&quot;background_background&quot;:&quot;classic&quot;}\">\n\t\t\t\t\t\t<div class=\"elementor-container elementor-column-gap-default\">\n\t\t\t\t\t<div class=\"elementor-column elementor-col-100 elementor-top-column elementor-element elementor-element-de78891\" data-id=\"de78891\" data-element_type=\"column\" data-e-type=\"column\">\n\t\t\t<div class=\"elementor-widget-wrap elementor-element-populated\">\n\t\t\t\t\t\t<div class=\"elementor-element elementor-element-24eedf0 elementor-widget elementor-widget-heading\" data-id=\"24eedf0\" data-element_type=\"widget\" data-e-type=\"widget\" data-widget_type=\"heading.default\">\n\t\t\t\t<div class=\"elementor-widget-container\">\n\t\t\t\t\t<p class=\"elementor-heading-title elementor-size-default\">OPEN ALL YEAR<\/p>\t\t\t\t<\/div>\n\t\t\t\t<\/div>\n\t\t\t\t<div class=\"elementor-element elementor-element-ca50977 elementor-widget elementor-widget-heading\" data-id=\"ca50977\" data-element_type=\"widget\" data-e-type=\"widget\" data-widget_type=\"heading.default\">\n\t\t\t\t<div class=\"elementor-widget-container\">\n\t\t\t\t\t<p class=\"elementor-heading-title elementor-size-default\">CV-951, Km. 1, 03193 San Miguel de Salinas, Alicante<\/p>\t\t\t\t<\/div>\n\t\t\t\t<\/div>\n\t\t\t\t\t<\/div>\n\t\t<\/div>\n\t\t\t\t\t<\/div>\n\t\t<\/section>\n\t\t\t\t<section class=\"elementor-section elementor-top-section elementor-element elementor-element-25ff7c7 elementor-section-full_width elementor-section-height-default elementor-section-height-default\" data-id=\"25ff7c7\" data-element_type=\"section\" data-e-type=\"section\">\n\t\t\t\t\t\t<div class=\"elementor-container elementor-column-gap-default\">\n\t\t\t\t\t<div class=\"elementor-column elementor-col-100 elementor-top-column elementor-element elementor-element-25367bd\" data-id=\"25367bd\" data-element_type=\"column\" data-e-type=\"column\">\n\t\t\t<div class=\"elementor-widget-wrap elementor-element-populated\">\n\t\t\t\t\t\t<div class=\"elementor-element elementor-element-2beb725 elementor-widget elementor-widget-google_maps\" data-id=\"2beb725\" data-element_type=\"widget\" data-e-type=\"widget\" data-widget_type=\"google_maps.default\">\n\t\t\t\t<div class=\"elementor-widget-container\">\n\t\t\t\t\t\t\t<div class=\"elementor-custom-embed\">\n\t\t\t<iframe loading=\"lazy\"\n\t\t\t\t\tsrc=\"https:\/\/maps.google.com\/maps?q=lorufete&#038;t=m&#038;z=11&#038;output=embed&#038;iwloc=near\"\n\t\t\t\t\ttitle=\"lorufete\"\n\t\t\t\t\taria-label=\"lorufete\"\n\t\t\t><\/iframe>\n\t\t<\/div>\n\t\t\t\t\t\t<\/div>\n\t\t\t\t<\/div>\n\t\t\t\t\t<\/div>\n\t\t<\/div>\n\t\t\t\t\t<\/div>\n\t\t<\/section>\n\t\t\t\t<\/div>","protected":false},"excerpt":{"rendered":"<p>En Lo Rufete Multiaventura Park tambi\u00e9n pensamos en tus compa\u00f1eros m\u00e1s fieles. Nuestra pensi\u00f3n para animales est\u00e1 situada en un entorno natural tranquilo, rodeado de naturaleza, muy cerca de Torrevieja, Alicante y Murcia, en plena Costa Blanca. Ofrecemos un espacio seguro, amplio y c\u00f3modo para que perros disfruten mientras t\u00fa te relajas o participas en [&hellip;]<\/p>\n","protected":false},"author":1,"featured_media":0,"parent":0,"menu_order":0,"comment_status":"closed","ping_status":"closed","template":"elementor_header_footer","meta":{"_acf_changed":false,"_joinchat":[],"footnotes":""},"tipo_actividad":[],"class_list":["post-100799","page","type-page","status-publish","hentry"],"acf":[],"yoast_head":"<!-- This site is optimized with the Yoast SEO plugin v27.1.1 - https:\/\/yoast.com\/product\/yoast-seo-wordpress\/ -->\n<title>Pension de animales - Lorufete.com<\/title>\n<meta name=\"robots\" content=\"index, follow, max-snippet:-1, max-image-preview:large, max-video-preview:-1\" \/>\n<link rel=\"canonical\" href=\"https:\/\/lorufete.com\/en\/pension-de-animales\/\" \/>\n<meta property=\"og:locale\" content=\"en_US\" \/>\n<meta property=\"og:type\" content=\"article\" \/>\n<meta property=\"og:title\" content=\"Pension de animales - Lorufete.com\" \/>\n<meta property=\"og:description\" content=\"En Lo Rufete Multiaventura Park tambi\u00e9n pensamos en tus compa\u00f1eros m\u00e1s fieles. Nuestra pensi\u00f3n para animales est\u00e1 situada en un entorno natural tranquilo, rodeado de naturaleza, muy cerca de Torrevieja, Alicante y Murcia, en plena Costa Blanca. Ofrecemos un espacio seguro, amplio y c\u00f3modo para que perros disfruten mientras t\u00fa te relajas o participas en [&hellip;]\" \/>\n<meta property=\"og:url\" content=\"https:\/\/lorufete.com\/en\/pension-de-animales\/\" \/>\n<meta property=\"og:site_name\" content=\"Lorufete.com\" \/>\n<meta property=\"article:modified_time\" content=\"2025-04-01T20:40:06+00:00\" \/>\n<meta property=\"og:image\" content=\"https:\/\/lorufete.com\/wp-content\/uploads\/2024\/09\/pension-animales-03-1.jpg\" \/>\n<meta name=\"twitter:card\" content=\"summary_large_image\" \/>\n<meta name=\"twitter:label1\" content=\"Est. reading time\" \/>\n\t<meta name=\"twitter:data1\" content=\"3 minutes\" \/>\n<script type=\"application\/ld+json\" class=\"yoast-schema-graph\">{\"@context\":\"https:\/\/schema.org\",\"@graph\":[{\"@type\":\"WebPage\",\"@id\":\"https:\/\/lorufete.com\/pension-de-animales\/\",\"url\":\"https:\/\/lorufete.com\/pension-de-animales\/\",\"name\":\"Pension de animales - Lorufete.com\",\"isPartOf\":{\"@id\":\"https:\/\/lorufete.com\/#website\"},\"primaryImageOfPage\":{\"@id\":\"https:\/\/lorufete.com\/pension-de-animales\/#primaryimage\"},\"image\":{\"@id\":\"https:\/\/lorufete.com\/pension-de-animales\/#primaryimage\"},\"thumbnailUrl\":\"https:\/\/lorufete.com\/wp-content\/uploads\/2024\/09\/pension-animales-03-1.jpg\",\"datePublished\":\"2024-09-24T11:22:55+00:00\",\"dateModified\":\"2025-04-01T20:40:06+00:00\",\"breadcrumb\":{\"@id\":\"https:\/\/lorufete.com\/pension-de-animales\/#breadcrumb\"},\"inLanguage\":\"en-US\",\"potentialAction\":[{\"@type\":\"ReadAction\",\"target\":[\"https:\/\/lorufete.com\/pension-de-animales\/\"]}]},{\"@type\":\"ImageObject\",\"inLanguage\":\"en-US\",\"@id\":\"https:\/\/lorufete.com\/pension-de-animales\/#primaryimage\",\"url\":\"https:\/\/lorufete.com\/wp-content\/uploads\/2024\/09\/pension-animales-03-1.jpg\",\"contentUrl\":\"https:\/\/lorufete.com\/wp-content\/uploads\/2024\/09\/pension-animales-03-1.jpg\"},{\"@type\":\"BreadcrumbList\",\"@id\":\"https:\/\/lorufete.com\/pension-de-animales\/#breadcrumb\",\"itemListElement\":[{\"@type\":\"ListItem\",\"position\":1,\"name\":\"Portada\",\"item\":\"https:\/\/lorufete.com\/\"},{\"@type\":\"ListItem\",\"position\":2,\"name\":\"Pension de animales\"}]},{\"@type\":\"WebSite\",\"@id\":\"https:\/\/lorufete.com\/#website\",\"url\":\"https:\/\/lorufete.com\/\",\"name\":\"LoRufete\",\"description\":\"Parque Multi Aventura en Alicante\",\"alternateName\":\"LoRufete\",\"potentialAction\":[{\"@type\":\"SearchAction\",\"target\":{\"@type\":\"EntryPoint\",\"urlTemplate\":\"https:\/\/lorufete.com\/?s={search_term_string}\"},\"query-input\":{\"@type\":\"PropertyValueSpecification\",\"valueRequired\":true,\"valueName\":\"search_term_string\"}}],\"inLanguage\":\"en-US\"}]}<\/script>\n<!-- \/ Yoast SEO plugin. -->","yoast_head_json":{"title":"Pension of animals - Lorufete.com","robots":{"index":"index","follow":"follow","max-snippet":"max-snippet:-1","max-image-preview":"max-image-preview:large","max-video-preview":"max-video-preview:-1"},"canonical":"https:\/\/lorufete.com\/en\/pension-de-animales\/","og_locale":"en_US","og_type":"article","og_title":"Pension de animales - Lorufete.com","og_description":"En Lo Rufete Multiaventura Park tambi\u00e9n pensamos en tus compa\u00f1eros m\u00e1s fieles. Nuestra pensi\u00f3n para animales est\u00e1 situada en un entorno natural tranquilo, rodeado de naturaleza, muy cerca de Torrevieja, Alicante y Murcia, en plena Costa Blanca. Ofrecemos un espacio seguro, amplio y c\u00f3modo para que perros disfruten mientras t\u00fa te relajas o participas en [&hellip;]","og_url":"https:\/\/lorufete.com\/en\/pension-de-animales\/","og_site_name":"Lorufete.com","article_modified_time":"2025-04-01T20:40:06+00:00","og_image":[{"url":"https:\/\/lorufete.com\/wp-content\/uploads\/2024\/09\/pension-animales-03-1.jpg","type":"","width":"","height":""}],"twitter_card":"summary_large_image","twitter_misc":{"Est. reading time":"3 minutes"},"schema":{"@context":"https:\/\/schema.org","@graph":[{"@type":"WebPage","@id":"https:\/\/lorufete.com\/pension-de-animales\/","url":"https:\/\/lorufete.com\/pension-de-animales\/","name":"Pension of animals - Lorufete.com","isPartOf":{"@id":"https:\/\/lorufete.com\/#website"},"primaryImageOfPage":{"@id":"https:\/\/lorufete.com\/pension-de-animales\/#primaryimage"},"image":{"@id":"https:\/\/lorufete.com\/pension-de-animales\/#primaryimage"},"thumbnailUrl":"https:\/\/lorufete.com\/wp-content\/uploads\/2024\/09\/pension-animales-03-1.jpg","datePublished":"2024-09-24T11:22:55+00:00","dateModified":"2025-04-01T20:40:06+00:00","breadcrumb":{"@id":"https:\/\/lorufete.com\/pension-de-animales\/#breadcrumb"},"inLanguage":"en-US","potentialAction":[{"@type":"ReadAction","target":["https:\/\/lorufete.com\/pension-de-animales\/"]}]},{"@type":"ImageObject","inLanguage":"en-US","@id":"https:\/\/lorufete.com\/pension-de-animales\/#primaryimage","url":"https:\/\/lorufete.com\/wp-content\/uploads\/2024\/09\/pension-animales-03-1.jpg","contentUrl":"https:\/\/lorufete.com\/wp-content\/uploads\/2024\/09\/pension-animales-03-1.jpg"},{"@type":"BreadcrumbList","@id":"https:\/\/lorufete.com\/pension-de-animales\/#breadcrumb","itemListElement":[{"@type":"ListItem","position":1,"name":"Portada","item":"https:\/\/lorufete.com\/"},{"@type":"ListItem","position":2,"name":"Pension de animales"}]},{"@type":"WebSite","@id":"https:\/\/lorufete.com\/#website","url":"https:\/\/lorufete.com\/","name":"LoRufete","description":"Park Multi Adventure in Alicante","alternateName":"LoRufete","potentialAction":[{"@type":"SearchAction","target":{"@type":"EntryPoint","urlTemplate":"https:\/\/lorufete.com\/?s={search_term_string}"},"query-input":{"@type":"PropertyValueSpecification","valueRequired":true,"valueName":"search_term_string"}}],"inLanguage":"en-US"}]}},"_links":{"self":[{"href":"https:\/\/lorufete.com\/en\/wp-json\/wp\/v2\/pages\/100799","targetHints":{"allow":["GET"]}}],"collection":[{"href":"https:\/\/lorufete.com\/en\/wp-json\/wp\/v2\/pages"}],"about":[{"href":"https:\/\/lorufete.com\/en\/wp-json\/wp\/v2\/types\/page"}],"author":[{"embeddable":true,"href":"https:\/\/lorufete.com\/en\/wp-json\/wp\/v2\/users\/1"}],"replies":[{"embeddable":true,"href":"https:\/\/lorufete.com\/en\/wp-json\/wp\/v2\/comments?post=100799"}],"version-history":[{"count":16,"href":"https:\/\/lorufete.com\/en\/wp-json\/wp\/v2\/pages\/100799\/revisions"}],"predecessor-version":[{"id":103138,"href":"https:\/\/lorufete.com\/en\/wp-json\/wp\/v2\/pages\/100799\/revisions\/103138"}],"wp:attachment":[{"href":"https:\/\/lorufete.com\/en\/wp-json\/wp\/v2\/media?parent=100799"}],"wp:term":[{"taxonomy":"tipo_actividad","embeddable":true,"href":"https:\/\/lorufete.com\/en\/wp-json\/wp\/v2\/tipo_actividad?post=100799"}],"curies":[{"name":"wp","href":"https:\/\/api.w.org\/{rel}","templated":true}]}}