{"id":100344,"date":"2024-09-21T09:29:41","date_gmt":"2024-09-21T07:29:41","guid":{"rendered":"https:\/\/lorufete.com\/?post_type=product&#038;p=100344"},"modified":"2025-01-21T07:36:44","modified_gmt":"2025-01-21T06:36:44","slug":"pack-6","status":"publish","type":"product","link":"https:\/\/lorufete.com\/en\/product\/pack-6\/","title":{"rendered":"TOP PACK The Ultimate Experience"},"content":{"rendered":"","protected":false},"excerpt":{"rendered":"<p style=\"text-align: center;\">To drive the quad, it is necessary to driving car.<\/p>\n<h4><img fetchpriority=\"high\" decoding=\"async\" class=\"alignnone wp-image-101192 aligncenter\" src=\"https:\/\/lorufete.com\/wp-content\/uploads\/2024\/09\/Top-pack-567x540.jpg\" alt=\"Top pack\" width=\"319\" height=\"304\" srcset=\"https:\/\/lorufete.com\/wp-content\/uploads\/2024\/09\/Top-pack-567x540.jpg 567w, https:\/\/lorufete.com\/wp-content\/uploads\/2024\/09\/Top-pack-12x12.jpg 12w\" sizes=\"(max-width: 319px) 100vw, 319px\" \/><\/h4>\n<p style=\"text-align: center;\">The pack of the most complete for the lovers of adventure. Explore the surroundings of the lake, The Quarry during a tour of an hour in the quad of a square, guided by experts.<\/p>\n<p style=\"text-align: center;\">Feel the adrenaline with 2 releases in our line of 150 meters and sharpen your aim with a half-hour session of archery.<\/p>\n<p style=\"text-align: center;\">Ending the day relaxing with a game of mini golf on our 18-hole golf course.<\/p>\n<p style=\"text-align: center;\"><strong>Total length:<\/strong>\u00a0Approximately 4 hours.<\/p>","protected":false},"featured_media":101192,"template":"","meta":{"_acf_changed":false,"_joinchat":[]},"product_brand":[],"product_cat":[15],"product_tag":[],"class_list":{"0":"post-100344","1":"product","2":"type-product","3":"status-publish","4":"has-post-thumbnail","6":"product_cat-uncategorized","8":"first","9":"instock","10":"virtual","11":"sold-individually","12":"purchasable","13":"product-type-booking"},"booking_location":"","booking_location_type":"","booking_duration":1,"booking_duration_unit":"hour","booking_buffer":0,"booking_cost":84,"booking_resources":[],"exclude_global_add_ons":[],"addons":[],"acf":[],"yoast_head":"<!-- This site is optimized with the Yoast SEO plugin v27.1.1 - https:\/\/yoast.com\/product\/yoast-seo-wordpress\/ -->\n<title>TOP PACK La Experiencia Definitiva - Lorufete.com<\/title>\n<meta name=\"robots\" content=\"noindex, follow\" \/>\n<meta property=\"og:locale\" content=\"en_US\" \/>\n<meta property=\"og:type\" content=\"article\" \/>\n<meta property=\"og:title\" content=\"TOP PACK La Experiencia Definitiva - Lorufete.com\" \/>\n<meta property=\"og:description\" content=\"Para conducir el quad, es necesario carnet de coche.   El pack m\u00e1s completo para los amantes de la aventura. Explora los alrededores del lago La Pedrera durante una excursi\u00f3n de una hora en quad de una plaza, guiada por expertos. Siente la adrenalina con 2 lanzamientos en nuestra tirolina de 150 metros y afina tu punter\u00eda con una sesi\u00f3n de media hora de tiro con arco. Finaliza el d\u00eda relaj\u00e1ndote con una partida de minigolf en nuestro campo de 18 hoyos. Duraci\u00f3n total:\u00a0Aproximadamente 4 horas.\" \/>\n<meta property=\"og:url\" content=\"https:\/\/lorufete.com\/en\/product\/pack-6\/\" \/>\n<meta property=\"og:site_name\" content=\"Lorufete.com\" \/>\n<meta property=\"article:modified_time\" content=\"2025-01-21T06:36:44+00:00\" \/>\n<meta property=\"og:image\" content=\"https:\/\/lorufete.com\/wp-content\/uploads\/2024\/09\/Top-pack.jpg\" \/>\n\t<meta property=\"og:image:width\" content=\"567\" \/>\n\t<meta property=\"og:image:height\" content=\"567\" \/>\n\t<meta property=\"og:image:type\" content=\"image\/jpeg\" \/>\n<meta name=\"twitter:card\" content=\"summary_large_image\" \/>\n<meta name=\"twitter:label1\" content=\"Est. reading time\" \/>\n\t<meta name=\"twitter:data1\" content=\"1 minute\" \/>\n<script type=\"application\/ld+json\" class=\"yoast-schema-graph\">{\"@context\":\"https:\/\/schema.org\",\"@graph\":[{\"@type\":\"WebPage\",\"@id\":\"https:\/\/lorufete.com\/producto\/pack-6\/\",\"url\":\"https:\/\/lorufete.com\/producto\/pack-6\/\",\"name\":\"TOP PACK La Experiencia Definitiva - Lorufete.com\",\"isPartOf\":{\"@id\":\"https:\/\/lorufete.com\/#website\"},\"primaryImageOfPage\":{\"@id\":\"https:\/\/lorufete.com\/producto\/pack-6\/#primaryimage\"},\"image\":{\"@id\":\"https:\/\/lorufete.com\/producto\/pack-6\/#primaryimage\"},\"thumbnailUrl\":\"https:\/\/lorufete.com\/wp-content\/uploads\/2024\/09\/Top-pack.jpg\",\"datePublished\":\"2024-09-21T07:29:41+00:00\",\"dateModified\":\"2025-01-21T06:36:44+00:00\",\"breadcrumb\":{\"@id\":\"https:\/\/lorufete.com\/producto\/pack-6\/#breadcrumb\"},\"inLanguage\":\"en-US\",\"potentialAction\":[{\"@type\":\"ReadAction\",\"target\":[\"https:\/\/lorufete.com\/producto\/pack-6\/\"]}]},{\"@type\":\"ImageObject\",\"inLanguage\":\"en-US\",\"@id\":\"https:\/\/lorufete.com\/producto\/pack-6\/#primaryimage\",\"url\":\"https:\/\/lorufete.com\/wp-content\/uploads\/2024\/09\/Top-pack.jpg\",\"contentUrl\":\"https:\/\/lorufete.com\/wp-content\/uploads\/2024\/09\/Top-pack.jpg\",\"width\":567,\"height\":567,\"caption\":\"Top pack\"},{\"@type\":\"BreadcrumbList\",\"@id\":\"https:\/\/lorufete.com\/producto\/pack-6\/#breadcrumb\",\"itemListElement\":[{\"@type\":\"ListItem\",\"position\":1,\"name\":\"Portada\",\"item\":\"https:\/\/lorufete.com\/\"},{\"@type\":\"ListItem\",\"position\":2,\"name\":\"Productos\",\"item\":\"https:\/\/lorufete.com\/shop__trashed\/\"},{\"@type\":\"ListItem\",\"position\":3,\"name\":\"TOP PACK La Experiencia Definitiva\"}]},{\"@type\":\"WebSite\",\"@id\":\"https:\/\/lorufete.com\/#website\",\"url\":\"https:\/\/lorufete.com\/\",\"name\":\"LoRufete\",\"description\":\"Parque Multi Aventura en Alicante\",\"alternateName\":\"LoRufete\",\"potentialAction\":[{\"@type\":\"SearchAction\",\"target\":{\"@type\":\"EntryPoint\",\"urlTemplate\":\"https:\/\/lorufete.com\/?s={search_term_string}\"},\"query-input\":{\"@type\":\"PropertyValueSpecification\",\"valueRequired\":true,\"valueName\":\"search_term_string\"}}],\"inLanguage\":\"en-US\"}]}<\/script>\n<!-- \/ Yoast SEO plugin. -->","yoast_head_json":{"title":"TOP PACK The Ultimate Experience - Lorufete.com","robots":{"index":"noindex","follow":"follow"},"og_locale":"en_US","og_type":"article","og_title":"TOP PACK La Experiencia Definitiva - Lorufete.com","og_description":"Para conducir el quad, es necesario carnet de coche.   El pack m\u00e1s completo para los amantes de la aventura. Explora los alrededores del lago La Pedrera durante una excursi\u00f3n de una hora en quad de una plaza, guiada por expertos. Siente la adrenalina con 2 lanzamientos en nuestra tirolina de 150 metros y afina tu punter\u00eda con una sesi\u00f3n de media hora de tiro con arco. Finaliza el d\u00eda relaj\u00e1ndote con una partida de minigolf en nuestro campo de 18 hoyos. Duraci\u00f3n total:\u00a0Aproximadamente 4 horas.","og_url":"https:\/\/lorufete.com\/en\/product\/pack-6\/","og_site_name":"Lorufete.com","article_modified_time":"2025-01-21T06:36:44+00:00","og_image":[{"width":567,"height":567,"url":"https:\/\/lorufete.com\/wp-content\/uploads\/2024\/09\/Top-pack.jpg","type":"image\/jpeg"}],"twitter_card":"summary_large_image","twitter_misc":{"Est. reading time":"1 minute"},"schema":{"@context":"https:\/\/schema.org","@graph":[{"@type":"WebPage","@id":"https:\/\/lorufete.com\/producto\/pack-6\/","url":"https:\/\/lorufete.com\/producto\/pack-6\/","name":"TOP PACK The Ultimate Experience - Lorufete.com","isPartOf":{"@id":"https:\/\/lorufete.com\/#website"},"primaryImageOfPage":{"@id":"https:\/\/lorufete.com\/producto\/pack-6\/#primaryimage"},"image":{"@id":"https:\/\/lorufete.com\/producto\/pack-6\/#primaryimage"},"thumbnailUrl":"https:\/\/lorufete.com\/wp-content\/uploads\/2024\/09\/Top-pack.jpg","datePublished":"2024-09-21T07:29:41+00:00","dateModified":"2025-01-21T06:36:44+00:00","breadcrumb":{"@id":"https:\/\/lorufete.com\/producto\/pack-6\/#breadcrumb"},"inLanguage":"en-US","potentialAction":[{"@type":"ReadAction","target":["https:\/\/lorufete.com\/producto\/pack-6\/"]}]},{"@type":"ImageObject","inLanguage":"en-US","@id":"https:\/\/lorufete.com\/producto\/pack-6\/#primaryimage","url":"https:\/\/lorufete.com\/wp-content\/uploads\/2024\/09\/Top-pack.jpg","contentUrl":"https:\/\/lorufete.com\/wp-content\/uploads\/2024\/09\/Top-pack.jpg","width":567,"height":567,"caption":"Top pack"},{"@type":"BreadcrumbList","@id":"https:\/\/lorufete.com\/producto\/pack-6\/#breadcrumb","itemListElement":[{"@type":"ListItem","position":1,"name":"Portada","item":"https:\/\/lorufete.com\/"},{"@type":"ListItem","position":2,"name":"Productos","item":"https:\/\/lorufete.com\/shop__trashed\/"},{"@type":"ListItem","position":3,"name":"TOP PACK La Experiencia Definitiva"}]},{"@type":"WebSite","@id":"https:\/\/lorufete.com\/#website","url":"https:\/\/lorufete.com\/","name":"LoRufete","description":"Park Multi Adventure in Alicante","alternateName":"LoRufete","potentialAction":[{"@type":"SearchAction","target":{"@type":"EntryPoint","urlTemplate":"https:\/\/lorufete.com\/?s={search_term_string}"},"query-input":{"@type":"PropertyValueSpecification","valueRequired":true,"valueName":"search_term_string"}}],"inLanguage":"en-US"}]}},"_links":{"self":[{"href":"https:\/\/lorufete.com\/en\/wp-json\/wp\/v2\/product\/100344","targetHints":{"allow":["GET"]}}],"collection":[{"href":"https:\/\/lorufete.com\/en\/wp-json\/wp\/v2\/product"}],"about":[{"href":"https:\/\/lorufete.com\/en\/wp-json\/wp\/v2\/types\/product"}],"version-history":[{"count":0,"href":"https:\/\/lorufete.com\/en\/wp-json\/wp\/v2\/product\/100344\/revisions"}],"wp:featuredmedia":[{"embeddable":true,"href":"https:\/\/lorufete.com\/en\/wp-json\/wp\/v2\/media\/101192"}],"wp:attachment":[{"href":"https:\/\/lorufete.com\/en\/wp-json\/wp\/v2\/media?parent=100344"}],"wp:term":[{"taxonomy":"product_brand","embeddable":true,"href":"https:\/\/lorufete.com\/en\/wp-json\/wp\/v2\/product_brand?post=100344"},{"taxonomy":"product_cat","embeddable":true,"href":"https:\/\/lorufete.com\/en\/wp-json\/wp\/v2\/product_cat?post=100344"},{"taxonomy":"product_tag","embeddable":true,"href":"https:\/\/lorufete.com\/en\/wp-json\/wp\/v2\/product_tag?post=100344"}],"curies":[{"name":"wp","href":"https:\/\/api.w.org\/{rel}","templated":true}]}}