{"id":100347,"date":"2024-09-21T09:42:42","date_gmt":"2024-09-21T07:42:42","guid":{"rendered":"https:\/\/lorufete.com\/?post_type=product&#038;p=100347"},"modified":"2025-01-21T07:26:48","modified_gmt":"2025-01-21T06:26:48","slug":"pack-3","status":"publish","type":"product","link":"https:\/\/lorufete.com\/en\/product\/pack-3\/","title":{"rendered":"Pack 3 Adrenaline and Precision"},"content":{"rendered":"","protected":false},"excerpt":{"rendered":"<p style=\"text-align: center;\"><strong>Minimum age 8 years for the quad.<\/strong><\/p>\n<h4><img fetchpriority=\"high\" decoding=\"async\" class=\"alignnone size-full wp-image-100176 aligncenter\" src=\"https:\/\/lorufete.com\/wp-content\/uploads\/2024\/09\/Pack-4-1.jpg\" alt=\"Pack-4\" width=\"300\" height=\"300\" srcset=\"https:\/\/lorufete.com\/wp-content\/uploads\/2024\/09\/Pack-4-1.jpg 300w, https:\/\/lorufete.com\/wp-content\/uploads\/2024\/09\/Pack-4-1-175x175.jpg 175w, https:\/\/lorufete.com\/wp-content\/uploads\/2024\/09\/Pack-4-1-180x180.jpg 180w\" sizes=\"(max-width: 300px) 100vw, 300px\" \/><\/h4>\n<p style=\"text-align: center;\">A pack ideal for those who seek action. Begins with 16 minutes riding a quad bike in our circuit of earth.<\/p>\n<p style=\"text-align: center;\">Then, take on the challenge of target shooting with 100 paintballs in our field equipped.<\/p>\n<p style=\"text-align: center;\">The adrenaline goes up with 2 releases per our zip line and the day ends with a fun game of mini golf on our circuit of 18 holes.<\/p>\n<p style=\"text-align: center;\"><strong>Total length:<\/strong>\u00a0Approximately 2 hours.<\/p>","protected":false},"featured_media":100176,"template":"","meta":{"_acf_changed":false,"_joinchat":[]},"product_brand":[],"product_cat":[15],"product_tag":[],"class_list":{"0":"post-100347","1":"product","2":"type-product","3":"status-publish","4":"has-post-thumbnail","6":"product_cat-uncategorized","8":"first","9":"instock","10":"virtual","11":"sold-individually","12":"purchasable","13":"product-type-booking"},"booking_location":"","booking_location_type":"","booking_duration":1,"booking_duration_unit":"hour","booking_buffer":0,"booking_cost":47,"booking_resources":[],"exclude_global_add_ons":[],"addons":[],"acf":[],"yoast_head":"<!-- This site is optimized with the Yoast SEO plugin v27.1.1 - https:\/\/yoast.com\/product\/yoast-seo-wordpress\/ -->\n<title>Pack 3 Adrenalina y Precisi\u00f3n - Lorufete.com<\/title>\n<meta name=\"robots\" content=\"noindex, follow\" \/>\n<meta property=\"og:locale\" content=\"en_US\" \/>\n<meta property=\"og:type\" content=\"article\" \/>\n<meta property=\"og:title\" content=\"Pack 3 Adrenalina y Precisi\u00f3n - Lorufete.com\" \/>\n<meta property=\"og:description\" content=\"Edad m\u00ednima 8 a\u00f1os para el quad.   Un pack ideal para quienes buscan acci\u00f3n. Comienza con 16 minutos pilotando un quad en nuestro circuito de tierra. Luego, enfr\u00e9ntate al desaf\u00edo del tiro al blanco con 100 bolas de paintball en nuestro campo equipado. La adrenalina sube con 2 lanzamientos por nuestra tirolina y el d\u00eda termina con una divertida partida de minigolf en nuestro circuito de 18 hoyos. Duraci\u00f3n total:\u00a0Aproximadamente 2 horas.\" \/>\n<meta property=\"og:url\" content=\"https:\/\/lorufete.com\/en\/product\/pack-3\/\" \/>\n<meta property=\"og:site_name\" content=\"Lorufete.com\" \/>\n<meta property=\"article:modified_time\" content=\"2025-01-21T06:26:48+00:00\" \/>\n<meta property=\"og:image\" content=\"https:\/\/lorufete.com\/wp-content\/uploads\/2024\/09\/Pack-4-1.jpg\" \/>\n\t<meta property=\"og:image:width\" content=\"300\" \/>\n\t<meta property=\"og:image:height\" content=\"300\" \/>\n\t<meta property=\"og:image:type\" content=\"image\/jpeg\" \/>\n<meta name=\"twitter:card\" content=\"summary_large_image\" \/>\n<meta name=\"twitter:label1\" content=\"Est. reading time\" \/>\n\t<meta name=\"twitter:data1\" content=\"1 minute\" \/>\n<script type=\"application\/ld+json\" class=\"yoast-schema-graph\">{\"@context\":\"https:\/\/schema.org\",\"@graph\":[{\"@type\":\"WebPage\",\"@id\":\"https:\/\/lorufete.com\/producto\/pack-3\/\",\"url\":\"https:\/\/lorufete.com\/producto\/pack-3\/\",\"name\":\"Pack 3 Adrenalina y Precisi\u00f3n - Lorufete.com\",\"isPartOf\":{\"@id\":\"https:\/\/lorufete.com\/#website\"},\"primaryImageOfPage\":{\"@id\":\"https:\/\/lorufete.com\/producto\/pack-3\/#primaryimage\"},\"image\":{\"@id\":\"https:\/\/lorufete.com\/producto\/pack-3\/#primaryimage\"},\"thumbnailUrl\":\"https:\/\/lorufete.com\/wp-content\/uploads\/2024\/09\/Pack-4-1.jpg\",\"datePublished\":\"2024-09-21T07:42:42+00:00\",\"dateModified\":\"2025-01-21T06:26:48+00:00\",\"breadcrumb\":{\"@id\":\"https:\/\/lorufete.com\/producto\/pack-3\/#breadcrumb\"},\"inLanguage\":\"en-US\",\"potentialAction\":[{\"@type\":\"ReadAction\",\"target\":[\"https:\/\/lorufete.com\/producto\/pack-3\/\"]}]},{\"@type\":\"ImageObject\",\"inLanguage\":\"en-US\",\"@id\":\"https:\/\/lorufete.com\/producto\/pack-3\/#primaryimage\",\"url\":\"https:\/\/lorufete.com\/wp-content\/uploads\/2024\/09\/Pack-4-1.jpg\",\"contentUrl\":\"https:\/\/lorufete.com\/wp-content\/uploads\/2024\/09\/Pack-4-1.jpg\",\"width\":300,\"height\":300,\"caption\":\"Pack-4\"},{\"@type\":\"BreadcrumbList\",\"@id\":\"https:\/\/lorufete.com\/producto\/pack-3\/#breadcrumb\",\"itemListElement\":[{\"@type\":\"ListItem\",\"position\":1,\"name\":\"Portada\",\"item\":\"https:\/\/lorufete.com\/\"},{\"@type\":\"ListItem\",\"position\":2,\"name\":\"Productos\",\"item\":\"https:\/\/lorufete.com\/shop__trashed\/\"},{\"@type\":\"ListItem\",\"position\":3,\"name\":\"Pack 3 Adrenalina y Precisi\u00f3n\"}]},{\"@type\":\"WebSite\",\"@id\":\"https:\/\/lorufete.com\/#website\",\"url\":\"https:\/\/lorufete.com\/\",\"name\":\"LoRufete\",\"description\":\"Parque Multi Aventura en Alicante\",\"alternateName\":\"LoRufete\",\"potentialAction\":[{\"@type\":\"SearchAction\",\"target\":{\"@type\":\"EntryPoint\",\"urlTemplate\":\"https:\/\/lorufete.com\/?s={search_term_string}\"},\"query-input\":{\"@type\":\"PropertyValueSpecification\",\"valueRequired\":true,\"valueName\":\"search_term_string\"}}],\"inLanguage\":\"en-US\"}]}<\/script>\n<!-- \/ Yoast SEO plugin. -->","yoast_head_json":{"title":"Pack 3 Adrenaline and Precision - Lorufete.com","robots":{"index":"noindex","follow":"follow"},"og_locale":"en_US","og_type":"article","og_title":"Pack 3 Adrenalina y Precisi\u00f3n - Lorufete.com","og_description":"Edad m\u00ednima 8 a\u00f1os para el quad.   Un pack ideal para quienes buscan acci\u00f3n. Comienza con 16 minutos pilotando un quad en nuestro circuito de tierra. Luego, enfr\u00e9ntate al desaf\u00edo del tiro al blanco con 100 bolas de paintball en nuestro campo equipado. La adrenalina sube con 2 lanzamientos por nuestra tirolina y el d\u00eda termina con una divertida partida de minigolf en nuestro circuito de 18 hoyos. Duraci\u00f3n total:\u00a0Aproximadamente 2 horas.","og_url":"https:\/\/lorufete.com\/en\/product\/pack-3\/","og_site_name":"Lorufete.com","article_modified_time":"2025-01-21T06:26:48+00:00","og_image":[{"width":300,"height":300,"url":"https:\/\/lorufete.com\/wp-content\/uploads\/2024\/09\/Pack-4-1.jpg","type":"image\/jpeg"}],"twitter_card":"summary_large_image","twitter_misc":{"Est. reading time":"1 minute"},"schema":{"@context":"https:\/\/schema.org","@graph":[{"@type":"WebPage","@id":"https:\/\/lorufete.com\/producto\/pack-3\/","url":"https:\/\/lorufete.com\/producto\/pack-3\/","name":"Pack 3 Adrenaline and Precision - Lorufete.com","isPartOf":{"@id":"https:\/\/lorufete.com\/#website"},"primaryImageOfPage":{"@id":"https:\/\/lorufete.com\/producto\/pack-3\/#primaryimage"},"image":{"@id":"https:\/\/lorufete.com\/producto\/pack-3\/#primaryimage"},"thumbnailUrl":"https:\/\/lorufete.com\/wp-content\/uploads\/2024\/09\/Pack-4-1.jpg","datePublished":"2024-09-21T07:42:42+00:00","dateModified":"2025-01-21T06:26:48+00:00","breadcrumb":{"@id":"https:\/\/lorufete.com\/producto\/pack-3\/#breadcrumb"},"inLanguage":"en-US","potentialAction":[{"@type":"ReadAction","target":["https:\/\/lorufete.com\/producto\/pack-3\/"]}]},{"@type":"ImageObject","inLanguage":"en-US","@id":"https:\/\/lorufete.com\/producto\/pack-3\/#primaryimage","url":"https:\/\/lorufete.com\/wp-content\/uploads\/2024\/09\/Pack-4-1.jpg","contentUrl":"https:\/\/lorufete.com\/wp-content\/uploads\/2024\/09\/Pack-4-1.jpg","width":300,"height":300,"caption":"Pack-4"},{"@type":"BreadcrumbList","@id":"https:\/\/lorufete.com\/producto\/pack-3\/#breadcrumb","itemListElement":[{"@type":"ListItem","position":1,"name":"Portada","item":"https:\/\/lorufete.com\/"},{"@type":"ListItem","position":2,"name":"Productos","item":"https:\/\/lorufete.com\/shop__trashed\/"},{"@type":"ListItem","position":3,"name":"Pack 3 Adrenalina y Precisi\u00f3n"}]},{"@type":"WebSite","@id":"https:\/\/lorufete.com\/#website","url":"https:\/\/lorufete.com\/","name":"LoRufete","description":"Park Multi Adventure in Alicante","alternateName":"LoRufete","potentialAction":[{"@type":"SearchAction","target":{"@type":"EntryPoint","urlTemplate":"https:\/\/lorufete.com\/?s={search_term_string}"},"query-input":{"@type":"PropertyValueSpecification","valueRequired":true,"valueName":"search_term_string"}}],"inLanguage":"en-US"}]}},"_links":{"self":[{"href":"https:\/\/lorufete.com\/en\/wp-json\/wp\/v2\/product\/100347","targetHints":{"allow":["GET"]}}],"collection":[{"href":"https:\/\/lorufete.com\/en\/wp-json\/wp\/v2\/product"}],"about":[{"href":"https:\/\/lorufete.com\/en\/wp-json\/wp\/v2\/types\/product"}],"version-history":[{"count":1,"href":"https:\/\/lorufete.com\/en\/wp-json\/wp\/v2\/product\/100347\/revisions"}],"predecessor-version":[{"id":101928,"href":"https:\/\/lorufete.com\/en\/wp-json\/wp\/v2\/product\/100347\/revisions\/101928"}],"wp:featuredmedia":[{"embeddable":true,"href":"https:\/\/lorufete.com\/en\/wp-json\/wp\/v2\/media\/100176"}],"wp:attachment":[{"href":"https:\/\/lorufete.com\/en\/wp-json\/wp\/v2\/media?parent=100347"}],"wp:term":[{"taxonomy":"product_brand","embeddable":true,"href":"https:\/\/lorufete.com\/en\/wp-json\/wp\/v2\/product_brand?post=100347"},{"taxonomy":"product_cat","embeddable":true,"href":"https:\/\/lorufete.com\/en\/wp-json\/wp\/v2\/product_cat?post=100347"},{"taxonomy":"product_tag","embeddable":true,"href":"https:\/\/lorufete.com\/en\/wp-json\/wp\/v2\/product_tag?post=100347"}],"curies":[{"name":"wp","href":"https:\/\/api.w.org\/{rel}","templated":true}]}}