{"id":100348,"date":"2024-09-21T09:45:23","date_gmt":"2024-09-21T07:45:23","guid":{"rendered":"https:\/\/lorufete.com\/?post_type=product&#038;p=100348"},"modified":"2025-07-01T06:47:17","modified_gmt":"2025-07-01T04:47:17","slug":"pack-2","status":"publish","type":"product","link":"https:\/\/lorufete.com\/en\/product\/pack-2\/","title":{"rendered":"Pack 2 Adventure in the Nature with Horses"},"content":{"rendered":"","protected":false},"excerpt":{"rendered":"<p style=\"text-align: center;\"><strong>Maximum weight 90 kg, and minimum age of 6 years for the ride.<\/strong><\/p>\n<p><img fetchpriority=\"high\" decoding=\"async\" class=\"alignnone size-full wp-image-100175 aligncenter\" src=\"https:\/\/lorufete.com\/wp-content\/uploads\/2024\/09\/Pack-3-1.jpg\" alt=\"Pack-3\" width=\"300\" height=\"300\" srcset=\"https:\/\/lorufete.com\/wp-content\/uploads\/2024\/09\/Pack-3-1.jpg 300w, https:\/\/lorufete.com\/wp-content\/uploads\/2024\/09\/Pack-3-1-175x175.jpg 175w, https:\/\/lorufete.com\/wp-content\/uploads\/2024\/09\/Pack-3-1-180x180.jpg 180w\" sizes=\"(max-width: 300px) 100vw, 300px\" \/><\/p>\n<p style=\"text-align: center;\">Exploring the natural landscape on horseback during a relaxing half hour walk, enjoying breathtaking views of the lake and La Pedrera.<\/p>\n<p style=\"text-align: center;\">Continues the fun by riding a quad bike in our ground circuit for 16 minutes (from 8 years), then hit two times by our zip line 150 meters, and ends with a round at the 18-hole miniature golf.<\/p>\n<p style=\"text-align: center;\"><strong>Total length:<\/strong>\u00a0Approximately 3 hours.<\/p>","protected":false},"featured_media":100175,"template":"","meta":{"_acf_changed":false,"_joinchat":[]},"product_brand":[],"product_cat":[15],"product_tag":[],"class_list":{"0":"post-100348","1":"product","2":"type-product","3":"status-publish","4":"has-post-thumbnail","6":"product_cat-uncategorized","8":"first","9":"instock","10":"virtual","11":"sold-individually","12":"purchasable","13":"product-type-booking"},"booking_location":"","booking_location_type":"","booking_duration":1,"booking_duration_unit":"hour","booking_buffer":0,"booking_cost":57,"booking_resources":[],"exclude_global_add_ons":[],"addons":[],"acf":[],"yoast_head":"<!-- This site is optimized with the Yoast SEO plugin v27.1.1 - https:\/\/yoast.com\/product\/yoast-seo-wordpress\/ -->\n<title>Pack 2 Aventura en la Naturaleza con Caballos - Lorufete.com<\/title>\n<meta name=\"robots\" content=\"noindex, follow\" \/>\n<meta property=\"og:locale\" content=\"en_US\" \/>\n<meta property=\"og:type\" content=\"article\" \/>\n<meta property=\"og:title\" content=\"Pack 2 Aventura en la Naturaleza con Caballos - Lorufete.com\" \/>\n<meta property=\"og:description\" content=\"Peso m\u00e1ximo 90 kilos y edad m\u00ednima 6 a\u00f1os para el paseo a caballo.  Explora el paisaje natural montado a caballo durante un relajante paseo de media hora, disfrutando de vistas impresionantes del lago La Pedrera. Contin\u00faa la diversi\u00f3n pilotando un quad en nuestro circuito de tierra durante 16 minutos (a partir de 8 a\u00f1os), luego l\u00e1nzate dos veces por nuestra tirolina de 150 metros, y finaliza con una partida en el minigolf de 18 hoyos. Duraci\u00f3n total:\u00a0Aproximadamente 3 horas.\" \/>\n<meta property=\"og:url\" content=\"https:\/\/lorufete.com\/en\/product\/pack-2\/\" \/>\n<meta property=\"og:site_name\" content=\"Lorufete.com\" \/>\n<meta property=\"article:modified_time\" content=\"2025-07-01T04:47:17+00:00\" \/>\n<meta property=\"og:image\" content=\"https:\/\/lorufete.com\/wp-content\/uploads\/2024\/09\/Pack-3-1.jpg\" \/>\n\t<meta property=\"og:image:width\" content=\"300\" \/>\n\t<meta property=\"og:image:height\" content=\"300\" \/>\n\t<meta property=\"og:image:type\" content=\"image\/jpeg\" \/>\n<meta name=\"twitter:card\" content=\"summary_large_image\" \/>\n<meta name=\"twitter:label1\" content=\"Est. reading time\" \/>\n\t<meta name=\"twitter:data1\" content=\"1 minute\" \/>\n<script type=\"application\/ld+json\" class=\"yoast-schema-graph\">{\"@context\":\"https:\/\/schema.org\",\"@graph\":[{\"@type\":\"WebPage\",\"@id\":\"https:\/\/lorufete.com\/producto\/pack-2\/\",\"url\":\"https:\/\/lorufete.com\/producto\/pack-2\/\",\"name\":\"Pack 2 Aventura en la Naturaleza con Caballos - Lorufete.com\",\"isPartOf\":{\"@id\":\"https:\/\/lorufete.com\/#website\"},\"primaryImageOfPage\":{\"@id\":\"https:\/\/lorufete.com\/producto\/pack-2\/#primaryimage\"},\"image\":{\"@id\":\"https:\/\/lorufete.com\/producto\/pack-2\/#primaryimage\"},\"thumbnailUrl\":\"https:\/\/lorufete.com\/wp-content\/uploads\/2024\/09\/Pack-3-1.jpg\",\"datePublished\":\"2024-09-21T07:45:23+00:00\",\"dateModified\":\"2025-07-01T04:47:17+00:00\",\"breadcrumb\":{\"@id\":\"https:\/\/lorufete.com\/producto\/pack-2\/#breadcrumb\"},\"inLanguage\":\"en-US\",\"potentialAction\":[{\"@type\":\"ReadAction\",\"target\":[\"https:\/\/lorufete.com\/producto\/pack-2\/\"]}]},{\"@type\":\"ImageObject\",\"inLanguage\":\"en-US\",\"@id\":\"https:\/\/lorufete.com\/producto\/pack-2\/#primaryimage\",\"url\":\"https:\/\/lorufete.com\/wp-content\/uploads\/2024\/09\/Pack-3-1.jpg\",\"contentUrl\":\"https:\/\/lorufete.com\/wp-content\/uploads\/2024\/09\/Pack-3-1.jpg\",\"width\":300,\"height\":300,\"caption\":\"Pack-3\"},{\"@type\":\"BreadcrumbList\",\"@id\":\"https:\/\/lorufete.com\/producto\/pack-2\/#breadcrumb\",\"itemListElement\":[{\"@type\":\"ListItem\",\"position\":1,\"name\":\"Portada\",\"item\":\"https:\/\/lorufete.com\/\"},{\"@type\":\"ListItem\",\"position\":2,\"name\":\"Productos\",\"item\":\"https:\/\/lorufete.com\/shop__trashed\/\"},{\"@type\":\"ListItem\",\"position\":3,\"name\":\"Pack 2 Aventura en la Naturaleza con Caballos\"}]},{\"@type\":\"WebSite\",\"@id\":\"https:\/\/lorufete.com\/#website\",\"url\":\"https:\/\/lorufete.com\/\",\"name\":\"LoRufete\",\"description\":\"Parque Multi Aventura en Alicante\",\"alternateName\":\"LoRufete\",\"potentialAction\":[{\"@type\":\"SearchAction\",\"target\":{\"@type\":\"EntryPoint\",\"urlTemplate\":\"https:\/\/lorufete.com\/?s={search_term_string}\"},\"query-input\":{\"@type\":\"PropertyValueSpecification\",\"valueRequired\":true,\"valueName\":\"search_term_string\"}}],\"inLanguage\":\"en-US\"}]}<\/script>\n<!-- \/ Yoast SEO plugin. -->","yoast_head_json":{"title":"Pack 2 Adventure in the Nature with Horses - Lorufete.com","robots":{"index":"noindex","follow":"follow"},"og_locale":"en_US","og_type":"article","og_title":"Pack 2 Aventura en la Naturaleza con Caballos - Lorufete.com","og_description":"Peso m\u00e1ximo 90 kilos y edad m\u00ednima 6 a\u00f1os para el paseo a caballo.  Explora el paisaje natural montado a caballo durante un relajante paseo de media hora, disfrutando de vistas impresionantes del lago La Pedrera. Contin\u00faa la diversi\u00f3n pilotando un quad en nuestro circuito de tierra durante 16 minutos (a partir de 8 a\u00f1os), luego l\u00e1nzate dos veces por nuestra tirolina de 150 metros, y finaliza con una partida en el minigolf de 18 hoyos. Duraci\u00f3n total:\u00a0Aproximadamente 3 horas.","og_url":"https:\/\/lorufete.com\/en\/product\/pack-2\/","og_site_name":"Lorufete.com","article_modified_time":"2025-07-01T04:47:17+00:00","og_image":[{"width":300,"height":300,"url":"https:\/\/lorufete.com\/wp-content\/uploads\/2024\/09\/Pack-3-1.jpg","type":"image\/jpeg"}],"twitter_card":"summary_large_image","twitter_misc":{"Est. reading time":"1 minute"},"schema":{"@context":"https:\/\/schema.org","@graph":[{"@type":"WebPage","@id":"https:\/\/lorufete.com\/producto\/pack-2\/","url":"https:\/\/lorufete.com\/producto\/pack-2\/","name":"Pack 2 Adventure in the Nature with Horses - Lorufete.com","isPartOf":{"@id":"https:\/\/lorufete.com\/#website"},"primaryImageOfPage":{"@id":"https:\/\/lorufete.com\/producto\/pack-2\/#primaryimage"},"image":{"@id":"https:\/\/lorufete.com\/producto\/pack-2\/#primaryimage"},"thumbnailUrl":"https:\/\/lorufete.com\/wp-content\/uploads\/2024\/09\/Pack-3-1.jpg","datePublished":"2024-09-21T07:45:23+00:00","dateModified":"2025-07-01T04:47:17+00:00","breadcrumb":{"@id":"https:\/\/lorufete.com\/producto\/pack-2\/#breadcrumb"},"inLanguage":"en-US","potentialAction":[{"@type":"ReadAction","target":["https:\/\/lorufete.com\/producto\/pack-2\/"]}]},{"@type":"ImageObject","inLanguage":"en-US","@id":"https:\/\/lorufete.com\/producto\/pack-2\/#primaryimage","url":"https:\/\/lorufete.com\/wp-content\/uploads\/2024\/09\/Pack-3-1.jpg","contentUrl":"https:\/\/lorufete.com\/wp-content\/uploads\/2024\/09\/Pack-3-1.jpg","width":300,"height":300,"caption":"Pack-3"},{"@type":"BreadcrumbList","@id":"https:\/\/lorufete.com\/producto\/pack-2\/#breadcrumb","itemListElement":[{"@type":"ListItem","position":1,"name":"Portada","item":"https:\/\/lorufete.com\/"},{"@type":"ListItem","position":2,"name":"Productos","item":"https:\/\/lorufete.com\/shop__trashed\/"},{"@type":"ListItem","position":3,"name":"Pack 2 Aventura en la Naturaleza con Caballos"}]},{"@type":"WebSite","@id":"https:\/\/lorufete.com\/#website","url":"https:\/\/lorufete.com\/","name":"LoRufete","description":"Park Multi Adventure in Alicante","alternateName":"LoRufete","potentialAction":[{"@type":"SearchAction","target":{"@type":"EntryPoint","urlTemplate":"https:\/\/lorufete.com\/?s={search_term_string}"},"query-input":{"@type":"PropertyValueSpecification","valueRequired":true,"valueName":"search_term_string"}}],"inLanguage":"en-US"}]}},"_links":{"self":[{"href":"https:\/\/lorufete.com\/en\/wp-json\/wp\/v2\/product\/100348","targetHints":{"allow":["GET"]}}],"collection":[{"href":"https:\/\/lorufete.com\/en\/wp-json\/wp\/v2\/product"}],"about":[{"href":"https:\/\/lorufete.com\/en\/wp-json\/wp\/v2\/types\/product"}],"version-history":[{"count":0,"href":"https:\/\/lorufete.com\/en\/wp-json\/wp\/v2\/product\/100348\/revisions"}],"wp:featuredmedia":[{"embeddable":true,"href":"https:\/\/lorufete.com\/en\/wp-json\/wp\/v2\/media\/100175"}],"wp:attachment":[{"href":"https:\/\/lorufete.com\/en\/wp-json\/wp\/v2\/media?parent=100348"}],"wp:term":[{"taxonomy":"product_brand","embeddable":true,"href":"https:\/\/lorufete.com\/en\/wp-json\/wp\/v2\/product_brand?post=100348"},{"taxonomy":"product_cat","embeddable":true,"href":"https:\/\/lorufete.com\/en\/wp-json\/wp\/v2\/product_cat?post=100348"},{"taxonomy":"product_tag","embeddable":true,"href":"https:\/\/lorufete.com\/en\/wp-json\/wp\/v2\/product_tag?post=100348"}],"curies":[{"name":"wp","href":"https:\/\/api.w.org\/{rel}","templated":true}]}}