{"id":100897,"date":"2024-09-28T11:08:33","date_gmt":"2024-09-28T09:08:33","guid":{"rendered":"https:\/\/lorufete.com\/?post_type=product&#038;p=100897"},"modified":"2026-01-25T10:18:35","modified_gmt":"2026-01-25T09:18:35","slug":"clases-de-equitacion","status":"publish","type":"product","link":"https:\/\/lorufete.com\/en\/product\/clases-de-equitacion\/","title":{"rendered":"Riding"},"content":{"rendered":"","protected":false},"excerpt":{"rendered":"<p style=\"text-align: center;\"><strong>\ud83c\udfc7 Clase de equitaci\u00f3n (1 hora) \u2013 Mejora tu t\u00e9cnica, domina el arte de montar<\/strong><\/p>\n<p style=\"text-align: center;\"><img fetchpriority=\"high\" decoding=\"async\" class=\"alignnone wp-image-100208\" src=\"https:\/\/lorufete.com\/wp-content\/uploads\/2024\/09\/Paseo-a-caballo-4-1-600x540.jpg\" alt=\"\" width=\"389\" height=\"350\" \/><\/p>\n<p>Una clase de 60 minutos para quienes quieren dar un paso m\u00e1s. Trabajar\u00e1s t\u00e9cnica, postura y conexi\u00f3n con el caballo en nuestras pistas profesionales, con atenci\u00f3n personalizada.<br \/>\nIdeal para quienes ya han montado antes o buscan progresar m\u00e1s r\u00e1pido.<\/p>\n<p>\ud83d\udccd En <strong>San Miguel de Salinas<\/strong>, rodeado de naturaleza y muy cerca de <strong>Torrevieja<\/strong>, <strong>Murcia<\/strong> y <strong>Alicante<\/strong>, en el coraz\u00f3n de la <strong>Costa Blanca<\/strong>.<\/p>\n<ul>\n<li>Edad: Desde 8 a\u00f1os<\/li>\n<li>Duraci\u00f3n: 1 hora<\/li>\n<li>Incluye: Caballo, casco, pista, monitor<\/li>\n<li>Nivel: Iniciaci\u00f3n, medio y avanzado.<\/li>\n<\/ul>\n<p><span style=\"vertical-align: inherit;\"> <\/span><\/p>","protected":false},"featured_media":100030,"template":"","meta":{"_acf_changed":false,"_joinchat":[]},"product_brand":[],"product_cat":[15],"product_tag":[],"class_list":{"0":"post-100897","1":"product","2":"type-product","3":"status-publish","4":"has-post-thumbnail","6":"product_cat-uncategorized","8":"first","9":"instock","10":"virtual","11":"sold-individually","12":"purchasable","13":"product-type-booking"},"booking_location":"","booking_location_type":"","booking_duration":1,"booking_duration_unit":"hour","booking_buffer":0,"booking_cost":45,"booking_resources":[],"exclude_global_add_ons":[],"addons":[],"acf":[],"yoast_head":"<!-- This site is optimized with the Yoast SEO plugin v27.1.1 - https:\/\/yoast.com\/product\/yoast-seo-wordpress\/ -->\n<title>Clases de equitacion - Lorufete.com<\/title>\n<meta name=\"robots\" content=\"noindex, follow\" \/>\n<meta property=\"og:locale\" content=\"en_US\" \/>\n<meta property=\"og:type\" content=\"article\" \/>\n<meta property=\"og:title\" content=\"Clases de equitacion - Lorufete.com\" \/>\n<meta property=\"og:description\" content=\"\ud83c\udfc7 Clase de equitaci\u00f3n (1 hora) \u2013 Mejora tu t\u00e9cnica, domina el arte de montar  Una clase de 60 minutos para quienes quieren dar un paso m\u00e1s. Trabajar\u00e1s t\u00e9cnica, postura y conexi\u00f3n con el caballo en nuestras pistas profesionales, con atenci\u00f3n personalizada. Ideal para quienes ya han montado antes o buscan progresar m\u00e1s r\u00e1pido.  \ud83d\udccd En San Miguel de Salinas, rodeado de naturaleza y muy cerca de Torrevieja, Murcia y Alicante, en el coraz\u00f3n de la Costa Blanca.   Edad: Desde 8 a\u00f1os  Duraci\u00f3n: 1 hora  Incluye: Caballo, casco, pista, monitor  Nivel: Iniciaci\u00f3n, medio y avanzado.\" \/>\n<meta property=\"og:url\" content=\"https:\/\/lorufete.com\/en\/product\/clases-de-equitacion\/\" \/>\n<meta property=\"og:site_name\" content=\"Lorufete.com\" \/>\n<meta property=\"article:modified_time\" content=\"2026-01-25T09:18:35+00:00\" \/>\n<meta property=\"og:image\" content=\"https:\/\/lorufete.com\/wp-content\/uploads\/2024\/09\/Clase-de-equitacion-1hora-35E-1-1.jpg\" \/>\n\t<meta property=\"og:image:width\" content=\"1080\" \/>\n\t<meta property=\"og:image:height\" content=\"1080\" \/>\n\t<meta property=\"og:image:type\" content=\"image\/jpeg\" \/>\n<meta name=\"twitter:card\" content=\"summary_large_image\" \/>\n<meta name=\"twitter:label1\" content=\"Est. reading time\" \/>\n\t<meta name=\"twitter:data1\" content=\"1 minute\" \/>\n<script type=\"application\/ld+json\" class=\"yoast-schema-graph\">{\"@context\":\"https:\/\/schema.org\",\"@graph\":[{\"@type\":\"WebPage\",\"@id\":\"https:\/\/lorufete.com\/producto\/clases-de-equitacion\/\",\"url\":\"https:\/\/lorufete.com\/producto\/clases-de-equitacion\/\",\"name\":\"Clases de equitacion - Lorufete.com\",\"isPartOf\":{\"@id\":\"https:\/\/lorufete.com\/#website\"},\"primaryImageOfPage\":{\"@id\":\"https:\/\/lorufete.com\/producto\/clases-de-equitacion\/#primaryimage\"},\"image\":{\"@id\":\"https:\/\/lorufete.com\/producto\/clases-de-equitacion\/#primaryimage\"},\"thumbnailUrl\":\"https:\/\/lorufete.com\/wp-content\/uploads\/2024\/09\/Clase-de-equitacion-1hora-35E-1-1.jpg\",\"datePublished\":\"2024-09-28T09:08:33+00:00\",\"dateModified\":\"2026-01-25T09:18:35+00:00\",\"breadcrumb\":{\"@id\":\"https:\/\/lorufete.com\/producto\/clases-de-equitacion\/#breadcrumb\"},\"inLanguage\":\"en-US\",\"potentialAction\":[{\"@type\":\"ReadAction\",\"target\":[\"https:\/\/lorufete.com\/producto\/clases-de-equitacion\/\"]}]},{\"@type\":\"ImageObject\",\"inLanguage\":\"en-US\",\"@id\":\"https:\/\/lorufete.com\/producto\/clases-de-equitacion\/#primaryimage\",\"url\":\"https:\/\/lorufete.com\/wp-content\/uploads\/2024\/09\/Clase-de-equitacion-1hora-35E-1-1.jpg\",\"contentUrl\":\"https:\/\/lorufete.com\/wp-content\/uploads\/2024\/09\/Clase-de-equitacion-1hora-35E-1-1.jpg\",\"width\":1080,\"height\":1080},{\"@type\":\"BreadcrumbList\",\"@id\":\"https:\/\/lorufete.com\/producto\/clases-de-equitacion\/#breadcrumb\",\"itemListElement\":[{\"@type\":\"ListItem\",\"position\":1,\"name\":\"Portada\",\"item\":\"https:\/\/lorufete.com\/\"},{\"@type\":\"ListItem\",\"position\":2,\"name\":\"Productos\",\"item\":\"https:\/\/lorufete.com\/shop__trashed\/\"},{\"@type\":\"ListItem\",\"position\":3,\"name\":\"Clases de equitacion\"}]},{\"@type\":\"WebSite\",\"@id\":\"https:\/\/lorufete.com\/#website\",\"url\":\"https:\/\/lorufete.com\/\",\"name\":\"LoRufete\",\"description\":\"Parque Multi Aventura en Alicante\",\"alternateName\":\"LoRufete\",\"potentialAction\":[{\"@type\":\"SearchAction\",\"target\":{\"@type\":\"EntryPoint\",\"urlTemplate\":\"https:\/\/lorufete.com\/?s={search_term_string}\"},\"query-input\":{\"@type\":\"PropertyValueSpecification\",\"valueRequired\":true,\"valueName\":\"search_term_string\"}}],\"inLanguage\":\"en-US\"}]}<\/script>\n<!-- \/ Yoast SEO plugin. -->","yoast_head_json":{"title":"Clases de equitacion - Lorufete.com","robots":{"index":"noindex","follow":"follow"},"og_locale":"en_US","og_type":"article","og_title":"Clases de equitacion - Lorufete.com","og_description":"\ud83c\udfc7 Clase de equitaci\u00f3n (1 hora) \u2013 Mejora tu t\u00e9cnica, domina el arte de montar  Una clase de 60 minutos para quienes quieren dar un paso m\u00e1s. Trabajar\u00e1s t\u00e9cnica, postura y conexi\u00f3n con el caballo en nuestras pistas profesionales, con atenci\u00f3n personalizada. Ideal para quienes ya han montado antes o buscan progresar m\u00e1s r\u00e1pido.  \ud83d\udccd En San Miguel de Salinas, rodeado de naturaleza y muy cerca de Torrevieja, Murcia y Alicante, en el coraz\u00f3n de la Costa Blanca.   Edad: Desde 8 a\u00f1os  Duraci\u00f3n: 1 hora  Incluye: Caballo, casco, pista, monitor  Nivel: Iniciaci\u00f3n, medio y avanzado.","og_url":"https:\/\/lorufete.com\/en\/product\/clases-de-equitacion\/","og_site_name":"Lorufete.com","article_modified_time":"2026-01-25T09:18:35+00:00","og_image":[{"width":1080,"height":1080,"url":"https:\/\/lorufete.com\/wp-content\/uploads\/2024\/09\/Clase-de-equitacion-1hora-35E-1-1.jpg","type":"image\/jpeg"}],"twitter_card":"summary_large_image","twitter_misc":{"Est. reading time":"1 minute"},"schema":{"@context":"https:\/\/schema.org","@graph":[{"@type":"WebPage","@id":"https:\/\/lorufete.com\/producto\/clases-de-equitacion\/","url":"https:\/\/lorufete.com\/producto\/clases-de-equitacion\/","name":"Clases de equitacion - Lorufete.com","isPartOf":{"@id":"https:\/\/lorufete.com\/#website"},"primaryImageOfPage":{"@id":"https:\/\/lorufete.com\/producto\/clases-de-equitacion\/#primaryimage"},"image":{"@id":"https:\/\/lorufete.com\/producto\/clases-de-equitacion\/#primaryimage"},"thumbnailUrl":"https:\/\/lorufete.com\/wp-content\/uploads\/2024\/09\/Clase-de-equitacion-1hora-35E-1-1.jpg","datePublished":"2024-09-28T09:08:33+00:00","dateModified":"2026-01-25T09:18:35+00:00","breadcrumb":{"@id":"https:\/\/lorufete.com\/producto\/clases-de-equitacion\/#breadcrumb"},"inLanguage":"en-US","potentialAction":[{"@type":"ReadAction","target":["https:\/\/lorufete.com\/producto\/clases-de-equitacion\/"]}]},{"@type":"ImageObject","inLanguage":"en-US","@id":"https:\/\/lorufete.com\/producto\/clases-de-equitacion\/#primaryimage","url":"https:\/\/lorufete.com\/wp-content\/uploads\/2024\/09\/Clase-de-equitacion-1hora-35E-1-1.jpg","contentUrl":"https:\/\/lorufete.com\/wp-content\/uploads\/2024\/09\/Clase-de-equitacion-1hora-35E-1-1.jpg","width":1080,"height":1080},{"@type":"BreadcrumbList","@id":"https:\/\/lorufete.com\/producto\/clases-de-equitacion\/#breadcrumb","itemListElement":[{"@type":"ListItem","position":1,"name":"Portada","item":"https:\/\/lorufete.com\/"},{"@type":"ListItem","position":2,"name":"Productos","item":"https:\/\/lorufete.com\/shop__trashed\/"},{"@type":"ListItem","position":3,"name":"Clases de equitacion"}]},{"@type":"WebSite","@id":"https:\/\/lorufete.com\/#website","url":"https:\/\/lorufete.com\/","name":"LoRufete","description":"Park Multi Adventure in Alicante","alternateName":"LoRufete","potentialAction":[{"@type":"SearchAction","target":{"@type":"EntryPoint","urlTemplate":"https:\/\/lorufete.com\/?s={search_term_string}"},"query-input":{"@type":"PropertyValueSpecification","valueRequired":true,"valueName":"search_term_string"}}],"inLanguage":"en-US"}]}},"_links":{"self":[{"href":"https:\/\/lorufete.com\/en\/wp-json\/wp\/v2\/product\/100897","targetHints":{"allow":["GET"]}}],"collection":[{"href":"https:\/\/lorufete.com\/en\/wp-json\/wp\/v2\/product"}],"about":[{"href":"https:\/\/lorufete.com\/en\/wp-json\/wp\/v2\/types\/product"}],"version-history":[{"count":2,"href":"https:\/\/lorufete.com\/en\/wp-json\/wp\/v2\/product\/100897\/revisions"}],"predecessor-version":[{"id":107270,"href":"https:\/\/lorufete.com\/en\/wp-json\/wp\/v2\/product\/100897\/revisions\/107270"}],"wp:featuredmedia":[{"embeddable":true,"href":"https:\/\/lorufete.com\/en\/wp-json\/wp\/v2\/media\/100030"}],"wp:attachment":[{"href":"https:\/\/lorufete.com\/en\/wp-json\/wp\/v2\/media?parent=100897"}],"wp:term":[{"taxonomy":"product_brand","embeddable":true,"href":"https:\/\/lorufete.com\/en\/wp-json\/wp\/v2\/product_brand?post=100897"},{"taxonomy":"product_cat","embeddable":true,"href":"https:\/\/lorufete.com\/en\/wp-json\/wp\/v2\/product_cat?post=100897"},{"taxonomy":"product_tag","embeddable":true,"href":"https:\/\/lorufete.com\/en\/wp-json\/wp\/v2\/product_tag?post=100897"}],"curies":[{"name":"wp","href":"https:\/\/api.w.org\/{rel}","templated":true}]}}