{"id":100920,"date":"2024-09-28T11:55:58","date_gmt":"2024-09-28T09:55:58","guid":{"rendered":"https:\/\/lorufete.com\/?post_type=product&#038;p=100920"},"modified":"2025-04-05T13:07:49","modified_gmt":"2025-04-05T11:07:49","slug":"tiro-con-arco-30min","status":"publish","type":"product","link":"https:\/\/lorufete.com\/en\/product\/tiro-con-arco-30min\/","title":{"rendered":"Tiro con Arco 30min"},"content":{"rendered":"","protected":false},"excerpt":{"rendered":"<div class=\"wpb_text_column wpb_content_element\">\n<div class=\"wpb_wrapper\">\n<p style=\"text-align: center;\"><strong>\ud83c\udff9 Tiro con arco \u2013 Precisi\u00f3n, tensi\u00f3n\u2026 \u00a1y una emoci\u00f3n que va en aumento!<\/strong><\/p>\n<p><img fetchpriority=\"high\" decoding=\"async\" class=\"alignnone wp-image-371 size-full aligncenter\" src=\"http:\/\/lorufete.com\/wp-content\/uploads\/2018\/05\/arco-01.jpg\" alt=\"\" width=\"600\" height=\"337\" \/><\/p>\n<p>Coge el arco, coloca la flecha, respira hondo\u2026 y su\u00e9ltala directo al centro.<br \/>\nEl tiro con arco en Lo Rufete es mucho m\u00e1s que una prueba de punter\u00eda: es <strong>una experiencia de concentraci\u00f3n, superaci\u00f3n y adrenalina controlada<\/strong> que engancha desde el primer disparo.<\/p>\n<p>Contamos con <strong>un amplio campo de tiro al aire libre<\/strong>, con capacidad para <strong>hasta 20 personas al mismo tiempo<\/strong>, lo que lo hace ideal para grupos, colegios, cumplea\u00f1os o sesiones de team building.<br \/>\nTodo bajo la <strong>supervisi\u00f3n de un monitor experimentado<\/strong>, que har\u00e1 que cada disparo sea un reto divertido y emocionante.<\/p>\n<p>\ud83d\udccd Estamos en <strong>San Miguel de Salinas<\/strong>, a solo <strong>15 minutos de Torrevieja<\/strong>, y a <strong>45 minutos de Alicante y Murcia<\/strong>, en el coraz\u00f3n verde de la <strong>Costa Blanca<\/strong>.<\/p>\n<p>\ud83c\udfaf \u00bfQu\u00e9 incluye?<\/p>\n<ul>\n<li>Campo de tiro profesional al aire libre<\/li>\n<li>Arco, flechas y dianas<\/li>\n<li>Monitor especializado que gu\u00eda y dinamiza la actividad<\/li>\n<\/ul>\n<p>\ud83d\udc67 Edad m\u00ednima: 7 a\u00f1os<br \/>\n\u23f1\ufe0f Duraci\u00f3n: Variable seg\u00fan grupo o pack<br \/>\n\ud83c\udfaf <strong>Nivel recomendado: Iniciaci\u00f3n \/ Medio<\/strong><\/p>\n<p>\ud83c\udfc6 Una actividad que engancha a grandes y peque\u00f1os por igual. \u00bfSer\u00e1s t\u00fa el que d\u00e9 en el centro?<\/p>\n<\/div>\n<\/div>","protected":false},"featured_media":100321,"template":"","meta":{"_acf_changed":false,"_joinchat":[]},"product_brand":[],"product_cat":[15],"product_tag":[],"class_list":{"0":"post-100920","1":"product","2":"type-product","3":"status-publish","4":"has-post-thumbnail","6":"product_cat-uncategorized","8":"first","9":"instock","10":"virtual","11":"sold-individually","12":"purchasable","13":"product-type-booking"},"booking_location":"","booking_location_type":"","booking_duration":1,"booking_duration_unit":"hour","booking_buffer":0,"booking_cost":14,"booking_resources":[],"exclude_global_add_ons":[],"addons":[],"acf":[],"yoast_head":"<!-- This site is optimized with the Yoast SEO plugin v27.1.1 - https:\/\/yoast.com\/product\/yoast-seo-wordpress\/ -->\n<title>Tiro con Arco 30min - Lorufete.com<\/title>\n<meta name=\"robots\" content=\"noindex, follow\" \/>\n<meta property=\"og:locale\" content=\"en_US\" \/>\n<meta property=\"og:type\" content=\"article\" \/>\n<meta property=\"og:title\" content=\"Tiro con Arco 30min - Lorufete.com\" \/>\n<meta property=\"og:description\" content=\"\ud83c\udff9 Tiro con arco \u2013 Precisi\u00f3n, tensi\u00f3n\u2026 \u00a1y una emoci\u00f3n que va en aumento!   Coge el arco, coloca la flecha, respira hondo\u2026 y su\u00e9ltala directo al centro. El tiro con arco en Lo Rufete es mucho m\u00e1s que una prueba de punter\u00eda: es una experiencia de concentraci\u00f3n, superaci\u00f3n y adrenalina controlada que engancha desde el primer disparo.  Contamos con un amplio campo de tiro al aire libre, con capacidad para hasta 20 personas al mismo tiempo, lo que lo hace ideal para grupos, colegios, cumplea\u00f1os o sesiones de team building. Todo bajo la supervisi\u00f3n de un monitor experimentado, que har\u00e1 que cada disparo sea un reto divertido y emocionante.  \ud83d\udccd Estamos en San Miguel de Salinas, a solo 15 minutos de Torrevieja, y a 45 minutos de Alicante y Murcia, en el coraz\u00f3n verde de la Costa Blanca.  \ud83c\udfaf \u00bfQu\u00e9 incluye?   Campo de tiro profesional al aire libre  Arco, flechas y dianas  Monitor especializado que gu\u00eda y dinamiza la actividad  \ud83d\udc67 Edad m\u00ednima: 7 a\u00f1os \u23f1\ufe0f Duraci\u00f3n: Variable seg\u00fan grupo o pack \ud83c\udfaf Nivel recomendado: Iniciaci\u00f3n \/ Medio  \ud83c\udfc6 Una actividad que engancha a grandes y peque\u00f1os por igual. \u00bfSer\u00e1s t\u00fa el que d\u00e9 en el centro?\" \/>\n<meta property=\"og:url\" content=\"https:\/\/lorufete.com\/en\/product\/tiro-con-arco-30min\/\" \/>\n<meta property=\"og:site_name\" content=\"Lorufete.com\" \/>\n<meta property=\"article:modified_time\" content=\"2025-04-05T11:07:49+00:00\" \/>\n<meta property=\"og:image\" content=\"https:\/\/lorufete.com\/wp-content\/uploads\/2024\/09\/Tiro-con-arco-1h-1.jpg\" \/>\n\t<meta property=\"og:image:width\" content=\"300\" \/>\n\t<meta property=\"og:image:height\" content=\"300\" \/>\n\t<meta property=\"og:image:type\" content=\"image\/jpeg\" \/>\n<meta name=\"twitter:card\" content=\"summary_large_image\" \/>\n<meta name=\"twitter:label1\" content=\"Est. reading time\" \/>\n\t<meta name=\"twitter:data1\" content=\"1 minute\" \/>\n<script type=\"application\/ld+json\" class=\"yoast-schema-graph\">{\"@context\":\"https:\/\/schema.org\",\"@graph\":[{\"@type\":\"WebPage\",\"@id\":\"https:\/\/lorufete.com\/producto\/tiro-con-arco-30min\/\",\"url\":\"https:\/\/lorufete.com\/producto\/tiro-con-arco-30min\/\",\"name\":\"Tiro con Arco 30min - Lorufete.com\",\"isPartOf\":{\"@id\":\"https:\/\/lorufete.com\/#website\"},\"primaryImageOfPage\":{\"@id\":\"https:\/\/lorufete.com\/producto\/tiro-con-arco-30min\/#primaryimage\"},\"image\":{\"@id\":\"https:\/\/lorufete.com\/producto\/tiro-con-arco-30min\/#primaryimage\"},\"thumbnailUrl\":\"https:\/\/lorufete.com\/wp-content\/uploads\/2024\/09\/Tiro-con-arco-1h-1.jpg\",\"datePublished\":\"2024-09-28T09:55:58+00:00\",\"dateModified\":\"2025-04-05T11:07:49+00:00\",\"breadcrumb\":{\"@id\":\"https:\/\/lorufete.com\/producto\/tiro-con-arco-30min\/#breadcrumb\"},\"inLanguage\":\"en-US\",\"potentialAction\":[{\"@type\":\"ReadAction\",\"target\":[\"https:\/\/lorufete.com\/producto\/tiro-con-arco-30min\/\"]}]},{\"@type\":\"ImageObject\",\"inLanguage\":\"en-US\",\"@id\":\"https:\/\/lorufete.com\/producto\/tiro-con-arco-30min\/#primaryimage\",\"url\":\"https:\/\/lorufete.com\/wp-content\/uploads\/2024\/09\/Tiro-con-arco-1h-1.jpg\",\"contentUrl\":\"https:\/\/lorufete.com\/wp-content\/uploads\/2024\/09\/Tiro-con-arco-1h-1.jpg\",\"width\":300,\"height\":300},{\"@type\":\"BreadcrumbList\",\"@id\":\"https:\/\/lorufete.com\/producto\/tiro-con-arco-30min\/#breadcrumb\",\"itemListElement\":[{\"@type\":\"ListItem\",\"position\":1,\"name\":\"Portada\",\"item\":\"https:\/\/lorufete.com\/\"},{\"@type\":\"ListItem\",\"position\":2,\"name\":\"Productos\",\"item\":\"https:\/\/lorufete.com\/shop__trashed\/\"},{\"@type\":\"ListItem\",\"position\":3,\"name\":\"Tiro con Arco 30min\"}]},{\"@type\":\"WebSite\",\"@id\":\"https:\/\/lorufete.com\/#website\",\"url\":\"https:\/\/lorufete.com\/\",\"name\":\"LoRufete\",\"description\":\"Parque Multi Aventura en Alicante\",\"alternateName\":\"LoRufete\",\"potentialAction\":[{\"@type\":\"SearchAction\",\"target\":{\"@type\":\"EntryPoint\",\"urlTemplate\":\"https:\/\/lorufete.com\/?s={search_term_string}\"},\"query-input\":{\"@type\":\"PropertyValueSpecification\",\"valueRequired\":true,\"valueName\":\"search_term_string\"}}],\"inLanguage\":\"en-US\"}]}<\/script>\n<!-- \/ Yoast SEO plugin. -->","yoast_head_json":{"title":"Tiro con Arco 30min - Lorufete.com","robots":{"index":"noindex","follow":"follow"},"og_locale":"en_US","og_type":"article","og_title":"Tiro con Arco 30min - Lorufete.com","og_description":"\ud83c\udff9 Tiro con arco \u2013 Precisi\u00f3n, tensi\u00f3n\u2026 \u00a1y una emoci\u00f3n que va en aumento!   Coge el arco, coloca la flecha, respira hondo\u2026 y su\u00e9ltala directo al centro. El tiro con arco en Lo Rufete es mucho m\u00e1s que una prueba de punter\u00eda: es una experiencia de concentraci\u00f3n, superaci\u00f3n y adrenalina controlada que engancha desde el primer disparo.  Contamos con un amplio campo de tiro al aire libre, con capacidad para hasta 20 personas al mismo tiempo, lo que lo hace ideal para grupos, colegios, cumplea\u00f1os o sesiones de team building. Todo bajo la supervisi\u00f3n de un monitor experimentado, que har\u00e1 que cada disparo sea un reto divertido y emocionante.  \ud83d\udccd Estamos en San Miguel de Salinas, a solo 15 minutos de Torrevieja, y a 45 minutos de Alicante y Murcia, en el coraz\u00f3n verde de la Costa Blanca.  \ud83c\udfaf \u00bfQu\u00e9 incluye?   Campo de tiro profesional al aire libre  Arco, flechas y dianas  Monitor especializado que gu\u00eda y dinamiza la actividad  \ud83d\udc67 Edad m\u00ednima: 7 a\u00f1os \u23f1\ufe0f Duraci\u00f3n: Variable seg\u00fan grupo o pack \ud83c\udfaf Nivel recomendado: Iniciaci\u00f3n \/ Medio  \ud83c\udfc6 Una actividad que engancha a grandes y peque\u00f1os por igual. \u00bfSer\u00e1s t\u00fa el que d\u00e9 en el centro?","og_url":"https:\/\/lorufete.com\/en\/product\/tiro-con-arco-30min\/","og_site_name":"Lorufete.com","article_modified_time":"2025-04-05T11:07:49+00:00","og_image":[{"width":300,"height":300,"url":"https:\/\/lorufete.com\/wp-content\/uploads\/2024\/09\/Tiro-con-arco-1h-1.jpg","type":"image\/jpeg"}],"twitter_card":"summary_large_image","twitter_misc":{"Est. reading time":"1 minute"},"schema":{"@context":"https:\/\/schema.org","@graph":[{"@type":"WebPage","@id":"https:\/\/lorufete.com\/producto\/tiro-con-arco-30min\/","url":"https:\/\/lorufete.com\/producto\/tiro-con-arco-30min\/","name":"Tiro con Arco 30min - Lorufete.com","isPartOf":{"@id":"https:\/\/lorufete.com\/#website"},"primaryImageOfPage":{"@id":"https:\/\/lorufete.com\/producto\/tiro-con-arco-30min\/#primaryimage"},"image":{"@id":"https:\/\/lorufete.com\/producto\/tiro-con-arco-30min\/#primaryimage"},"thumbnailUrl":"https:\/\/lorufete.com\/wp-content\/uploads\/2024\/09\/Tiro-con-arco-1h-1.jpg","datePublished":"2024-09-28T09:55:58+00:00","dateModified":"2025-04-05T11:07:49+00:00","breadcrumb":{"@id":"https:\/\/lorufete.com\/producto\/tiro-con-arco-30min\/#breadcrumb"},"inLanguage":"en-US","potentialAction":[{"@type":"ReadAction","target":["https:\/\/lorufete.com\/producto\/tiro-con-arco-30min\/"]}]},{"@type":"ImageObject","inLanguage":"en-US","@id":"https:\/\/lorufete.com\/producto\/tiro-con-arco-30min\/#primaryimage","url":"https:\/\/lorufete.com\/wp-content\/uploads\/2024\/09\/Tiro-con-arco-1h-1.jpg","contentUrl":"https:\/\/lorufete.com\/wp-content\/uploads\/2024\/09\/Tiro-con-arco-1h-1.jpg","width":300,"height":300},{"@type":"BreadcrumbList","@id":"https:\/\/lorufete.com\/producto\/tiro-con-arco-30min\/#breadcrumb","itemListElement":[{"@type":"ListItem","position":1,"name":"Portada","item":"https:\/\/lorufete.com\/"},{"@type":"ListItem","position":2,"name":"Productos","item":"https:\/\/lorufete.com\/shop__trashed\/"},{"@type":"ListItem","position":3,"name":"Tiro con Arco 30min"}]},{"@type":"WebSite","@id":"https:\/\/lorufete.com\/#website","url":"https:\/\/lorufete.com\/","name":"LoRufete","description":"Park Multi Adventure in Alicante","alternateName":"LoRufete","potentialAction":[{"@type":"SearchAction","target":{"@type":"EntryPoint","urlTemplate":"https:\/\/lorufete.com\/?s={search_term_string}"},"query-input":{"@type":"PropertyValueSpecification","valueRequired":true,"valueName":"search_term_string"}}],"inLanguage":"en-US"}]}},"_links":{"self":[{"href":"https:\/\/lorufete.com\/en\/wp-json\/wp\/v2\/product\/100920","targetHints":{"allow":["GET"]}}],"collection":[{"href":"https:\/\/lorufete.com\/en\/wp-json\/wp\/v2\/product"}],"about":[{"href":"https:\/\/lorufete.com\/en\/wp-json\/wp\/v2\/types\/product"}],"version-history":[{"count":0,"href":"https:\/\/lorufete.com\/en\/wp-json\/wp\/v2\/product\/100920\/revisions"}],"wp:featuredmedia":[{"embeddable":true,"href":"https:\/\/lorufete.com\/en\/wp-json\/wp\/v2\/media\/100321"}],"wp:attachment":[{"href":"https:\/\/lorufete.com\/en\/wp-json\/wp\/v2\/media?parent=100920"}],"wp:term":[{"taxonomy":"product_brand","embeddable":true,"href":"https:\/\/lorufete.com\/en\/wp-json\/wp\/v2\/product_brand?post=100920"},{"taxonomy":"product_cat","embeddable":true,"href":"https:\/\/lorufete.com\/en\/wp-json\/wp\/v2\/product_cat?post=100920"},{"taxonomy":"product_tag","embeddable":true,"href":"https:\/\/lorufete.com\/en\/wp-json\/wp\/v2\/product_tag?post=100920"}],"curies":[{"name":"wp","href":"https:\/\/api.w.org\/{rel}","templated":true}]}}