{"id":100953,"date":"2024-09-28T12:22:30","date_gmt":"2024-09-28T10:22:30","guid":{"rendered":"https:\/\/lorufete.com\/?post_type=product&#038;p=100953"},"modified":"2025-04-05T13:05:20","modified_gmt":"2025-04-05T11:05:20","slug":"kayaks","status":"publish","type":"product","link":"https:\/\/lorufete.com\/en\/product\/kayaks\/","title":{"rendered":"Kayaks 1 persona"},"content":{"rendered":"","protected":false},"excerpt":{"rendered":"<p style=\"text-align: center;\"><strong>\ud83d\udea3 Kayaks en lago \u2013 Rema, r\u00ede y desconecta en plena naturaleza<\/strong><\/p>\n<p><img fetchpriority=\"high\" decoding=\"async\" class=\"alignnone size-full wp-image-100105 aligncenter\" src=\"https:\/\/lorufete.com\/wp-content\/uploads\/2024\/09\/Kayaks-5-1.jpg\" alt=\"\" width=\"540\" height=\"540\" srcset=\"https:\/\/lorufete.com\/wp-content\/uploads\/2024\/09\/Kayaks-5-1.jpg 540w, https:\/\/lorufete.com\/wp-content\/uploads\/2024\/09\/Kayaks-5-1-175x175.jpg 175w, https:\/\/lorufete.com\/wp-content\/uploads\/2024\/09\/Kayaks-5-1-500x500.jpg 500w, https:\/\/lorufete.com\/wp-content\/uploads\/2024\/09\/Kayaks-5-1-300x300.jpg 300w, https:\/\/lorufete.com\/wp-content\/uploads\/2024\/09\/Kayaks-5-1-180x180.jpg 180w\" sizes=\"(max-width: 540px) 100vw, 540px\" \/><\/p>\n<p>Agua, sol, risas y la libertad de remar a tu ritmo.<br \/>\nNuestra actividad de kayaks se realiza en un <strong>lago artificial de 1.000 m\u00b2<\/strong>, con solo <strong>60 cm de profundidad<\/strong>, lo que la convierte en una opci\u00f3n <strong>segura, divertida y perfecta para toda la familia<\/strong>.<\/p>\n<p>Podr\u00e1s elegir entre <strong>kayaks individuales, dobles o de hasta 4 plazas<\/strong>, para disfrutar solo, en pareja o en grupo. La actividad no requiere experiencia previa, y est\u00e1 supervisada por monitores para garantizar seguridad y diversi\u00f3n.<\/p>\n<p>\ud83d\udccd Estamos en <strong>San Miguel de Salinas<\/strong>, junto al <strong>Lago La Pedrera<\/strong>, a tan solo <strong>15 minutos de Torrevieja<\/strong> y <strong>45 minutos de Murcia o Alicante<\/strong>, en la m\u00e1gica <strong>Costa Blanca<\/strong>.<\/p>\n<p>\ud83d\udca7 \u00bfQu\u00e9 incluye?<\/p>\n<ul>\n<li>Kayak adaptado a tu grupo (1, 2 o 4 plazas)<\/li>\n<li>Remo y chaleco salvavidas<\/li>\n<li>Zona delimitada y segura en lago artificial<\/li>\n<li>Monitor y asistencia en todo momento<\/li>\n<\/ul>\n<p>\ud83d\udc67 Edad m\u00ednima: 4 a\u00f1os (acompa\u00f1ados)<br \/>\n\u23f1\ufe0f Duraci\u00f3n: Variable seg\u00fan grupo o pack<br \/>\n\ud83c\udfaf <strong>Nivel recomendado: Iniciaci\u00f3n \/ Familiar<\/strong><\/p>\n<p>\ud83c\udf1e Una actividad ideal para refrescarse, re\u00edr y disfrutar juntos al aire libre.<\/p>","protected":false},"featured_media":100096,"template":"","meta":{"_acf_changed":false,"_joinchat":[]},"product_brand":[],"product_cat":[15],"product_tag":[],"class_list":{"0":"post-100953","1":"product","2":"type-product","3":"status-publish","4":"has-post-thumbnail","6":"product_cat-uncategorized","8":"first","9":"instock","10":"virtual","11":"sold-individually","12":"purchasable","13":"product-type-booking"},"booking_location":"","booking_location_type":"","booking_duration":1,"booking_duration_unit":"hour","booking_buffer":0,"booking_cost":10,"booking_resources":[],"exclude_global_add_ons":[],"addons":[],"acf":[],"yoast_head":"<!-- This site is optimized with the Yoast SEO plugin v27.1.1 - https:\/\/yoast.com\/product\/yoast-seo-wordpress\/ -->\n<title>Kayaks 1 persona - Lorufete.com<\/title>\n<meta name=\"robots\" content=\"noindex, follow\" \/>\n<meta property=\"og:locale\" content=\"en_US\" \/>\n<meta property=\"og:type\" content=\"article\" \/>\n<meta property=\"og:title\" content=\"Kayaks 1 persona - Lorufete.com\" \/>\n<meta property=\"og:description\" content=\"\ud83d\udea3 Kayaks en lago \u2013 Rema, r\u00ede y desconecta en plena naturaleza   Agua, sol, risas y la libertad de remar a tu ritmo. Nuestra actividad de kayaks se realiza en un lago artificial de 1.000 m\u00b2, con solo 60 cm de profundidad, lo que la convierte en una opci\u00f3n segura, divertida y perfecta para toda la familia.  Podr\u00e1s elegir entre kayaks individuales, dobles o de hasta 4 plazas, para disfrutar solo, en pareja o en grupo. La actividad no requiere experiencia previa, y est\u00e1 supervisada por monitores para garantizar seguridad y diversi\u00f3n.  \ud83d\udccd Estamos en San Miguel de Salinas, junto al Lago La Pedrera, a tan solo 15 minutos de Torrevieja y 45 minutos de Murcia o Alicante, en la m\u00e1gica Costa Blanca.  \ud83d\udca7 \u00bfQu\u00e9 incluye?   Kayak adaptado a tu grupo (1, 2 o 4 plazas)  Remo y chaleco salvavidas  Zona delimitada y segura en lago artificial  Monitor y asistencia en todo momento  \ud83d\udc67 Edad m\u00ednima: 4 a\u00f1os (acompa\u00f1ados) \u23f1\ufe0f Duraci\u00f3n: Variable seg\u00fan grupo o pack \ud83c\udfaf Nivel recomendado: Iniciaci\u00f3n \/ Familiar  \ud83c\udf1e Una actividad ideal para refrescarse, re\u00edr y disfrutar juntos al aire libre.\" \/>\n<meta property=\"og:url\" content=\"https:\/\/lorufete.com\/en\/product\/kayaks\/\" \/>\n<meta property=\"og:site_name\" content=\"Lorufete.com\" \/>\n<meta property=\"article:modified_time\" content=\"2025-04-05T11:05:20+00:00\" \/>\n<meta property=\"og:image\" content=\"https:\/\/lorufete.com\/wp-content\/uploads\/2024\/09\/kayak1-d8c49d065f-1.jpg\" \/>\n\t<meta property=\"og:image:width\" content=\"600\" \/>\n\t<meta property=\"og:image:height\" content=\"337\" \/>\n\t<meta property=\"og:image:type\" content=\"image\/jpeg\" \/>\n<meta name=\"twitter:card\" content=\"summary_large_image\" \/>\n<meta name=\"twitter:label1\" content=\"Est. reading time\" \/>\n\t<meta name=\"twitter:data1\" content=\"1 minute\" \/>\n<script type=\"application\/ld+json\" class=\"yoast-schema-graph\">{\"@context\":\"https:\/\/schema.org\",\"@graph\":[{\"@type\":\"WebPage\",\"@id\":\"https:\/\/lorufete.com\/producto\/kayaks\/\",\"url\":\"https:\/\/lorufete.com\/producto\/kayaks\/\",\"name\":\"Kayaks 1 persona - Lorufete.com\",\"isPartOf\":{\"@id\":\"https:\/\/lorufete.com\/#website\"},\"primaryImageOfPage\":{\"@id\":\"https:\/\/lorufete.com\/producto\/kayaks\/#primaryimage\"},\"image\":{\"@id\":\"https:\/\/lorufete.com\/producto\/kayaks\/#primaryimage\"},\"thumbnailUrl\":\"https:\/\/lorufete.com\/wp-content\/uploads\/2024\/09\/kayak1-d8c49d065f-1.jpg\",\"datePublished\":\"2024-09-28T10:22:30+00:00\",\"dateModified\":\"2025-04-05T11:05:20+00:00\",\"breadcrumb\":{\"@id\":\"https:\/\/lorufete.com\/producto\/kayaks\/#breadcrumb\"},\"inLanguage\":\"en-US\",\"potentialAction\":[{\"@type\":\"ReadAction\",\"target\":[\"https:\/\/lorufete.com\/producto\/kayaks\/\"]}]},{\"@type\":\"ImageObject\",\"inLanguage\":\"en-US\",\"@id\":\"https:\/\/lorufete.com\/producto\/kayaks\/#primaryimage\",\"url\":\"https:\/\/lorufete.com\/wp-content\/uploads\/2024\/09\/kayak1-d8c49d065f-1.jpg\",\"contentUrl\":\"https:\/\/lorufete.com\/wp-content\/uploads\/2024\/09\/kayak1-d8c49d065f-1.jpg\",\"width\":600,\"height\":337},{\"@type\":\"BreadcrumbList\",\"@id\":\"https:\/\/lorufete.com\/producto\/kayaks\/#breadcrumb\",\"itemListElement\":[{\"@type\":\"ListItem\",\"position\":1,\"name\":\"Portada\",\"item\":\"https:\/\/lorufete.com\/\"},{\"@type\":\"ListItem\",\"position\":2,\"name\":\"Productos\",\"item\":\"https:\/\/lorufete.com\/shop__trashed\/\"},{\"@type\":\"ListItem\",\"position\":3,\"name\":\"Kayaks 1 persona\"}]},{\"@type\":\"WebSite\",\"@id\":\"https:\/\/lorufete.com\/#website\",\"url\":\"https:\/\/lorufete.com\/\",\"name\":\"LoRufete\",\"description\":\"Parque Multi Aventura en Alicante\",\"alternateName\":\"LoRufete\",\"potentialAction\":[{\"@type\":\"SearchAction\",\"target\":{\"@type\":\"EntryPoint\",\"urlTemplate\":\"https:\/\/lorufete.com\/?s={search_term_string}\"},\"query-input\":{\"@type\":\"PropertyValueSpecification\",\"valueRequired\":true,\"valueName\":\"search_term_string\"}}],\"inLanguage\":\"en-US\"}]}<\/script>\n<!-- \/ Yoast SEO plugin. -->","yoast_head_json":{"title":"Kayaks 1 persona - Lorufete.com","robots":{"index":"noindex","follow":"follow"},"og_locale":"en_US","og_type":"article","og_title":"Kayaks 1 persona - Lorufete.com","og_description":"\ud83d\udea3 Kayaks en lago \u2013 Rema, r\u00ede y desconecta en plena naturaleza   Agua, sol, risas y la libertad de remar a tu ritmo. Nuestra actividad de kayaks se realiza en un lago artificial de 1.000 m\u00b2, con solo 60 cm de profundidad, lo que la convierte en una opci\u00f3n segura, divertida y perfecta para toda la familia.  Podr\u00e1s elegir entre kayaks individuales, dobles o de hasta 4 plazas, para disfrutar solo, en pareja o en grupo. La actividad no requiere experiencia previa, y est\u00e1 supervisada por monitores para garantizar seguridad y diversi\u00f3n.  \ud83d\udccd Estamos en San Miguel de Salinas, junto al Lago La Pedrera, a tan solo 15 minutos de Torrevieja y 45 minutos de Murcia o Alicante, en la m\u00e1gica Costa Blanca.  \ud83d\udca7 \u00bfQu\u00e9 incluye?   Kayak adaptado a tu grupo (1, 2 o 4 plazas)  Remo y chaleco salvavidas  Zona delimitada y segura en lago artificial  Monitor y asistencia en todo momento  \ud83d\udc67 Edad m\u00ednima: 4 a\u00f1os (acompa\u00f1ados) \u23f1\ufe0f Duraci\u00f3n: Variable seg\u00fan grupo o pack \ud83c\udfaf Nivel recomendado: Iniciaci\u00f3n \/ Familiar  \ud83c\udf1e Una actividad ideal para refrescarse, re\u00edr y disfrutar juntos al aire libre.","og_url":"https:\/\/lorufete.com\/en\/product\/kayaks\/","og_site_name":"Lorufete.com","article_modified_time":"2025-04-05T11:05:20+00:00","og_image":[{"width":600,"height":337,"url":"https:\/\/lorufete.com\/wp-content\/uploads\/2024\/09\/kayak1-d8c49d065f-1.jpg","type":"image\/jpeg"}],"twitter_card":"summary_large_image","twitter_misc":{"Est. reading time":"1 minute"},"schema":{"@context":"https:\/\/schema.org","@graph":[{"@type":"WebPage","@id":"https:\/\/lorufete.com\/producto\/kayaks\/","url":"https:\/\/lorufete.com\/producto\/kayaks\/","name":"Kayaks 1 persona - Lorufete.com","isPartOf":{"@id":"https:\/\/lorufete.com\/#website"},"primaryImageOfPage":{"@id":"https:\/\/lorufete.com\/producto\/kayaks\/#primaryimage"},"image":{"@id":"https:\/\/lorufete.com\/producto\/kayaks\/#primaryimage"},"thumbnailUrl":"https:\/\/lorufete.com\/wp-content\/uploads\/2024\/09\/kayak1-d8c49d065f-1.jpg","datePublished":"2024-09-28T10:22:30+00:00","dateModified":"2025-04-05T11:05:20+00:00","breadcrumb":{"@id":"https:\/\/lorufete.com\/producto\/kayaks\/#breadcrumb"},"inLanguage":"en-US","potentialAction":[{"@type":"ReadAction","target":["https:\/\/lorufete.com\/producto\/kayaks\/"]}]},{"@type":"ImageObject","inLanguage":"en-US","@id":"https:\/\/lorufete.com\/producto\/kayaks\/#primaryimage","url":"https:\/\/lorufete.com\/wp-content\/uploads\/2024\/09\/kayak1-d8c49d065f-1.jpg","contentUrl":"https:\/\/lorufete.com\/wp-content\/uploads\/2024\/09\/kayak1-d8c49d065f-1.jpg","width":600,"height":337},{"@type":"BreadcrumbList","@id":"https:\/\/lorufete.com\/producto\/kayaks\/#breadcrumb","itemListElement":[{"@type":"ListItem","position":1,"name":"Portada","item":"https:\/\/lorufete.com\/"},{"@type":"ListItem","position":2,"name":"Productos","item":"https:\/\/lorufete.com\/shop__trashed\/"},{"@type":"ListItem","position":3,"name":"Kayaks 1 persona"}]},{"@type":"WebSite","@id":"https:\/\/lorufete.com\/#website","url":"https:\/\/lorufete.com\/","name":"LoRufete","description":"Park Multi Adventure in Alicante","alternateName":"LoRufete","potentialAction":[{"@type":"SearchAction","target":{"@type":"EntryPoint","urlTemplate":"https:\/\/lorufete.com\/?s={search_term_string}"},"query-input":{"@type":"PropertyValueSpecification","valueRequired":true,"valueName":"search_term_string"}}],"inLanguage":"en-US"}]}},"_links":{"self":[{"href":"https:\/\/lorufete.com\/en\/wp-json\/wp\/v2\/product\/100953","targetHints":{"allow":["GET"]}}],"collection":[{"href":"https:\/\/lorufete.com\/en\/wp-json\/wp\/v2\/product"}],"about":[{"href":"https:\/\/lorufete.com\/en\/wp-json\/wp\/v2\/types\/product"}],"version-history":[{"count":0,"href":"https:\/\/lorufete.com\/en\/wp-json\/wp\/v2\/product\/100953\/revisions"}],"wp:featuredmedia":[{"embeddable":true,"href":"https:\/\/lorufete.com\/en\/wp-json\/wp\/v2\/media\/100096"}],"wp:attachment":[{"href":"https:\/\/lorufete.com\/en\/wp-json\/wp\/v2\/media?parent=100953"}],"wp:term":[{"taxonomy":"product_brand","embeddable":true,"href":"https:\/\/lorufete.com\/en\/wp-json\/wp\/v2\/product_brand?post=100953"},{"taxonomy":"product_cat","embeddable":true,"href":"https:\/\/lorufete.com\/en\/wp-json\/wp\/v2\/product_cat?post=100953"},{"taxonomy":"product_tag","embeddable":true,"href":"https:\/\/lorufete.com\/en\/wp-json\/wp\/v2\/product_tag?post=100953"}],"curies":[{"name":"wp","href":"https:\/\/api.w.org\/{rel}","templated":true}]}}