{"id":103124,"date":"2025-04-01T22:33:28","date_gmt":"2025-04-01T20:33:28","guid":{"rendered":"https:\/\/lorufete.com\/?page_id=103124"},"modified":"2025-04-01T22:35:00","modified_gmt":"2025-04-01T20:35:00","slug":"piscina","status":"publish","type":"page","link":"https:\/\/lorufete.com\/fr\/piscina\/","title":{"rendered":"Piscine"},"content":{"rendered":"<div data-elementor-type=\"wp-page\" data-elementor-id=\"103124\" class=\"elementor elementor-103124\" data-elementor-post-type=\"page\">\n\t\t\t\t\t\t<section class=\"elementor-section elementor-top-section elementor-element elementor-element-ff6b6b4 elementor-section-full_width elementor-section-height-default elementor-section-height-default\" data-id=\"ff6b6b4\" data-element_type=\"section\" data-e-type=\"section\" data-settings=\"{&quot;background_background&quot;:&quot;classic&quot;}\">\n\t\t\t\t\t\t<div class=\"elementor-container elementor-column-gap-default\">\n\t\t\t\t\t<div class=\"elementor-column elementor-col-100 elementor-top-column elementor-element elementor-element-012e3e3\" data-id=\"012e3e3\" data-element_type=\"column\" data-e-type=\"column\">\n\t\t\t<div class=\"elementor-widget-wrap elementor-element-populated\">\n\t\t\t\t\t\t<div class=\"elementor-element elementor-element-a28eb2d elementor-widget elementor-widget-image\" data-id=\"a28eb2d\" data-element_type=\"widget\" data-e-type=\"widget\" data-widget_type=\"image.default\">\n\t\t\t\t<div class=\"elementor-widget-container\">\n\t\t\t\t\t\t\t\t\t\t\t\t\t\t\t<img fetchpriority=\"high\" decoding=\"async\" width=\"2560\" height=\"1707\" src=\"https:\/\/lorufete.com\/wp-content\/uploads\/2024\/09\/IMG_5587-scaled-1.jpg\" class=\"attachment-full size-full wp-image-100120\" alt=\"\" srcset=\"https:\/\/lorufete.com\/wp-content\/uploads\/2024\/09\/IMG_5587-scaled-1.jpg 2560w, https:\/\/lorufete.com\/wp-content\/uploads\/2024\/09\/IMG_5587-scaled-1-1024x683.jpg 1024w, https:\/\/lorufete.com\/wp-content\/uploads\/2024\/09\/IMG_5587-scaled-1-768x512.jpg 768w, https:\/\/lorufete.com\/wp-content\/uploads\/2024\/09\/IMG_5587-scaled-1-600x400.jpg 600w\" sizes=\"(max-width: 2560px) 100vw, 2560px\" \/>\t\t\t\t\t\t\t\t\t\t\t\t\t\t\t<\/div>\n\t\t\t\t<\/div>\n\t\t\t\t\t<\/div>\n\t\t<\/div>\n\t\t\t\t\t<\/div>\n\t\t<\/section>\n\t\t\t\t<section class=\"elementor-section elementor-top-section elementor-element elementor-element-0bd0f6f elementor-section-boxed elementor-section-height-default elementor-section-height-default\" data-id=\"0bd0f6f\" data-element_type=\"section\" data-e-type=\"section\" data-settings=\"{&quot;background_background&quot;:&quot;classic&quot;}\">\n\t\t\t\t\t\t<div class=\"elementor-container elementor-column-gap-default\">\n\t\t\t\t\t<div class=\"elementor-column elementor-col-100 elementor-top-column elementor-element elementor-element-42285f3\" data-id=\"42285f3\" data-element_type=\"column\" data-e-type=\"column\">\n\t\t\t<div class=\"elementor-widget-wrap elementor-element-populated\">\n\t\t\t\t\t\t<div class=\"elementor-element elementor-element-ade34bc elementor-widget elementor-widget-heading\" data-id=\"ade34bc\" data-element_type=\"widget\" data-e-type=\"widget\" data-widget_type=\"heading.default\">\n\t\t\t\t<div class=\"elementor-widget-container\">\n\t\t\t\t\t<h2 class=\"elementor-heading-title elementor-size-default\">\ud83c\udfd6\ufe0f Piscina gratuita para nuestros aventureros<\/h2>\t\t\t\t<\/div>\n\t\t\t\t<\/div>\n\t\t\t\t<div class=\"elementor-element elementor-element-f24f9a1 elementor-widget elementor-widget-heading\" data-id=\"f24f9a1\" data-element_type=\"widget\" data-e-type=\"widget\" data-widget_type=\"heading.default\">\n\t\t\t\t<div class=\"elementor-widget-container\">\n\t\t\t\t\t<p class=\"elementor-heading-title elementor-size-default\">En Lo Rufete Multiaventura Park, la aventura no termina tras la actividad. Despu\u00e9s de disfrutar de quads, paintball, caballos o kayaks\u2026 \u00a1toca relajarse! Y para eso, nada mejor que nuestra piscina al aire libre, un espacio pensado para refrescarte y descansar rodeado de naturaleza.<\/p>\t\t\t\t<\/div>\n\t\t\t\t<\/div>\n\t\t\t\t\t<\/div>\n\t\t<\/div>\n\t\t\t\t\t<\/div>\n\t\t<\/section>\n\t\t\t\t<section class=\"elementor-section elementor-top-section elementor-element elementor-element-a7090f1 elementor-section-boxed elementor-section-height-default elementor-section-height-default\" data-id=\"a7090f1\" data-element_type=\"section\" data-e-type=\"section\">\n\t\t\t\t\t\t<div class=\"elementor-container elementor-column-gap-default\">\n\t\t\t\t\t<div class=\"elementor-column elementor-col-50 elementor-top-column elementor-element elementor-element-6ed2794\" data-id=\"6ed2794\" data-element_type=\"column\" data-e-type=\"column\">\n\t\t\t<div class=\"elementor-widget-wrap elementor-element-populated\">\n\t\t\t\t\t\t<div class=\"elementor-element elementor-element-82b6299 elementor-arrows-position-inside elementor-pagination-position-outside elementor-widget elementor-widget-image-carousel\" data-id=\"82b6299\" data-element_type=\"widget\" data-e-type=\"widget\" data-settings=\"{&quot;slides_to_show&quot;:&quot;1&quot;,&quot;navigation&quot;:&quot;both&quot;,&quot;autoplay&quot;:&quot;yes&quot;,&quot;pause_on_hover&quot;:&quot;yes&quot;,&quot;pause_on_interaction&quot;:&quot;yes&quot;,&quot;autoplay_speed&quot;:5000,&quot;infinite&quot;:&quot;yes&quot;,&quot;effect&quot;:&quot;slide&quot;,&quot;speed&quot;:500}\" data-widget_type=\"image-carousel.default\">\n\t\t\t\t<div class=\"elementor-widget-container\">\n\t\t\t\t\t\t\t<div class=\"elementor-image-carousel-wrapper swiper\" role=\"region\" aria-roledescription=\"carousel\" aria-label=\"Carrousel d&#039;images\" dir=\"ltr\">\n\t\t\t<div class=\"elementor-image-carousel swiper-wrapper\" aria-live=\"off\">\n\t\t\t\t\t\t\t\t<div class=\"swiper-slide\" role=\"group\" aria-roledescription=\"slide\" aria-label=\"1 de 6\"><figure class=\"swiper-slide-inner\"><img decoding=\"async\" class=\"swiper-slide-image\" src=\"https:\/\/lorufete.com\/wp-content\/uploads\/2024\/09\/IMG_5587-scaled-1.jpg\" alt=\"IMG_5587-scaled\" \/><\/figure><\/div><div class=\"swiper-slide\" role=\"group\" aria-roledescription=\"slide\" aria-label=\"2 de 6\"><figure class=\"swiper-slide-inner\"><img decoding=\"async\" class=\"swiper-slide-image\" src=\"https:\/\/lorufete.com\/wp-content\/uploads\/2024\/09\/Rodillo-7-1.jpg\" alt=\"Rodillo-7\" \/><\/figure><\/div><div class=\"swiper-slide\" role=\"group\" aria-roledescription=\"slide\" aria-label=\"3 de 6\"><figure class=\"swiper-slide-inner\"><img decoding=\"async\" class=\"swiper-slide-image\" src=\"https:\/\/lorufete.com\/wp-content\/uploads\/2024\/09\/Rodillo-6-1.jpg\" alt=\"Rodillo-6\" \/><\/figure><\/div><div class=\"swiper-slide\" role=\"group\" aria-roledescription=\"slide\" aria-label=\"4 de 6\"><figure class=\"swiper-slide-inner\"><img decoding=\"async\" class=\"swiper-slide-image\" src=\"https:\/\/lorufete.com\/wp-content\/uploads\/2024\/09\/Rodillo-5-1.jpg\" alt=\"Rodillo-5\" \/><\/figure><\/div><div class=\"swiper-slide\" role=\"group\" aria-roledescription=\"slide\" aria-label=\"5 de 6\"><figure class=\"swiper-slide-inner\"><img decoding=\"async\" class=\"swiper-slide-image\" src=\"https:\/\/lorufete.com\/wp-content\/uploads\/2024\/09\/rodillo0-1.jpg\" alt=\"rodillo0\" \/><\/figure><\/div><div class=\"swiper-slide\" role=\"group\" aria-roledescription=\"slide\" aria-label=\"6 de 6\"><figure class=\"swiper-slide-inner\"><img decoding=\"async\" class=\"swiper-slide-image\" src=\"https:\/\/lorufete.com\/wp-content\/uploads\/2024\/09\/piscina-6b37c6024d-1.jpg\" alt=\"piscina-6b37c6024d\" \/><\/figure><\/div>\t\t\t<\/div>\n\t\t\t\t\t\t\t\t\t\t\t\t<div class=\"elementor-swiper-button elementor-swiper-button-prev\" role=\"button\" tabindex=\"0\">\n\t\t\t\t\t\t<i aria-hidden=\"true\" class=\"eicon-chevron-left\"><\/i>\t\t\t\t\t<\/div>\n\t\t\t\t\t<div class=\"elementor-swiper-button elementor-swiper-button-next\" role=\"button\" tabindex=\"0\">\n\t\t\t\t\t\t<i aria-hidden=\"true\" class=\"eicon-chevron-right\"><\/i>\t\t\t\t\t<\/div>\n\t\t\t\t\n\t\t\t\t\t\t\t\t\t<div class=\"swiper-pagination\"><\/div>\n\t\t\t\t\t\t\t\t\t<\/div>\n\t\t\t\t\t\t<\/div>\n\t\t\t\t<\/div>\n\t\t\t\t\t<\/div>\n\t\t<\/div>\n\t\t\t\t<div class=\"elementor-column elementor-col-50 elementor-top-column elementor-element elementor-element-002c5d4\" data-id=\"002c5d4\" data-element_type=\"column\" data-e-type=\"column\">\n\t\t\t<div class=\"elementor-widget-wrap elementor-element-populated\">\n\t\t\t\t\t\t<div class=\"elementor-element elementor-element-edbe6ae elementor-widget elementor-widget-text-editor\" data-id=\"edbe6ae\" data-element_type=\"widget\" data-e-type=\"widget\" data-widget_type=\"text-editor.default\">\n\t\t\t\t<div class=\"elementor-widget-container\">\n\t\t\t\t\t\t\t\t\t<p><strong>\ud83c\udf1e \u00bfQu\u00e9 te espera en nuestra piscina?<\/strong><\/p>\n<ul>\n<li>Acceso <strong>gratuito<\/strong> con la compra de cualquier actividad.<\/li>\n<li><strong>Zona de c\u00e9sped<\/strong>, perfecta para relajarte al sol.<\/li>\n<li><strong>Sombras y hamacas<\/strong> para que te tomes un buen respiro.<\/li>\n<li>Ambiente tranquilo, ideal para grupos, familias o quien viene a pasar el d\u00eda entero.<\/li>\n<\/ul>\n<p>Nuestra piscina est\u00e1 ubicada en una zona elevada con vistas al entorno, rodeada de vegetaci\u00f3n y con acceso c\u00f3modo desde todas las zonas del parque.<\/p>\n<p>\ud83c\udfaf <strong>Ideal para completar tu d\u00eda multiaventura con un rato de relax y diversi\u00f3n en el agua.<\/strong><\/p>\t\t\t\t\t\t\t\t<\/div>\n\t\t\t\t<\/div>\n\t\t\t\t\t<\/div>\n\t\t<\/div>\n\t\t\t\t\t<\/div>\n\t\t<\/section>\n\t\t\t\t<section class=\"elementor-section elementor-top-section elementor-element elementor-element-7efff13 elementor-section-boxed elementor-section-height-default elementor-section-height-default\" data-id=\"7efff13\" data-element_type=\"section\" data-e-type=\"section\" data-settings=\"{&quot;background_background&quot;:&quot;classic&quot;}\">\n\t\t\t\t\t\t<div class=\"elementor-container elementor-column-gap-default\">\n\t\t\t\t\t<div class=\"elementor-column elementor-col-100 elementor-top-column elementor-element elementor-element-de78891\" data-id=\"de78891\" data-element_type=\"column\" data-e-type=\"column\">\n\t\t\t<div class=\"elementor-widget-wrap elementor-element-populated\">\n\t\t\t\t\t\t<div class=\"elementor-element elementor-element-24eedf0 elementor-widget elementor-widget-heading\" data-id=\"24eedf0\" data-element_type=\"widget\" data-e-type=\"widget\" data-widget_type=\"heading.default\">\n\t\t\t\t<div class=\"elementor-widget-container\">\n\t\t\t\t\t<p class=\"elementor-heading-title elementor-size-default\">OUVERT TOUTE L&#039;ANN\u00c9E<\/p>\t\t\t\t<\/div>\n\t\t\t\t<\/div>\n\t\t\t\t<div class=\"elementor-element elementor-element-ca50977 elementor-widget elementor-widget-heading\" data-id=\"ca50977\" data-element_type=\"widget\" data-e-type=\"widget\" data-widget_type=\"heading.default\">\n\t\t\t\t<div class=\"elementor-widget-container\">\n\t\t\t\t\t<p class=\"elementor-heading-title elementor-size-default\">CV-951, Km. 1, 03193 San Miguel de Salinas, Alicante<\/p>\t\t\t\t<\/div>\n\t\t\t\t<\/div>\n\t\t\t\t\t<\/div>\n\t\t<\/div>\n\t\t\t\t\t<\/div>\n\t\t<\/section>\n\t\t\t\t<section class=\"elementor-section elementor-top-section elementor-element elementor-element-25ff7c7 elementor-section-full_width elementor-section-height-default elementor-section-height-default\" data-id=\"25ff7c7\" data-element_type=\"section\" data-e-type=\"section\">\n\t\t\t\t\t\t<div class=\"elementor-container elementor-column-gap-default\">\n\t\t\t\t\t<div class=\"elementor-column elementor-col-100 elementor-top-column elementor-element elementor-element-25367bd\" data-id=\"25367bd\" data-element_type=\"column\" data-e-type=\"column\">\n\t\t\t<div class=\"elementor-widget-wrap elementor-element-populated\">\n\t\t\t\t\t\t<div class=\"elementor-element elementor-element-2beb725 elementor-widget elementor-widget-google_maps\" data-id=\"2beb725\" data-element_type=\"widget\" data-e-type=\"widget\" data-widget_type=\"google_maps.default\">\n\t\t\t\t<div class=\"elementor-widget-container\">\n\t\t\t\t\t\t\t<div class=\"elementor-custom-embed\">\n\t\t\t<iframe loading=\"lazy\"\n\t\t\t\t\tsrc=\"https:\/\/maps.google.com\/maps?q=lorufete&#038;t=m&#038;z=11&#038;output=embed&#038;iwloc=near\"\n\t\t\t\t\ttitle=\"lorufete\"\n\t\t\t\t\taria-label=\"lorufete\"\n\t\t\t><\/iframe>\n\t\t<\/div>\n\t\t\t\t\t\t<\/div>\n\t\t\t\t<\/div>\n\t\t\t\t\t<\/div>\n\t\t<\/div>\n\t\t\t\t\t<\/div>\n\t\t<\/section>\n\t\t\t\t<\/div>","protected":false},"excerpt":{"rendered":"<p>\ud83c\udfd6\ufe0f Piscina gratuita para nuestros aventureros En Lo Rufete Multiaventura Park, la aventura no termina tras la actividad. Despu\u00e9s de disfrutar de quads, paintball, caballos o kayaks\u2026 \u00a1toca relajarse! Y para eso, nada mejor que nuestra piscina al aire libre, un espacio pensado para refrescarte y descansar rodeado de naturaleza. \ud83c\udf1e \u00bfQu\u00e9 te espera en [&hellip;]<\/p>\n","protected":false},"author":1,"featured_media":0,"parent":0,"menu_order":0,"comment_status":"closed","ping_status":"closed","template":"elementor_header_footer","meta":{"_acf_changed":false,"_joinchat":[],"footnotes":""},"tipo_actividad":[],"class_list":["post-103124","page","type-page","status-publish","hentry"],"acf":[],"yoast_head":"<!-- This site is optimized with the Yoast SEO plugin v27.1.1 - https:\/\/yoast.com\/product\/yoast-seo-wordpress\/ -->\n<title>Piscina - Lorufete.com<\/title>\n<meta name=\"robots\" content=\"index, follow, max-snippet:-1, max-image-preview:large, max-video-preview:-1\" \/>\n<link rel=\"canonical\" href=\"https:\/\/lorufete.com\/fr\/piscina\/\" \/>\n<meta property=\"og:locale\" content=\"fr_FR\" \/>\n<meta property=\"og:type\" content=\"article\" \/>\n<meta property=\"og:title\" content=\"Piscina - Lorufete.com\" \/>\n<meta property=\"og:description\" content=\"\ud83c\udfd6\ufe0f Piscina gratuita para nuestros aventureros En Lo Rufete Multiaventura Park, la aventura no termina tras la actividad. Despu\u00e9s de disfrutar de quads, paintball, caballos o kayaks\u2026 \u00a1toca relajarse! Y para eso, nada mejor que nuestra piscina al aire libre, un espacio pensado para refrescarte y descansar rodeado de naturaleza. \ud83c\udf1e \u00bfQu\u00e9 te espera en [&hellip;]\" \/>\n<meta property=\"og:url\" content=\"https:\/\/lorufete.com\/fr\/piscina\/\" \/>\n<meta property=\"og:site_name\" content=\"Lorufete.com\" \/>\n<meta property=\"article:modified_time\" content=\"2025-04-01T20:35:00+00:00\" \/>\n<meta property=\"og:image\" content=\"https:\/\/lorufete.com\/wp-content\/uploads\/2024\/09\/IMG_5587-scaled-1.jpg\" \/>\n<meta name=\"twitter:card\" content=\"summary_large_image\" \/>\n<meta name=\"twitter:label1\" content=\"Dur\u00e9e de lecture estim\u00e9e\" \/>\n\t<meta name=\"twitter:data1\" content=\"4 minutes\" \/>\n<script type=\"application\/ld+json\" class=\"yoast-schema-graph\">{\"@context\":\"https:\/\/schema.org\",\"@graph\":[{\"@type\":\"WebPage\",\"@id\":\"https:\/\/lorufete.com\/piscina\/\",\"url\":\"https:\/\/lorufete.com\/piscina\/\",\"name\":\"Piscina - Lorufete.com\",\"isPartOf\":{\"@id\":\"https:\/\/lorufete.com\/#website\"},\"primaryImageOfPage\":{\"@id\":\"https:\/\/lorufete.com\/piscina\/#primaryimage\"},\"image\":{\"@id\":\"https:\/\/lorufete.com\/piscina\/#primaryimage\"},\"thumbnailUrl\":\"https:\/\/lorufete.com\/wp-content\/uploads\/2024\/09\/IMG_5587-scaled-1.jpg\",\"datePublished\":\"2025-04-01T20:33:28+00:00\",\"dateModified\":\"2025-04-01T20:35:00+00:00\",\"breadcrumb\":{\"@id\":\"https:\/\/lorufete.com\/piscina\/#breadcrumb\"},\"inLanguage\":\"fr-FR\",\"potentialAction\":[{\"@type\":\"ReadAction\",\"target\":[\"https:\/\/lorufete.com\/piscina\/\"]}]},{\"@type\":\"ImageObject\",\"inLanguage\":\"fr-FR\",\"@id\":\"https:\/\/lorufete.com\/piscina\/#primaryimage\",\"url\":\"https:\/\/lorufete.com\/wp-content\/uploads\/2024\/09\/IMG_5587-scaled-1.jpg\",\"contentUrl\":\"https:\/\/lorufete.com\/wp-content\/uploads\/2024\/09\/IMG_5587-scaled-1.jpg\"},{\"@type\":\"BreadcrumbList\",\"@id\":\"https:\/\/lorufete.com\/piscina\/#breadcrumb\",\"itemListElement\":[{\"@type\":\"ListItem\",\"position\":1,\"name\":\"Portada\",\"item\":\"https:\/\/lorufete.com\/\"},{\"@type\":\"ListItem\",\"position\":2,\"name\":\"Piscina\"}]},{\"@type\":\"WebSite\",\"@id\":\"https:\/\/lorufete.com\/#website\",\"url\":\"https:\/\/lorufete.com\/\",\"name\":\"LoRufete\",\"description\":\"Parque Multi Aventura en Alicante\",\"alternateName\":\"LoRufete\",\"potentialAction\":[{\"@type\":\"SearchAction\",\"target\":{\"@type\":\"EntryPoint\",\"urlTemplate\":\"https:\/\/lorufete.com\/?s={search_term_string}\"},\"query-input\":{\"@type\":\"PropertyValueSpecification\",\"valueRequired\":true,\"valueName\":\"search_term_string\"}}],\"inLanguage\":\"fr-FR\"}]}<\/script>\n<!-- \/ Yoast SEO plugin. -->","yoast_head_json":{"title":"Piscina - Lorufete.com","robots":{"index":"index","follow":"follow","max-snippet":"max-snippet:-1","max-image-preview":"max-image-preview:large","max-video-preview":"max-video-preview:-1"},"canonical":"https:\/\/lorufete.com\/fr\/piscina\/","og_locale":"fr_FR","og_type":"article","og_title":"Piscina - Lorufete.com","og_description":"\ud83c\udfd6\ufe0f Piscina gratuita para nuestros aventureros En Lo Rufete Multiaventura Park, la aventura no termina tras la actividad. Despu\u00e9s de disfrutar de quads, paintball, caballos o kayaks\u2026 \u00a1toca relajarse! Y para eso, nada mejor que nuestra piscina al aire libre, un espacio pensado para refrescarte y descansar rodeado de naturaleza. \ud83c\udf1e \u00bfQu\u00e9 te espera en [&hellip;]","og_url":"https:\/\/lorufete.com\/fr\/piscina\/","og_site_name":"Lorufete.com","article_modified_time":"2025-04-01T20:35:00+00:00","og_image":[{"url":"https:\/\/lorufete.com\/wp-content\/uploads\/2024\/09\/IMG_5587-scaled-1.jpg","type":"","width":"","height":""}],"twitter_card":"summary_large_image","twitter_misc":{"Dur\u00e9e de lecture estim\u00e9e":"4 minutes"},"schema":{"@context":"https:\/\/schema.org","@graph":[{"@type":"WebPage","@id":"https:\/\/lorufete.com\/piscina\/","url":"https:\/\/lorufete.com\/piscina\/","name":"Piscina - Lorufete.com","isPartOf":{"@id":"https:\/\/lorufete.com\/#website"},"primaryImageOfPage":{"@id":"https:\/\/lorufete.com\/piscina\/#primaryimage"},"image":{"@id":"https:\/\/lorufete.com\/piscina\/#primaryimage"},"thumbnailUrl":"https:\/\/lorufete.com\/wp-content\/uploads\/2024\/09\/IMG_5587-scaled-1.jpg","datePublished":"2025-04-01T20:33:28+00:00","dateModified":"2025-04-01T20:35:00+00:00","breadcrumb":{"@id":"https:\/\/lorufete.com\/piscina\/#breadcrumb"},"inLanguage":"fr-FR","potentialAction":[{"@type":"ReadAction","target":["https:\/\/lorufete.com\/piscina\/"]}]},{"@type":"ImageObject","inLanguage":"fr-FR","@id":"https:\/\/lorufete.com\/piscina\/#primaryimage","url":"https:\/\/lorufete.com\/wp-content\/uploads\/2024\/09\/IMG_5587-scaled-1.jpg","contentUrl":"https:\/\/lorufete.com\/wp-content\/uploads\/2024\/09\/IMG_5587-scaled-1.jpg"},{"@type":"BreadcrumbList","@id":"https:\/\/lorufete.com\/piscina\/#breadcrumb","itemListElement":[{"@type":"ListItem","position":1,"name":"Portada","item":"https:\/\/lorufete.com\/"},{"@type":"ListItem","position":2,"name":"Piscina"}]},{"@type":"WebSite","@id":"https:\/\/lorufete.com\/#website","url":"https:\/\/lorufete.com\/","name":"LoRufete","description":"Parc Multi Aventure \u00e0 Alicante","alternateName":"LoRufete","potentialAction":[{"@type":"SearchAction","target":{"@type":"EntryPoint","urlTemplate":"https:\/\/lorufete.com\/?s={search_term_string}"},"query-input":{"@type":"PropertyValueSpecification","valueRequired":true,"valueName":"search_term_string"}}],"inLanguage":"fr-FR"}]}},"_links":{"self":[{"href":"https:\/\/lorufete.com\/fr\/wp-json\/wp\/v2\/pages\/103124","targetHints":{"allow":["GET"]}}],"collection":[{"href":"https:\/\/lorufete.com\/fr\/wp-json\/wp\/v2\/pages"}],"about":[{"href":"https:\/\/lorufete.com\/fr\/wp-json\/wp\/v2\/types\/page"}],"author":[{"embeddable":true,"href":"https:\/\/lorufete.com\/fr\/wp-json\/wp\/v2\/users\/1"}],"replies":[{"embeddable":true,"href":"https:\/\/lorufete.com\/fr\/wp-json\/wp\/v2\/comments?post=103124"}],"version-history":[{"count":7,"href":"https:\/\/lorufete.com\/fr\/wp-json\/wp\/v2\/pages\/103124\/revisions"}],"predecessor-version":[{"id":103131,"href":"https:\/\/lorufete.com\/fr\/wp-json\/wp\/v2\/pages\/103124\/revisions\/103131"}],"wp:attachment":[{"href":"https:\/\/lorufete.com\/fr\/wp-json\/wp\/v2\/media?parent=103124"}],"wp:term":[{"taxonomy":"tipo_actividad","embeddable":true,"href":"https:\/\/lorufete.com\/fr\/wp-json\/wp\/v2\/tipo_actividad?post=103124"}],"curies":[{"name":"wp","href":"https:\/\/api.w.org\/{rel}","templated":true}]}}