{"id":100345,"date":"2024-09-21T09:37:09","date_gmt":"2024-09-21T07:37:09","guid":{"rendered":"https:\/\/lorufete.com\/?post_type=product&#038;p=100345"},"modified":"2025-01-21T07:36:20","modified_gmt":"2025-01-21T06:36:20","slug":"pack-5","status":"publish","type":"product","link":"https:\/\/lorufete.com\/fr\/produit\/pack-5\/","title":{"rendered":"Pack de 5, Route du quad dans le lac, et le Tir \u00e0 l&#039;arc"},"content":{"rendered":"","protected":false},"excerpt":{"rendered":"<p style=\"text-align: center;\">Pour conduire le quad, il exige la conduite d&#039;une voiture.<\/p>\n<p style=\"text-align: center;\"><img fetchpriority=\"high\" decoding=\"async\" class=\"alignnone size-full wp-image-100178\" src=\"https:\/\/lorufete.com\/wp-content\/uploads\/2024\/09\/Pack-5-Nuevo-e1681497242839-1.jpg\" alt=\"Pack-5-Nouvelle-e1681497242839\" width=\"300\" height=\"300\" srcset=\"https:\/\/lorufete.com\/wp-content\/uploads\/2024\/09\/Pack-5-Nuevo-e1681497242839-1.jpg 300w, https:\/\/lorufete.com\/wp-content\/uploads\/2024\/09\/Pack-5-Nuevo-e1681497242839-1-175x175.jpg 175w, https:\/\/lorufete.com\/wp-content\/uploads\/2024\/09\/Pack-5-Nuevo-e1681497242839-1-180x180.jpg 180w\" sizes=\"(max-width: 300px) 100vw, 300px\" \/><\/p>\n<p style=\"text-align: center;\">Vivre la combinaison parfaite de la vitesse et de la pr\u00e9cision.<\/p>\n<p style=\"text-align: center;\">Conduire un quad dans un carr\u00e9 pour une passionnante visite guid\u00e9e d&#039;une heure par les environs du lac et de La Pedrera.<\/p>\n<p style=\"text-align: center;\">Ensuite, testez votre dext\u00e9rit\u00e9 avec une demi-heure de s\u00e9ance de tir \u00e0 l&#039;arc dans notre domaine, sp\u00e9cialement con\u00e7us.<\/p>\n<p style=\"text-align: center;\"><strong>Longueur totale:<\/strong>\u00a0Environ 2 heures et demie.<\/p>","protected":false},"featured_media":100178,"template":"","meta":{"_acf_changed":false,"_joinchat":[]},"product_brand":[],"product_cat":[15],"product_tag":[],"class_list":{"0":"post-100345","1":"product","2":"type-product","3":"status-publish","4":"has-post-thumbnail","6":"product_cat-uncategorized","8":"first","9":"instock","10":"virtual","11":"sold-individually","12":"purchasable","13":"product-type-booking"},"booking_location":"","booking_location_type":"","booking_duration":1,"booking_duration_unit":"hour","booking_buffer":0,"booking_cost":72,"booking_resources":[],"exclude_global_add_ons":[],"addons":[],"acf":[],"yoast_head":"<!-- This site is optimized with the Yoast SEO plugin v27.1.1 - https:\/\/yoast.com\/product\/yoast-seo-wordpress\/ -->\n<title>Pack 5 Ruta en quad por el lago y Tiro con Arco - Lorufete.com<\/title>\n<meta name=\"robots\" content=\"noindex, follow\" \/>\n<meta property=\"og:locale\" content=\"fr_FR\" \/>\n<meta property=\"og:type\" content=\"article\" \/>\n<meta property=\"og:title\" content=\"Pack 5 Ruta en quad por el lago y Tiro con Arco - Lorufete.com\" \/>\n<meta property=\"og:description\" content=\"Para conducir el quad, se requiere carnet de coche.  Vive la combinaci\u00f3n perfecta de velocidad y precisi\u00f3n. Conduce un quad de una plaza durante una emocionante excursi\u00f3n guiada de una hora por los alrededores del lago La Pedrera. Luego, pon a prueba tu destreza con una sesi\u00f3n de media hora de tiro con arco en nuestro campo especialmente dise\u00f1ado. Duraci\u00f3n total:\u00a0Aproximadamente 2 horas y media.\" \/>\n<meta property=\"og:url\" content=\"https:\/\/lorufete.com\/fr\/produit\/pack-5\/\" \/>\n<meta property=\"og:site_name\" content=\"Lorufete.com\" \/>\n<meta property=\"article:modified_time\" content=\"2025-01-21T06:36:20+00:00\" \/>\n<meta property=\"og:image\" content=\"https:\/\/lorufete.com\/wp-content\/uploads\/2024\/09\/Pack-5-Nuevo-e1681497242839-1.jpg\" \/>\n\t<meta property=\"og:image:width\" content=\"300\" \/>\n\t<meta property=\"og:image:height\" content=\"300\" \/>\n\t<meta property=\"og:image:type\" content=\"image\/jpeg\" \/>\n<meta name=\"twitter:card\" content=\"summary_large_image\" \/>\n<meta name=\"twitter:label1\" content=\"Dur\u00e9e de lecture estim\u00e9e\" \/>\n\t<meta name=\"twitter:data1\" content=\"1 minute\" \/>\n<script type=\"application\/ld+json\" class=\"yoast-schema-graph\">{\"@context\":\"https:\/\/schema.org\",\"@graph\":[{\"@type\":\"WebPage\",\"@id\":\"https:\/\/lorufete.com\/producto\/pack-5\/\",\"url\":\"https:\/\/lorufete.com\/producto\/pack-5\/\",\"name\":\"Pack 5 Ruta en quad por el lago y Tiro con Arco - Lorufete.com\",\"isPartOf\":{\"@id\":\"https:\/\/lorufete.com\/#website\"},\"primaryImageOfPage\":{\"@id\":\"https:\/\/lorufete.com\/producto\/pack-5\/#primaryimage\"},\"image\":{\"@id\":\"https:\/\/lorufete.com\/producto\/pack-5\/#primaryimage\"},\"thumbnailUrl\":\"https:\/\/lorufete.com\/wp-content\/uploads\/2024\/09\/Pack-5-Nuevo-e1681497242839-1.jpg\",\"datePublished\":\"2024-09-21T07:37:09+00:00\",\"dateModified\":\"2025-01-21T06:36:20+00:00\",\"breadcrumb\":{\"@id\":\"https:\/\/lorufete.com\/producto\/pack-5\/#breadcrumb\"},\"inLanguage\":\"fr-FR\",\"potentialAction\":[{\"@type\":\"ReadAction\",\"target\":[\"https:\/\/lorufete.com\/producto\/pack-5\/\"]}]},{\"@type\":\"ImageObject\",\"inLanguage\":\"fr-FR\",\"@id\":\"https:\/\/lorufete.com\/producto\/pack-5\/#primaryimage\",\"url\":\"https:\/\/lorufete.com\/wp-content\/uploads\/2024\/09\/Pack-5-Nuevo-e1681497242839-1.jpg\",\"contentUrl\":\"https:\/\/lorufete.com\/wp-content\/uploads\/2024\/09\/Pack-5-Nuevo-e1681497242839-1.jpg\",\"width\":300,\"height\":300,\"caption\":\"Pack-5-Nuevo-e1681497242839\"},{\"@type\":\"BreadcrumbList\",\"@id\":\"https:\/\/lorufete.com\/producto\/pack-5\/#breadcrumb\",\"itemListElement\":[{\"@type\":\"ListItem\",\"position\":1,\"name\":\"Portada\",\"item\":\"https:\/\/lorufete.com\/\"},{\"@type\":\"ListItem\",\"position\":2,\"name\":\"Productos\",\"item\":\"https:\/\/lorufete.com\/shop__trashed\/\"},{\"@type\":\"ListItem\",\"position\":3,\"name\":\"Pack 5 Ruta en quad por el lago y Tiro con Arco\"}]},{\"@type\":\"WebSite\",\"@id\":\"https:\/\/lorufete.com\/#website\",\"url\":\"https:\/\/lorufete.com\/\",\"name\":\"LoRufete\",\"description\":\"Parque Multi Aventura en Alicante\",\"alternateName\":\"LoRufete\",\"potentialAction\":[{\"@type\":\"SearchAction\",\"target\":{\"@type\":\"EntryPoint\",\"urlTemplate\":\"https:\/\/lorufete.com\/?s={search_term_string}\"},\"query-input\":{\"@type\":\"PropertyValueSpecification\",\"valueRequired\":true,\"valueName\":\"search_term_string\"}}],\"inLanguage\":\"fr-FR\"}]}<\/script>\n<!-- \/ Yoast SEO plugin. -->","yoast_head_json":{"title":"Pack de 5, Route du quad dans le lac, et le Tir \u00e0 l&#039;arc Lorufete.com","robots":{"index":"noindex","follow":"follow"},"og_locale":"fr_FR","og_type":"article","og_title":"Pack 5 Ruta en quad por el lago y Tiro con Arco - Lorufete.com","og_description":"Para conducir el quad, se requiere carnet de coche.  Vive la combinaci\u00f3n perfecta de velocidad y precisi\u00f3n. Conduce un quad de una plaza durante una emocionante excursi\u00f3n guiada de una hora por los alrededores del lago La Pedrera. Luego, pon a prueba tu destreza con una sesi\u00f3n de media hora de tiro con arco en nuestro campo especialmente dise\u00f1ado. Duraci\u00f3n total:\u00a0Aproximadamente 2 horas y media.","og_url":"https:\/\/lorufete.com\/fr\/produit\/pack-5\/","og_site_name":"Lorufete.com","article_modified_time":"2025-01-21T06:36:20+00:00","og_image":[{"width":300,"height":300,"url":"https:\/\/lorufete.com\/wp-content\/uploads\/2024\/09\/Pack-5-Nuevo-e1681497242839-1.jpg","type":"image\/jpeg"}],"twitter_card":"summary_large_image","twitter_misc":{"Dur\u00e9e de lecture estim\u00e9e":"1 minute"},"schema":{"@context":"https:\/\/schema.org","@graph":[{"@type":"WebPage","@id":"https:\/\/lorufete.com\/producto\/pack-5\/","url":"https:\/\/lorufete.com\/producto\/pack-5\/","name":"Pack de 5, Route du quad dans le lac, et le Tir \u00e0 l&#039;arc Lorufete.com","isPartOf":{"@id":"https:\/\/lorufete.com\/#website"},"primaryImageOfPage":{"@id":"https:\/\/lorufete.com\/producto\/pack-5\/#primaryimage"},"image":{"@id":"https:\/\/lorufete.com\/producto\/pack-5\/#primaryimage"},"thumbnailUrl":"https:\/\/lorufete.com\/wp-content\/uploads\/2024\/09\/Pack-5-Nuevo-e1681497242839-1.jpg","datePublished":"2024-09-21T07:37:09+00:00","dateModified":"2025-01-21T06:36:20+00:00","breadcrumb":{"@id":"https:\/\/lorufete.com\/producto\/pack-5\/#breadcrumb"},"inLanguage":"fr-FR","potentialAction":[{"@type":"ReadAction","target":["https:\/\/lorufete.com\/producto\/pack-5\/"]}]},{"@type":"ImageObject","inLanguage":"fr-FR","@id":"https:\/\/lorufete.com\/producto\/pack-5\/#primaryimage","url":"https:\/\/lorufete.com\/wp-content\/uploads\/2024\/09\/Pack-5-Nuevo-e1681497242839-1.jpg","contentUrl":"https:\/\/lorufete.com\/wp-content\/uploads\/2024\/09\/Pack-5-Nuevo-e1681497242839-1.jpg","width":300,"height":300,"caption":"Pack-5-Nuevo-e1681497242839"},{"@type":"BreadcrumbList","@id":"https:\/\/lorufete.com\/producto\/pack-5\/#breadcrumb","itemListElement":[{"@type":"ListItem","position":1,"name":"Portada","item":"https:\/\/lorufete.com\/"},{"@type":"ListItem","position":2,"name":"Productos","item":"https:\/\/lorufete.com\/shop__trashed\/"},{"@type":"ListItem","position":3,"name":"Pack 5 Ruta en quad por el lago y Tiro con Arco"}]},{"@type":"WebSite","@id":"https:\/\/lorufete.com\/#website","url":"https:\/\/lorufete.com\/","name":"LoRufete","description":"Parc Multi Aventure \u00e0 Alicante","alternateName":"LoRufete","potentialAction":[{"@type":"SearchAction","target":{"@type":"EntryPoint","urlTemplate":"https:\/\/lorufete.com\/?s={search_term_string}"},"query-input":{"@type":"PropertyValueSpecification","valueRequired":true,"valueName":"search_term_string"}}],"inLanguage":"fr-FR"}]}},"_links":{"self":[{"href":"https:\/\/lorufete.com\/fr\/wp-json\/wp\/v2\/product\/100345","targetHints":{"allow":["GET"]}}],"collection":[{"href":"https:\/\/lorufete.com\/fr\/wp-json\/wp\/v2\/product"}],"about":[{"href":"https:\/\/lorufete.com\/fr\/wp-json\/wp\/v2\/types\/product"}],"version-history":[{"count":1,"href":"https:\/\/lorufete.com\/fr\/wp-json\/wp\/v2\/product\/100345\/revisions"}],"predecessor-version":[{"id":101933,"href":"https:\/\/lorufete.com\/fr\/wp-json\/wp\/v2\/product\/100345\/revisions\/101933"}],"wp:featuredmedia":[{"embeddable":true,"href":"https:\/\/lorufete.com\/fr\/wp-json\/wp\/v2\/media\/100178"}],"wp:attachment":[{"href":"https:\/\/lorufete.com\/fr\/wp-json\/wp\/v2\/media?parent=100345"}],"wp:term":[{"taxonomy":"product_brand","embeddable":true,"href":"https:\/\/lorufete.com\/fr\/wp-json\/wp\/v2\/product_brand?post=100345"},{"taxonomy":"product_cat","embeddable":true,"href":"https:\/\/lorufete.com\/fr\/wp-json\/wp\/v2\/product_cat?post=100345"},{"taxonomy":"product_tag","embeddable":true,"href":"https:\/\/lorufete.com\/fr\/wp-json\/wp\/v2\/product_tag?post=100345"}],"curies":[{"name":"wp","href":"https:\/\/api.w.org\/{rel}","templated":true}]}}