{"id":100346,"date":"2024-09-21T09:40:50","date_gmt":"2024-09-21T07:40:50","guid":{"rendered":"https:\/\/lorufete.com\/?post_type=product&#038;p=100346"},"modified":"2025-01-21T07:27:45","modified_gmt":"2025-01-21T06:27:45","slug":"pack-4","status":"publish","type":"product","link":"https:\/\/lorufete.com\/fr\/produit\/pack-4\/","title":{"rendered":"Pack 4, Route du quad dans le lac, et de la tyrolienne"},"content":{"rendered":"","protected":false},"excerpt":{"rendered":"<p style=\"text-align: center;\">Pour la conduite, il est obligatoire d&#039;avoir les permis de conduire voiture.<\/p>\n<h4><img fetchpriority=\"high\" decoding=\"async\" class=\"alignnone size-full wp-image-100177 aligncenter\" src=\"https:\/\/lorufete.com\/wp-content\/uploads\/2024\/09\/Pack-5-1.jpg\" alt=\"Pack de 5\" width=\"300\" height=\"300\" srcset=\"https:\/\/lorufete.com\/wp-content\/uploads\/2024\/09\/Pack-5-1.jpg 300w, https:\/\/lorufete.com\/wp-content\/uploads\/2024\/09\/Pack-5-1-175x175.jpg 175w, https:\/\/lorufete.com\/wp-content\/uploads\/2024\/09\/Pack-5-1-180x180.jpg 180w\" sizes=\"(max-width: 300px) 100vw, 300px\" \/><\/h4>\n<p style=\"text-align: center;\">D\u00e9couvrez la beaut\u00e9 naturelle des environs du lac de La Carri\u00e8re avec un passionnant tour d&#039;une heure sur un quad, un square, guid\u00e9 par un moniteur expert.<\/p>\n<p style=\"text-align: center;\">Profiter de l&#039;air pur et de paysages spectaculaires.<\/p>\n<p style=\"text-align: center;\">L&#039;exp\u00e9rience se termine avec les 2 versions dans notre ligne de 150 m\u00e8tres, parfait pour ceux qui cherchent des aventures en plein air.<\/p>","protected":false},"featured_media":100177,"template":"","meta":{"_acf_changed":false,"_joinchat":[]},"product_brand":[],"product_cat":[15],"product_tag":[],"class_list":{"0":"post-100346","1":"product","2":"type-product","3":"status-publish","4":"has-post-thumbnail","6":"product_cat-uncategorized","8":"first","9":"instock","10":"virtual","11":"sold-individually","12":"purchasable","13":"product-type-booking"},"booking_location":"","booking_location_type":"","booking_duration":1,"booking_duration_unit":"hour","booking_buffer":0,"booking_cost":72,"booking_resources":[],"exclude_global_add_ons":[],"addons":[],"acf":[],"yoast_head":"<!-- This site is optimized with the Yoast SEO plugin v27.1.1 - https:\/\/yoast.com\/product\/yoast-seo-wordpress\/ -->\n<title>Pack 4 Ruta en quad por el lago y Tirolina - Lorufete.com<\/title>\n<meta name=\"robots\" content=\"noindex, follow\" \/>\n<meta property=\"og:locale\" content=\"fr_FR\" \/>\n<meta property=\"og:type\" content=\"article\" \/>\n<meta property=\"og:title\" content=\"Pack 4 Ruta en quad por el lago y Tirolina - Lorufete.com\" \/>\n<meta property=\"og:description\" content=\"Para conducir, es obligatorio presentar carnet de coche.   Descubre la belleza natural de los alrededores del lago La Pedrera con una emocionante excursi\u00f3n de una hora en quad de una plaza, guiada por un monitor experto. Disfruta del aire libre y de paisajes espectaculares. La experiencia culmina con 2 lanzamientos en nuestra tirolina de 150 metros, perfecta para quienes buscan aventuras al aire libre.\" \/>\n<meta property=\"og:url\" content=\"https:\/\/lorufete.com\/fr\/produit\/pack-4\/\" \/>\n<meta property=\"og:site_name\" content=\"Lorufete.com\" \/>\n<meta property=\"article:modified_time\" content=\"2025-01-21T06:27:45+00:00\" \/>\n<meta property=\"og:image\" content=\"https:\/\/lorufete.com\/wp-content\/uploads\/2024\/09\/Pack-5-1.jpg\" \/>\n\t<meta property=\"og:image:width\" content=\"300\" \/>\n\t<meta property=\"og:image:height\" content=\"300\" \/>\n\t<meta property=\"og:image:type\" content=\"image\/jpeg\" \/>\n<meta name=\"twitter:card\" content=\"summary_large_image\" \/>\n<meta name=\"twitter:label1\" content=\"Dur\u00e9e de lecture estim\u00e9e\" \/>\n\t<meta name=\"twitter:data1\" content=\"1 minute\" \/>\n<script type=\"application\/ld+json\" class=\"yoast-schema-graph\">{\"@context\":\"https:\/\/schema.org\",\"@graph\":[{\"@type\":\"WebPage\",\"@id\":\"https:\/\/lorufete.com\/producto\/pack-4\/\",\"url\":\"https:\/\/lorufete.com\/producto\/pack-4\/\",\"name\":\"Pack 4 Ruta en quad por el lago y Tirolina - Lorufete.com\",\"isPartOf\":{\"@id\":\"https:\/\/lorufete.com\/#website\"},\"primaryImageOfPage\":{\"@id\":\"https:\/\/lorufete.com\/producto\/pack-4\/#primaryimage\"},\"image\":{\"@id\":\"https:\/\/lorufete.com\/producto\/pack-4\/#primaryimage\"},\"thumbnailUrl\":\"https:\/\/lorufete.com\/wp-content\/uploads\/2024\/09\/Pack-5-1.jpg\",\"datePublished\":\"2024-09-21T07:40:50+00:00\",\"dateModified\":\"2025-01-21T06:27:45+00:00\",\"breadcrumb\":{\"@id\":\"https:\/\/lorufete.com\/producto\/pack-4\/#breadcrumb\"},\"inLanguage\":\"fr-FR\",\"potentialAction\":[{\"@type\":\"ReadAction\",\"target\":[\"https:\/\/lorufete.com\/producto\/pack-4\/\"]}]},{\"@type\":\"ImageObject\",\"inLanguage\":\"fr-FR\",\"@id\":\"https:\/\/lorufete.com\/producto\/pack-4\/#primaryimage\",\"url\":\"https:\/\/lorufete.com\/wp-content\/uploads\/2024\/09\/Pack-5-1.jpg\",\"contentUrl\":\"https:\/\/lorufete.com\/wp-content\/uploads\/2024\/09\/Pack-5-1.jpg\",\"width\":300,\"height\":300,\"caption\":\"Pack-5\"},{\"@type\":\"BreadcrumbList\",\"@id\":\"https:\/\/lorufete.com\/producto\/pack-4\/#breadcrumb\",\"itemListElement\":[{\"@type\":\"ListItem\",\"position\":1,\"name\":\"Portada\",\"item\":\"https:\/\/lorufete.com\/\"},{\"@type\":\"ListItem\",\"position\":2,\"name\":\"Productos\",\"item\":\"https:\/\/lorufete.com\/shop__trashed\/\"},{\"@type\":\"ListItem\",\"position\":3,\"name\":\"Pack 4 Ruta en quad por el lago y Tirolina\"}]},{\"@type\":\"WebSite\",\"@id\":\"https:\/\/lorufete.com\/#website\",\"url\":\"https:\/\/lorufete.com\/\",\"name\":\"LoRufete\",\"description\":\"Parque Multi Aventura en Alicante\",\"alternateName\":\"LoRufete\",\"potentialAction\":[{\"@type\":\"SearchAction\",\"target\":{\"@type\":\"EntryPoint\",\"urlTemplate\":\"https:\/\/lorufete.com\/?s={search_term_string}\"},\"query-input\":{\"@type\":\"PropertyValueSpecification\",\"valueRequired\":true,\"valueName\":\"search_term_string\"}}],\"inLanguage\":\"fr-FR\"}]}<\/script>\n<!-- \/ Yoast SEO plugin. -->","yoast_head_json":{"title":"Pack 4, Route du quad dans le lac, et Zip-doublure - Lorufete.com","robots":{"index":"noindex","follow":"follow"},"og_locale":"fr_FR","og_type":"article","og_title":"Pack 4 Ruta en quad por el lago y Tirolina - Lorufete.com","og_description":"Para conducir, es obligatorio presentar carnet de coche.   Descubre la belleza natural de los alrededores del lago La Pedrera con una emocionante excursi\u00f3n de una hora en quad de una plaza, guiada por un monitor experto. Disfruta del aire libre y de paisajes espectaculares. La experiencia culmina con 2 lanzamientos en nuestra tirolina de 150 metros, perfecta para quienes buscan aventuras al aire libre.","og_url":"https:\/\/lorufete.com\/fr\/produit\/pack-4\/","og_site_name":"Lorufete.com","article_modified_time":"2025-01-21T06:27:45+00:00","og_image":[{"width":300,"height":300,"url":"https:\/\/lorufete.com\/wp-content\/uploads\/2024\/09\/Pack-5-1.jpg","type":"image\/jpeg"}],"twitter_card":"summary_large_image","twitter_misc":{"Dur\u00e9e de lecture estim\u00e9e":"1 minute"},"schema":{"@context":"https:\/\/schema.org","@graph":[{"@type":"WebPage","@id":"https:\/\/lorufete.com\/producto\/pack-4\/","url":"https:\/\/lorufete.com\/producto\/pack-4\/","name":"Pack 4, Route du quad dans le lac, et Zip-doublure - Lorufete.com","isPartOf":{"@id":"https:\/\/lorufete.com\/#website"},"primaryImageOfPage":{"@id":"https:\/\/lorufete.com\/producto\/pack-4\/#primaryimage"},"image":{"@id":"https:\/\/lorufete.com\/producto\/pack-4\/#primaryimage"},"thumbnailUrl":"https:\/\/lorufete.com\/wp-content\/uploads\/2024\/09\/Pack-5-1.jpg","datePublished":"2024-09-21T07:40:50+00:00","dateModified":"2025-01-21T06:27:45+00:00","breadcrumb":{"@id":"https:\/\/lorufete.com\/producto\/pack-4\/#breadcrumb"},"inLanguage":"fr-FR","potentialAction":[{"@type":"ReadAction","target":["https:\/\/lorufete.com\/producto\/pack-4\/"]}]},{"@type":"ImageObject","inLanguage":"fr-FR","@id":"https:\/\/lorufete.com\/producto\/pack-4\/#primaryimage","url":"https:\/\/lorufete.com\/wp-content\/uploads\/2024\/09\/Pack-5-1.jpg","contentUrl":"https:\/\/lorufete.com\/wp-content\/uploads\/2024\/09\/Pack-5-1.jpg","width":300,"height":300,"caption":"Pack-5"},{"@type":"BreadcrumbList","@id":"https:\/\/lorufete.com\/producto\/pack-4\/#breadcrumb","itemListElement":[{"@type":"ListItem","position":1,"name":"Portada","item":"https:\/\/lorufete.com\/"},{"@type":"ListItem","position":2,"name":"Productos","item":"https:\/\/lorufete.com\/shop__trashed\/"},{"@type":"ListItem","position":3,"name":"Pack 4 Ruta en quad por el lago y Tirolina"}]},{"@type":"WebSite","@id":"https:\/\/lorufete.com\/#website","url":"https:\/\/lorufete.com\/","name":"LoRufete","description":"Parc Multi Aventure \u00e0 Alicante","alternateName":"LoRufete","potentialAction":[{"@type":"SearchAction","target":{"@type":"EntryPoint","urlTemplate":"https:\/\/lorufete.com\/?s={search_term_string}"},"query-input":{"@type":"PropertyValueSpecification","valueRequired":true,"valueName":"search_term_string"}}],"inLanguage":"fr-FR"}]}},"_links":{"self":[{"href":"https:\/\/lorufete.com\/fr\/wp-json\/wp\/v2\/product\/100346","targetHints":{"allow":["GET"]}}],"collection":[{"href":"https:\/\/lorufete.com\/fr\/wp-json\/wp\/v2\/product"}],"about":[{"href":"https:\/\/lorufete.com\/fr\/wp-json\/wp\/v2\/types\/product"}],"version-history":[{"count":1,"href":"https:\/\/lorufete.com\/fr\/wp-json\/wp\/v2\/product\/100346\/revisions"}],"predecessor-version":[{"id":101929,"href":"https:\/\/lorufete.com\/fr\/wp-json\/wp\/v2\/product\/100346\/revisions\/101929"}],"wp:featuredmedia":[{"embeddable":true,"href":"https:\/\/lorufete.com\/fr\/wp-json\/wp\/v2\/media\/100177"}],"wp:attachment":[{"href":"https:\/\/lorufete.com\/fr\/wp-json\/wp\/v2\/media?parent=100346"}],"wp:term":[{"taxonomy":"product_brand","embeddable":true,"href":"https:\/\/lorufete.com\/fr\/wp-json\/wp\/v2\/product_brand?post=100346"},{"taxonomy":"product_cat","embeddable":true,"href":"https:\/\/lorufete.com\/fr\/wp-json\/wp\/v2\/product_cat?post=100346"},{"taxonomy":"product_tag","embeddable":true,"href":"https:\/\/lorufete.com\/fr\/wp-json\/wp\/v2\/product_tag?post=100346"}],"curies":[{"name":"wp","href":"https:\/\/api.w.org\/{rel}","templated":true}]}}