{"id":100349,"date":"2024-09-21T09:48:10","date_gmt":"2024-09-21T07:48:10","guid":{"rendered":"https:\/\/lorufete.com\/?post_type=product&#038;p=100349"},"modified":"2025-01-21T07:25:59","modified_gmt":"2025-01-21T06:25:59","slug":"pack-1","status":"publish","type":"product","link":"https:\/\/lorufete.com\/fr\/produit\/pack-1\/","title":{"rendered":"Pack 1 Fun Quad et Plus"},"content":{"rendered":"","protected":false},"excerpt":{"rendered":"<p style=\"text-align: center;\"><strong>Age Minimum 8 ans pour le quad et 6 ans pour le tir \u00e0 l&#039;arc.<\/strong><\/p>\n<p><img fetchpriority=\"high\" decoding=\"async\" class=\"alignnone size-full wp-image-100172 aligncenter\" src=\"https:\/\/lorufete.com\/wp-content\/uploads\/2024\/09\/Pack-1-Nuevo-e1681497033235-1.jpg\" alt=\"Pack de 1\" width=\"300\" height=\"300\" srcset=\"https:\/\/lorufete.com\/wp-content\/uploads\/2024\/09\/Pack-1-Nuevo-e1681497033235-1.jpg 300w, https:\/\/lorufete.com\/wp-content\/uploads\/2024\/09\/Pack-1-Nuevo-e1681497033235-1-175x175.jpg 175w, https:\/\/lorufete.com\/wp-content\/uploads\/2024\/09\/Pack-1-Nuevo-e1681497033235-1-180x180.jpg 180w\" sizes=\"(max-width: 300px) 100vw, 300px\" \/><\/p>\n<p style=\"text-align: center;\">Vivre une exp\u00e9rience pleine d&#039;aventure, entre \u00e9motion et de pr\u00e9cision.<\/p>\n<p style=\"text-align: center;\">Commence sur un quad pour 16 minutes dans notre passionnant circuit de la terre, con\u00e7us pour tous les \u00e2ges (\u00e0 partir de 8 ans).<\/p>\n<p style=\"text-align: center;\">Ensuite, sentir l&#039;adr\u00e9naline avec 2 versions dans notre spectaculaire ligne de 150 m\u00e8tres.<\/p>\n<p style=\"text-align: center;\">Testez votre but pour une demi-heure de tir \u00e0 l&#039;arc dans un champ de conditionnement de l&#039;ext\u00e9rieur et se termine avec une visite relaxante de notre 18 trous de golf miniature.<\/p>\n<p style=\"text-align: center;\">Dur\u00e9e totale: Environ 2 heures et demi.<\/p>","protected":false},"featured_media":100172,"template":"","meta":{"_acf_changed":false,"_joinchat":[]},"product_brand":[],"product_cat":[15],"product_tag":[],"class_list":{"0":"post-100349","1":"product","2":"type-product","3":"status-publish","4":"has-post-thumbnail","6":"product_cat-uncategorized","8":"first","9":"instock","10":"virtual","11":"sold-individually","12":"purchasable","13":"product-type-booking"},"booking_location":"","booking_location_type":"","booking_duration":1,"booking_duration_unit":"hour","booking_buffer":0,"booking_cost":44,"booking_resources":[],"exclude_global_add_ons":[],"addons":[],"acf":[],"yoast_head":"<!-- This site is optimized with the Yoast SEO plugin v27.1.1 - https:\/\/yoast.com\/product\/yoast-seo-wordpress\/ -->\n<title>Pack 1 Diversi\u00f3n en Quad y M\u00e1s - Lorufete.com<\/title>\n<meta name=\"robots\" content=\"noindex, follow\" \/>\n<meta property=\"og:locale\" content=\"fr_FR\" \/>\n<meta property=\"og:type\" content=\"article\" \/>\n<meta property=\"og:title\" content=\"Pack 1 Diversi\u00f3n en Quad y M\u00e1s - Lorufete.com\" \/>\n<meta property=\"og:description\" content=\"Edad m\u00ednima 8 a\u00f1os para el quad y 6 a\u00f1os para el tiro con arco.  Vive una experiencia completa de aventura combinando emoci\u00f3n y precisi\u00f3n. Comienza pilotando un quad durante 16 minutos en nuestro emocionante circuito de tierra, dise\u00f1ado para todas las edades (a partir de 8 a\u00f1os). Luego, siente la adrenalina con 2 lanzamientos en nuestra espectacular tirolina de 150 metros. Pon a prueba tu punter\u00eda durante media hora de tiro con arco en un campo acondicionado al aire libre y termina con un relajante recorrido por nuestro minigolf de 18 hoyos. Duraci\u00f3n total: Aproximadamente 2 horas y media.\" \/>\n<meta property=\"og:url\" content=\"https:\/\/lorufete.com\/fr\/produit\/pack-1\/\" \/>\n<meta property=\"og:site_name\" content=\"Lorufete.com\" \/>\n<meta property=\"article:modified_time\" content=\"2025-01-21T06:25:59+00:00\" \/>\n<meta property=\"og:image\" content=\"https:\/\/lorufete.com\/wp-content\/uploads\/2024\/09\/Pack-1-Nuevo-e1681497033235-1.jpg\" \/>\n\t<meta property=\"og:image:width\" content=\"300\" \/>\n\t<meta property=\"og:image:height\" content=\"300\" \/>\n\t<meta property=\"og:image:type\" content=\"image\/jpeg\" \/>\n<meta name=\"twitter:card\" content=\"summary_large_image\" \/>\n<meta name=\"twitter:label1\" content=\"Dur\u00e9e de lecture estim\u00e9e\" \/>\n\t<meta name=\"twitter:data1\" content=\"1 minute\" \/>\n<script type=\"application\/ld+json\" class=\"yoast-schema-graph\">{\"@context\":\"https:\/\/schema.org\",\"@graph\":[{\"@type\":\"WebPage\",\"@id\":\"https:\/\/lorufete.com\/producto\/pack-1\/\",\"url\":\"https:\/\/lorufete.com\/producto\/pack-1\/\",\"name\":\"Pack 1 Diversi\u00f3n en Quad y M\u00e1s - Lorufete.com\",\"isPartOf\":{\"@id\":\"https:\/\/lorufete.com\/#website\"},\"primaryImageOfPage\":{\"@id\":\"https:\/\/lorufete.com\/producto\/pack-1\/#primaryimage\"},\"image\":{\"@id\":\"https:\/\/lorufete.com\/producto\/pack-1\/#primaryimage\"},\"thumbnailUrl\":\"https:\/\/lorufete.com\/wp-content\/uploads\/2024\/09\/Pack-1-Nuevo-e1681497033235-1.jpg\",\"datePublished\":\"2024-09-21T07:48:10+00:00\",\"dateModified\":\"2025-01-21T06:25:59+00:00\",\"breadcrumb\":{\"@id\":\"https:\/\/lorufete.com\/producto\/pack-1\/#breadcrumb\"},\"inLanguage\":\"fr-FR\",\"potentialAction\":[{\"@type\":\"ReadAction\",\"target\":[\"https:\/\/lorufete.com\/producto\/pack-1\/\"]}]},{\"@type\":\"ImageObject\",\"inLanguage\":\"fr-FR\",\"@id\":\"https:\/\/lorufete.com\/producto\/pack-1\/#primaryimage\",\"url\":\"https:\/\/lorufete.com\/wp-content\/uploads\/2024\/09\/Pack-1-Nuevo-e1681497033235-1.jpg\",\"contentUrl\":\"https:\/\/lorufete.com\/wp-content\/uploads\/2024\/09\/Pack-1-Nuevo-e1681497033235-1.jpg\",\"width\":300,\"height\":300,\"caption\":\"Pack 1\"},{\"@type\":\"BreadcrumbList\",\"@id\":\"https:\/\/lorufete.com\/producto\/pack-1\/#breadcrumb\",\"itemListElement\":[{\"@type\":\"ListItem\",\"position\":1,\"name\":\"Portada\",\"item\":\"https:\/\/lorufete.com\/\"},{\"@type\":\"ListItem\",\"position\":2,\"name\":\"Productos\",\"item\":\"https:\/\/lorufete.com\/shop__trashed\/\"},{\"@type\":\"ListItem\",\"position\":3,\"name\":\"Pack 1 Diversi\u00f3n en Quad y M\u00e1s\"}]},{\"@type\":\"WebSite\",\"@id\":\"https:\/\/lorufete.com\/#website\",\"url\":\"https:\/\/lorufete.com\/\",\"name\":\"LoRufete\",\"description\":\"Parque Multi Aventura en Alicante\",\"alternateName\":\"LoRufete\",\"potentialAction\":[{\"@type\":\"SearchAction\",\"target\":{\"@type\":\"EntryPoint\",\"urlTemplate\":\"https:\/\/lorufete.com\/?s={search_term_string}\"},\"query-input\":{\"@type\":\"PropertyValueSpecification\",\"valueRequired\":true,\"valueName\":\"search_term_string\"}}],\"inLanguage\":\"fr-FR\"}]}<\/script>\n<!-- \/ Yoast SEO plugin. -->","yoast_head_json":{"title":"Pack 1 Fun Quad et Plus - Lorufete.com","robots":{"index":"noindex","follow":"follow"},"og_locale":"fr_FR","og_type":"article","og_title":"Pack 1 Diversi\u00f3n en Quad y M\u00e1s - Lorufete.com","og_description":"Edad m\u00ednima 8 a\u00f1os para el quad y 6 a\u00f1os para el tiro con arco.  Vive una experiencia completa de aventura combinando emoci\u00f3n y precisi\u00f3n. Comienza pilotando un quad durante 16 minutos en nuestro emocionante circuito de tierra, dise\u00f1ado para todas las edades (a partir de 8 a\u00f1os). Luego, siente la adrenalina con 2 lanzamientos en nuestra espectacular tirolina de 150 metros. Pon a prueba tu punter\u00eda durante media hora de tiro con arco en un campo acondicionado al aire libre y termina con un relajante recorrido por nuestro minigolf de 18 hoyos. Duraci\u00f3n total: Aproximadamente 2 horas y media.","og_url":"https:\/\/lorufete.com\/fr\/produit\/pack-1\/","og_site_name":"Lorufete.com","article_modified_time":"2025-01-21T06:25:59+00:00","og_image":[{"width":300,"height":300,"url":"https:\/\/lorufete.com\/wp-content\/uploads\/2024\/09\/Pack-1-Nuevo-e1681497033235-1.jpg","type":"image\/jpeg"}],"twitter_card":"summary_large_image","twitter_misc":{"Dur\u00e9e de lecture estim\u00e9e":"1 minute"},"schema":{"@context":"https:\/\/schema.org","@graph":[{"@type":"WebPage","@id":"https:\/\/lorufete.com\/producto\/pack-1\/","url":"https:\/\/lorufete.com\/producto\/pack-1\/","name":"Pack 1 Fun Quad et Plus - Lorufete.com","isPartOf":{"@id":"https:\/\/lorufete.com\/#website"},"primaryImageOfPage":{"@id":"https:\/\/lorufete.com\/producto\/pack-1\/#primaryimage"},"image":{"@id":"https:\/\/lorufete.com\/producto\/pack-1\/#primaryimage"},"thumbnailUrl":"https:\/\/lorufete.com\/wp-content\/uploads\/2024\/09\/Pack-1-Nuevo-e1681497033235-1.jpg","datePublished":"2024-09-21T07:48:10+00:00","dateModified":"2025-01-21T06:25:59+00:00","breadcrumb":{"@id":"https:\/\/lorufete.com\/producto\/pack-1\/#breadcrumb"},"inLanguage":"fr-FR","potentialAction":[{"@type":"ReadAction","target":["https:\/\/lorufete.com\/producto\/pack-1\/"]}]},{"@type":"ImageObject","inLanguage":"fr-FR","@id":"https:\/\/lorufete.com\/producto\/pack-1\/#primaryimage","url":"https:\/\/lorufete.com\/wp-content\/uploads\/2024\/09\/Pack-1-Nuevo-e1681497033235-1.jpg","contentUrl":"https:\/\/lorufete.com\/wp-content\/uploads\/2024\/09\/Pack-1-Nuevo-e1681497033235-1.jpg","width":300,"height":300,"caption":"Pack 1"},{"@type":"BreadcrumbList","@id":"https:\/\/lorufete.com\/producto\/pack-1\/#breadcrumb","itemListElement":[{"@type":"ListItem","position":1,"name":"Portada","item":"https:\/\/lorufete.com\/"},{"@type":"ListItem","position":2,"name":"Productos","item":"https:\/\/lorufete.com\/shop__trashed\/"},{"@type":"ListItem","position":3,"name":"Pack 1 Diversi\u00f3n en Quad y M\u00e1s"}]},{"@type":"WebSite","@id":"https:\/\/lorufete.com\/#website","url":"https:\/\/lorufete.com\/","name":"LoRufete","description":"Parc Multi Aventure \u00e0 Alicante","alternateName":"LoRufete","potentialAction":[{"@type":"SearchAction","target":{"@type":"EntryPoint","urlTemplate":"https:\/\/lorufete.com\/?s={search_term_string}"},"query-input":{"@type":"PropertyValueSpecification","valueRequired":true,"valueName":"search_term_string"}}],"inLanguage":"fr-FR"}]}},"_links":{"self":[{"href":"https:\/\/lorufete.com\/fr\/wp-json\/wp\/v2\/product\/100349","targetHints":{"allow":["GET"]}}],"collection":[{"href":"https:\/\/lorufete.com\/fr\/wp-json\/wp\/v2\/product"}],"about":[{"href":"https:\/\/lorufete.com\/fr\/wp-json\/wp\/v2\/types\/product"}],"version-history":[{"count":1,"href":"https:\/\/lorufete.com\/fr\/wp-json\/wp\/v2\/product\/100349\/revisions"}],"predecessor-version":[{"id":100350,"href":"https:\/\/lorufete.com\/fr\/wp-json\/wp\/v2\/product\/100349\/revisions\/100350"}],"wp:featuredmedia":[{"embeddable":true,"href":"https:\/\/lorufete.com\/fr\/wp-json\/wp\/v2\/media\/100172"}],"wp:attachment":[{"href":"https:\/\/lorufete.com\/fr\/wp-json\/wp\/v2\/media?parent=100349"}],"wp:term":[{"taxonomy":"product_brand","embeddable":true,"href":"https:\/\/lorufete.com\/fr\/wp-json\/wp\/v2\/product_brand?post=100349"},{"taxonomy":"product_cat","embeddable":true,"href":"https:\/\/lorufete.com\/fr\/wp-json\/wp\/v2\/product_cat?post=100349"},{"taxonomy":"product_tag","embeddable":true,"href":"https:\/\/lorufete.com\/fr\/wp-json\/wp\/v2\/product_tag?post=100349"}],"curies":[{"name":"wp","href":"https:\/\/api.w.org\/{rel}","templated":true}]}}