{"id":100900,"date":"2024-09-28T11:18:31","date_gmt":"2024-09-28T09:18:31","guid":{"rendered":"https:\/\/lorufete.com\/?post_type=product&#038;p=100900"},"modified":"2026-01-25T10:18:10","modified_gmt":"2026-01-25T09:18:10","slug":"clases-de-equitacion-30min","status":"publish","type":"product","link":"https:\/\/lorufete.com\/fr\/produit\/clases-de-equitacion-30min\/","title":{"rendered":"Clases de equitaci\u00f3n 30min"},"content":{"rendered":"","protected":false},"excerpt":{"rendered":"<p style=\"text-align: center;\"><strong>\ud83c\udf93 Clase de equitaci\u00f3n (30 min) \u2013 Aprende a montar, paso a paso<\/strong><\/p>\n<p style=\"text-align: center;\"><img fetchpriority=\"high\" decoding=\"async\" class=\"alignnone wp-image-100232\" src=\"https:\/\/lorufete.com\/wp-content\/uploads\/2024\/09\/paseos-caballo-alicante-1.jpg\" alt=\"\" width=\"384\" height=\"326\" \/><\/p>\n<p>\u00bfQuieres empezar a montar caballo con seguridad y confianza? Esta clase de media hora es ideal para aprender las t\u00e9cnicas b\u00e1sicas: c\u00f3mo subir, manejar las riendas, mantener el equilibrio y comenzar a disfrutar del paseo en pista.<br \/>\nNuestros monitores adaptan la clase a tu ritmo, para que avances de forma c\u00f3moda y segura.<\/p>\n<p>\ud83d\udccd Estamos en <strong>San Miguel de Salinas<\/strong>, muy cerca de <strong>Torrevieja<\/strong>, en la <strong>Costa Blanca<\/strong>, y a menos de una hora de <strong>Murcia y Alicante<\/strong>.<\/p>\n<ul>\n<li>Edad: Desde 6 a\u00f1os<\/li>\n<li>Duraci\u00f3n: 30 minutos<\/li>\n<li>Incluye: Caballo, casco, pista y monitor<\/li>\n<li>Nivel: Iniciaci\u00f3n y medio.<\/li>\n<\/ul>\n<p><span style=\"vertical-align: inherit;\"> <\/span><\/p>","protected":false},"featured_media":100030,"template":"","meta":{"_acf_changed":false,"_joinchat":[]},"product_brand":[],"product_cat":[15],"product_tag":[],"class_list":{"0":"post-100900","1":"product","2":"type-product","3":"status-publish","4":"has-post-thumbnail","6":"product_cat-uncategorized","8":"first","9":"instock","10":"virtual","11":"sold-individually","12":"purchasable","13":"product-type-booking"},"booking_location":"","booking_location_type":"","booking_duration":1,"booking_duration_unit":"hour","booking_buffer":0,"booking_cost":25,"booking_resources":[],"exclude_global_add_ons":[],"addons":[],"acf":[],"yoast_head":"<!-- This site is optimized with the Yoast SEO plugin v27.1.1 - https:\/\/yoast.com\/product\/yoast-seo-wordpress\/ -->\n<title>Clases de equitaci\u00f3n 30min - Lorufete.com<\/title>\n<meta name=\"robots\" content=\"noindex, follow\" \/>\n<meta property=\"og:locale\" content=\"fr_FR\" \/>\n<meta property=\"og:type\" content=\"article\" \/>\n<meta property=\"og:title\" content=\"Clases de equitaci\u00f3n 30min - Lorufete.com\" \/>\n<meta property=\"og:description\" content=\"\ud83c\udf93 Clase de equitaci\u00f3n (30 min) \u2013 Aprende a montar, paso a paso  \u00bfQuieres empezar a montar caballo con seguridad y confianza? Esta clase de media hora es ideal para aprender las t\u00e9cnicas b\u00e1sicas: c\u00f3mo subir, manejar las riendas, mantener el equilibrio y comenzar a disfrutar del paseo en pista. Nuestros monitores adaptan la clase a tu ritmo, para que avances de forma c\u00f3moda y segura.  \ud83d\udccd Estamos en San Miguel de Salinas, muy cerca de Torrevieja, en la Costa Blanca, y a menos de una hora de Murcia y Alicante.   Edad: Desde 6 a\u00f1os  Duraci\u00f3n: 30 minutos  Incluye: Caballo, casco, pista y monitor  Nivel: Iniciaci\u00f3n y medio.\" \/>\n<meta property=\"og:url\" content=\"https:\/\/lorufete.com\/fr\/produit\/clases-de-equitacion-30min\/\" \/>\n<meta property=\"og:site_name\" content=\"Lorufete.com\" \/>\n<meta property=\"article:modified_time\" content=\"2026-01-25T09:18:10+00:00\" \/>\n<meta property=\"og:image\" content=\"https:\/\/lorufete.com\/wp-content\/uploads\/2024\/09\/Clase-de-equitacion-1hora-35E-1-1.jpg\" \/>\n\t<meta property=\"og:image:width\" content=\"1080\" \/>\n\t<meta property=\"og:image:height\" content=\"1080\" \/>\n\t<meta property=\"og:image:type\" content=\"image\/jpeg\" \/>\n<meta name=\"twitter:card\" content=\"summary_large_image\" \/>\n<meta name=\"twitter:label1\" content=\"Dur\u00e9e de lecture estim\u00e9e\" \/>\n\t<meta name=\"twitter:data1\" content=\"1 minute\" \/>\n<script type=\"application\/ld+json\" class=\"yoast-schema-graph\">{\"@context\":\"https:\/\/schema.org\",\"@graph\":[{\"@type\":\"WebPage\",\"@id\":\"https:\/\/lorufete.com\/producto\/clases-de-equitacion-30min\/\",\"url\":\"https:\/\/lorufete.com\/producto\/clases-de-equitacion-30min\/\",\"name\":\"Clases de equitaci\u00f3n 30min - Lorufete.com\",\"isPartOf\":{\"@id\":\"https:\/\/lorufete.com\/#website\"},\"primaryImageOfPage\":{\"@id\":\"https:\/\/lorufete.com\/producto\/clases-de-equitacion-30min\/#primaryimage\"},\"image\":{\"@id\":\"https:\/\/lorufete.com\/producto\/clases-de-equitacion-30min\/#primaryimage\"},\"thumbnailUrl\":\"https:\/\/lorufete.com\/wp-content\/uploads\/2024\/09\/Clase-de-equitacion-1hora-35E-1-1.jpg\",\"datePublished\":\"2024-09-28T09:18:31+00:00\",\"dateModified\":\"2026-01-25T09:18:10+00:00\",\"breadcrumb\":{\"@id\":\"https:\/\/lorufete.com\/producto\/clases-de-equitacion-30min\/#breadcrumb\"},\"inLanguage\":\"fr-FR\",\"potentialAction\":[{\"@type\":\"ReadAction\",\"target\":[\"https:\/\/lorufete.com\/producto\/clases-de-equitacion-30min\/\"]}]},{\"@type\":\"ImageObject\",\"inLanguage\":\"fr-FR\",\"@id\":\"https:\/\/lorufete.com\/producto\/clases-de-equitacion-30min\/#primaryimage\",\"url\":\"https:\/\/lorufete.com\/wp-content\/uploads\/2024\/09\/Clase-de-equitacion-1hora-35E-1-1.jpg\",\"contentUrl\":\"https:\/\/lorufete.com\/wp-content\/uploads\/2024\/09\/Clase-de-equitacion-1hora-35E-1-1.jpg\",\"width\":1080,\"height\":1080},{\"@type\":\"BreadcrumbList\",\"@id\":\"https:\/\/lorufete.com\/producto\/clases-de-equitacion-30min\/#breadcrumb\",\"itemListElement\":[{\"@type\":\"ListItem\",\"position\":1,\"name\":\"Portada\",\"item\":\"https:\/\/lorufete.com\/\"},{\"@type\":\"ListItem\",\"position\":2,\"name\":\"Productos\",\"item\":\"https:\/\/lorufete.com\/shop__trashed\/\"},{\"@type\":\"ListItem\",\"position\":3,\"name\":\"Clases de equitaci\u00f3n 30min\"}]},{\"@type\":\"WebSite\",\"@id\":\"https:\/\/lorufete.com\/#website\",\"url\":\"https:\/\/lorufete.com\/\",\"name\":\"LoRufete\",\"description\":\"Parque Multi Aventura en Alicante\",\"alternateName\":\"LoRufete\",\"potentialAction\":[{\"@type\":\"SearchAction\",\"target\":{\"@type\":\"EntryPoint\",\"urlTemplate\":\"https:\/\/lorufete.com\/?s={search_term_string}\"},\"query-input\":{\"@type\":\"PropertyValueSpecification\",\"valueRequired\":true,\"valueName\":\"search_term_string\"}}],\"inLanguage\":\"fr-FR\"}]}<\/script>\n<!-- \/ Yoast SEO plugin. -->","yoast_head_json":{"title":"Clases de equitaci\u00f3n 30min - Lorufete.com","robots":{"index":"noindex","follow":"follow"},"og_locale":"fr_FR","og_type":"article","og_title":"Clases de equitaci\u00f3n 30min - Lorufete.com","og_description":"\ud83c\udf93 Clase de equitaci\u00f3n (30 min) \u2013 Aprende a montar, paso a paso  \u00bfQuieres empezar a montar caballo con seguridad y confianza? Esta clase de media hora es ideal para aprender las t\u00e9cnicas b\u00e1sicas: c\u00f3mo subir, manejar las riendas, mantener el equilibrio y comenzar a disfrutar del paseo en pista. Nuestros monitores adaptan la clase a tu ritmo, para que avances de forma c\u00f3moda y segura.  \ud83d\udccd Estamos en San Miguel de Salinas, muy cerca de Torrevieja, en la Costa Blanca, y a menos de una hora de Murcia y Alicante.   Edad: Desde 6 a\u00f1os  Duraci\u00f3n: 30 minutos  Incluye: Caballo, casco, pista y monitor  Nivel: Iniciaci\u00f3n y medio.","og_url":"https:\/\/lorufete.com\/fr\/produit\/clases-de-equitacion-30min\/","og_site_name":"Lorufete.com","article_modified_time":"2026-01-25T09:18:10+00:00","og_image":[{"width":1080,"height":1080,"url":"https:\/\/lorufete.com\/wp-content\/uploads\/2024\/09\/Clase-de-equitacion-1hora-35E-1-1.jpg","type":"image\/jpeg"}],"twitter_card":"summary_large_image","twitter_misc":{"Dur\u00e9e de lecture estim\u00e9e":"1 minute"},"schema":{"@context":"https:\/\/schema.org","@graph":[{"@type":"WebPage","@id":"https:\/\/lorufete.com\/producto\/clases-de-equitacion-30min\/","url":"https:\/\/lorufete.com\/producto\/clases-de-equitacion-30min\/","name":"Clases de equitaci\u00f3n 30min - Lorufete.com","isPartOf":{"@id":"https:\/\/lorufete.com\/#website"},"primaryImageOfPage":{"@id":"https:\/\/lorufete.com\/producto\/clases-de-equitacion-30min\/#primaryimage"},"image":{"@id":"https:\/\/lorufete.com\/producto\/clases-de-equitacion-30min\/#primaryimage"},"thumbnailUrl":"https:\/\/lorufete.com\/wp-content\/uploads\/2024\/09\/Clase-de-equitacion-1hora-35E-1-1.jpg","datePublished":"2024-09-28T09:18:31+00:00","dateModified":"2026-01-25T09:18:10+00:00","breadcrumb":{"@id":"https:\/\/lorufete.com\/producto\/clases-de-equitacion-30min\/#breadcrumb"},"inLanguage":"fr-FR","potentialAction":[{"@type":"ReadAction","target":["https:\/\/lorufete.com\/producto\/clases-de-equitacion-30min\/"]}]},{"@type":"ImageObject","inLanguage":"fr-FR","@id":"https:\/\/lorufete.com\/producto\/clases-de-equitacion-30min\/#primaryimage","url":"https:\/\/lorufete.com\/wp-content\/uploads\/2024\/09\/Clase-de-equitacion-1hora-35E-1-1.jpg","contentUrl":"https:\/\/lorufete.com\/wp-content\/uploads\/2024\/09\/Clase-de-equitacion-1hora-35E-1-1.jpg","width":1080,"height":1080},{"@type":"BreadcrumbList","@id":"https:\/\/lorufete.com\/producto\/clases-de-equitacion-30min\/#breadcrumb","itemListElement":[{"@type":"ListItem","position":1,"name":"Portada","item":"https:\/\/lorufete.com\/"},{"@type":"ListItem","position":2,"name":"Productos","item":"https:\/\/lorufete.com\/shop__trashed\/"},{"@type":"ListItem","position":3,"name":"Clases de equitaci\u00f3n 30min"}]},{"@type":"WebSite","@id":"https:\/\/lorufete.com\/#website","url":"https:\/\/lorufete.com\/","name":"LoRufete","description":"Parc Multi Aventure \u00e0 Alicante","alternateName":"LoRufete","potentialAction":[{"@type":"SearchAction","target":{"@type":"EntryPoint","urlTemplate":"https:\/\/lorufete.com\/?s={search_term_string}"},"query-input":{"@type":"PropertyValueSpecification","valueRequired":true,"valueName":"search_term_string"}}],"inLanguage":"fr-FR"}]}},"_links":{"self":[{"href":"https:\/\/lorufete.com\/fr\/wp-json\/wp\/v2\/product\/100900","targetHints":{"allow":["GET"]}}],"collection":[{"href":"https:\/\/lorufete.com\/fr\/wp-json\/wp\/v2\/product"}],"about":[{"href":"https:\/\/lorufete.com\/fr\/wp-json\/wp\/v2\/types\/product"}],"version-history":[{"count":2,"href":"https:\/\/lorufete.com\/fr\/wp-json\/wp\/v2\/product\/100900\/revisions"}],"predecessor-version":[{"id":107269,"href":"https:\/\/lorufete.com\/fr\/wp-json\/wp\/v2\/product\/100900\/revisions\/107269"}],"wp:featuredmedia":[{"embeddable":true,"href":"https:\/\/lorufete.com\/fr\/wp-json\/wp\/v2\/media\/100030"}],"wp:attachment":[{"href":"https:\/\/lorufete.com\/fr\/wp-json\/wp\/v2\/media?parent=100900"}],"wp:term":[{"taxonomy":"product_brand","embeddable":true,"href":"https:\/\/lorufete.com\/fr\/wp-json\/wp\/v2\/product_brand?post=100900"},{"taxonomy":"product_cat","embeddable":true,"href":"https:\/\/lorufete.com\/fr\/wp-json\/wp\/v2\/product_cat?post=100900"},{"taxonomy":"product_tag","embeddable":true,"href":"https:\/\/lorufete.com\/fr\/wp-json\/wp\/v2\/product_tag?post=100900"}],"curies":[{"name":"wp","href":"https:\/\/api.w.org\/{rel}","templated":true}]}}