{"id":100910,"date":"2024-09-28T11:46:57","date_gmt":"2024-09-28T09:46:57","guid":{"rendered":"https:\/\/lorufete.com\/?post_type=product&#038;p=100910"},"modified":"2026-01-24T13:23:22","modified_gmt":"2026-01-24T12:23:22","slug":"excursiones-en-quads-1h-1plaza","status":"publish","type":"product","link":"https:\/\/lorufete.com\/fr\/produit\/excursiones-en-quads-1h-1plaza\/","title":{"rendered":"Excursiones en quads 1h 1 plaza"},"content":{"rendered":"","protected":false},"excerpt":{"rendered":"<div class=\"wpb_text_column wpb_content_element\">\n<div class=\"wpb_wrapper\">\n<p style=\"text-align: center;\"><strong>\ud83c\udf04 Excursi\u00f3n 1 hora en quad individual \u2013 La ruta donde empieza la leyenda<\/strong><\/p>\n<p><a href=\"https:\/\/lorufete.com\/wp-content\/uploads\/2018\/05\/Excursion-1h-en-quads-de-una-plaza-50E-1.jpg\"><img fetchpriority=\"high\" decoding=\"async\" class=\"wp-image-48093 aligncenter\" src=\"https:\/\/lorufete.com\/wp-content\/uploads\/2018\/05\/Excursion-1h-en-quads-de-una-plaza-50E-1-300x300.jpg\" alt=\"\" width=\"654\" height=\"654\" \/><\/a><\/p>\n<p>Esta no es una excursi\u00f3n, es una <strong>aventura en estado puro<\/strong>.<br \/>\nConduce tu propio quad durante 1 hora por caminos de tierra, subidas t\u00e9cnicas y paisajes naturales que solo se ven en las rutas de Lo Rufete. Una combinaci\u00f3n perfecta de emoci\u00f3n, libertad y conexi\u00f3n con el entorno, <strong>junto al majestuoso Lago La Pedrera<\/strong>.<\/p>\n<p>Te sentir\u00e1s como si protagonizaras tu propia pel\u00edcula de acci\u00f3n\u2026 pero con casco y sonrisa.<\/p>\n<p><strong>Edad m\u00ednima:<\/strong> 18 a\u00f1os<br \/>\n<strong>Requisitos:<\/strong> Carnet B<br \/>\n<strong>Duraci\u00f3n:<\/strong> 1 hora<br \/>\n<strong>Tipo de quad:<\/strong> individual<br \/>\n\ud83c\udf0d <em>No hay mejor forma de conocer la zona que sintiendo cada metro bajo tus ruedas. \u00a1Una hora que se pasa volando\u2026 y se recuerda para siempre!<\/em><\/p>\n<p><span style=\"vertical-align: inherit;\"> <\/span><\/p>\n<\/div>\n<\/div>","protected":false},"featured_media":100270,"template":"","meta":{"_acf_changed":false,"_joinchat":[]},"product_brand":[],"product_cat":[15],"product_tag":[],"class_list":{"0":"post-100910","1":"product","2":"type-product","3":"status-publish","4":"has-post-thumbnail","6":"product_cat-uncategorized","8":"first","9":"instock","10":"virtual","11":"sold-individually","12":"purchasable","13":"product-type-booking"},"booking_location":"","booking_location_type":"","booking_duration":2,"booking_duration_unit":"hour","booking_buffer":0,"booking_cost":65,"booking_resources":[],"exclude_global_add_ons":[],"addons":[],"acf":[],"yoast_head":"<!-- This site is optimized with the Yoast SEO plugin v27.1.1 - https:\/\/yoast.com\/product\/yoast-seo-wordpress\/ -->\n<title>Excursiones en quads 1h 1 plaza - Lorufete.com<\/title>\n<meta name=\"robots\" content=\"noindex, follow\" \/>\n<meta property=\"og:locale\" content=\"fr_FR\" \/>\n<meta property=\"og:type\" content=\"article\" \/>\n<meta property=\"og:title\" content=\"Excursiones en quads 1h 1 plaza - Lorufete.com\" \/>\n<meta property=\"og:description\" content=\"\ud83c\udf04 Excursi\u00f3n 1 hora en quad individual \u2013 La ruta donde empieza la leyenda   Esta no es una excursi\u00f3n, es una aventura en estado puro. Conduce tu propio quad durante 1 hora por caminos de tierra, subidas t\u00e9cnicas y paisajes naturales que solo se ven en las rutas de Lo Rufete. Una combinaci\u00f3n perfecta de emoci\u00f3n, libertad y conexi\u00f3n con el entorno, junto al majestuoso Lago La Pedrera.  Te sentir\u00e1s como si protagonizaras tu propia pel\u00edcula de acci\u00f3n\u2026 pero con casco y sonrisa.  Edad m\u00ednima: 18 a\u00f1os Requisitos: Carnet B Duraci\u00f3n: 1 hora Tipo de quad: individual \ud83c\udf0d No hay mejor forma de conocer la zona que sintiendo cada metro bajo tus ruedas. \u00a1Una hora que se pasa volando\u2026 y se recuerda para siempre!\" \/>\n<meta property=\"og:url\" content=\"https:\/\/lorufete.com\/fr\/produit\/excursiones-en-quads-1h-1plaza\/\" \/>\n<meta property=\"og:site_name\" content=\"Lorufete.com\" \/>\n<meta property=\"article:modified_time\" content=\"2026-01-24T12:23:22+00:00\" \/>\n<meta property=\"og:image\" content=\"https:\/\/lorufete.com\/wp-content\/uploads\/2024\/09\/Quads-ninos-17-minutos-circuito-1-1.jpg\" \/>\n\t<meta property=\"og:image:width\" content=\"1080\" \/>\n\t<meta property=\"og:image:height\" content=\"1080\" \/>\n\t<meta property=\"og:image:type\" content=\"image\/jpeg\" \/>\n<meta name=\"twitter:card\" content=\"summary_large_image\" \/>\n<meta name=\"twitter:label1\" content=\"Dur\u00e9e de lecture estim\u00e9e\" \/>\n\t<meta name=\"twitter:data1\" content=\"1 minute\" \/>\n<script type=\"application\/ld+json\" class=\"yoast-schema-graph\">{\"@context\":\"https:\/\/schema.org\",\"@graph\":[{\"@type\":\"WebPage\",\"@id\":\"https:\/\/lorufete.com\/producto\/excursiones-en-quads-1h-1plaza\/\",\"url\":\"https:\/\/lorufete.com\/producto\/excursiones-en-quads-1h-1plaza\/\",\"name\":\"Excursiones en quads 1h 1 plaza - Lorufete.com\",\"isPartOf\":{\"@id\":\"https:\/\/lorufete.com\/#website\"},\"primaryImageOfPage\":{\"@id\":\"https:\/\/lorufete.com\/producto\/excursiones-en-quads-1h-1plaza\/#primaryimage\"},\"image\":{\"@id\":\"https:\/\/lorufete.com\/producto\/excursiones-en-quads-1h-1plaza\/#primaryimage\"},\"thumbnailUrl\":\"https:\/\/lorufete.com\/wp-content\/uploads\/2024\/09\/Quads-ninos-17-minutos-circuito-1-1.jpg\",\"datePublished\":\"2024-09-28T09:46:57+00:00\",\"dateModified\":\"2026-01-24T12:23:22+00:00\",\"breadcrumb\":{\"@id\":\"https:\/\/lorufete.com\/producto\/excursiones-en-quads-1h-1plaza\/#breadcrumb\"},\"inLanguage\":\"fr-FR\",\"potentialAction\":[{\"@type\":\"ReadAction\",\"target\":[\"https:\/\/lorufete.com\/producto\/excursiones-en-quads-1h-1plaza\/\"]}]},{\"@type\":\"ImageObject\",\"inLanguage\":\"fr-FR\",\"@id\":\"https:\/\/lorufete.com\/producto\/excursiones-en-quads-1h-1plaza\/#primaryimage\",\"url\":\"https:\/\/lorufete.com\/wp-content\/uploads\/2024\/09\/Quads-ninos-17-minutos-circuito-1-1.jpg\",\"contentUrl\":\"https:\/\/lorufete.com\/wp-content\/uploads\/2024\/09\/Quads-ninos-17-minutos-circuito-1-1.jpg\",\"width\":1080,\"height\":1080},{\"@type\":\"BreadcrumbList\",\"@id\":\"https:\/\/lorufete.com\/producto\/excursiones-en-quads-1h-1plaza\/#breadcrumb\",\"itemListElement\":[{\"@type\":\"ListItem\",\"position\":1,\"name\":\"Portada\",\"item\":\"https:\/\/lorufete.com\/\"},{\"@type\":\"ListItem\",\"position\":2,\"name\":\"Productos\",\"item\":\"https:\/\/lorufete.com\/shop__trashed\/\"},{\"@type\":\"ListItem\",\"position\":3,\"name\":\"Excursiones en quads 1h 1 plaza\"}]},{\"@type\":\"WebSite\",\"@id\":\"https:\/\/lorufete.com\/#website\",\"url\":\"https:\/\/lorufete.com\/\",\"name\":\"LoRufete\",\"description\":\"Parque Multi Aventura en Alicante\",\"alternateName\":\"LoRufete\",\"potentialAction\":[{\"@type\":\"SearchAction\",\"target\":{\"@type\":\"EntryPoint\",\"urlTemplate\":\"https:\/\/lorufete.com\/?s={search_term_string}\"},\"query-input\":{\"@type\":\"PropertyValueSpecification\",\"valueRequired\":true,\"valueName\":\"search_term_string\"}}],\"inLanguage\":\"fr-FR\"}]}<\/script>\n<!-- \/ Yoast SEO plugin. -->","yoast_head_json":{"title":"Excursiones en quads 1h 1 plaza - Lorufete.com","robots":{"index":"noindex","follow":"follow"},"og_locale":"fr_FR","og_type":"article","og_title":"Excursiones en quads 1h 1 plaza - Lorufete.com","og_description":"\ud83c\udf04 Excursi\u00f3n 1 hora en quad individual \u2013 La ruta donde empieza la leyenda   Esta no es una excursi\u00f3n, es una aventura en estado puro. Conduce tu propio quad durante 1 hora por caminos de tierra, subidas t\u00e9cnicas y paisajes naturales que solo se ven en las rutas de Lo Rufete. Una combinaci\u00f3n perfecta de emoci\u00f3n, libertad y conexi\u00f3n con el entorno, junto al majestuoso Lago La Pedrera.  Te sentir\u00e1s como si protagonizaras tu propia pel\u00edcula de acci\u00f3n\u2026 pero con casco y sonrisa.  Edad m\u00ednima: 18 a\u00f1os Requisitos: Carnet B Duraci\u00f3n: 1 hora Tipo de quad: individual \ud83c\udf0d No hay mejor forma de conocer la zona que sintiendo cada metro bajo tus ruedas. \u00a1Una hora que se pasa volando\u2026 y se recuerda para siempre!","og_url":"https:\/\/lorufete.com\/fr\/produit\/excursiones-en-quads-1h-1plaza\/","og_site_name":"Lorufete.com","article_modified_time":"2026-01-24T12:23:22+00:00","og_image":[{"width":1080,"height":1080,"url":"https:\/\/lorufete.com\/wp-content\/uploads\/2024\/09\/Quads-ninos-17-minutos-circuito-1-1.jpg","type":"image\/jpeg"}],"twitter_card":"summary_large_image","twitter_misc":{"Dur\u00e9e de lecture estim\u00e9e":"1 minute"},"schema":{"@context":"https:\/\/schema.org","@graph":[{"@type":"WebPage","@id":"https:\/\/lorufete.com\/producto\/excursiones-en-quads-1h-1plaza\/","url":"https:\/\/lorufete.com\/producto\/excursiones-en-quads-1h-1plaza\/","name":"Excursiones en quads 1h 1 plaza - Lorufete.com","isPartOf":{"@id":"https:\/\/lorufete.com\/#website"},"primaryImageOfPage":{"@id":"https:\/\/lorufete.com\/producto\/excursiones-en-quads-1h-1plaza\/#primaryimage"},"image":{"@id":"https:\/\/lorufete.com\/producto\/excursiones-en-quads-1h-1plaza\/#primaryimage"},"thumbnailUrl":"https:\/\/lorufete.com\/wp-content\/uploads\/2024\/09\/Quads-ninos-17-minutos-circuito-1-1.jpg","datePublished":"2024-09-28T09:46:57+00:00","dateModified":"2026-01-24T12:23:22+00:00","breadcrumb":{"@id":"https:\/\/lorufete.com\/producto\/excursiones-en-quads-1h-1plaza\/#breadcrumb"},"inLanguage":"fr-FR","potentialAction":[{"@type":"ReadAction","target":["https:\/\/lorufete.com\/producto\/excursiones-en-quads-1h-1plaza\/"]}]},{"@type":"ImageObject","inLanguage":"fr-FR","@id":"https:\/\/lorufete.com\/producto\/excursiones-en-quads-1h-1plaza\/#primaryimage","url":"https:\/\/lorufete.com\/wp-content\/uploads\/2024\/09\/Quads-ninos-17-minutos-circuito-1-1.jpg","contentUrl":"https:\/\/lorufete.com\/wp-content\/uploads\/2024\/09\/Quads-ninos-17-minutos-circuito-1-1.jpg","width":1080,"height":1080},{"@type":"BreadcrumbList","@id":"https:\/\/lorufete.com\/producto\/excursiones-en-quads-1h-1plaza\/#breadcrumb","itemListElement":[{"@type":"ListItem","position":1,"name":"Portada","item":"https:\/\/lorufete.com\/"},{"@type":"ListItem","position":2,"name":"Productos","item":"https:\/\/lorufete.com\/shop__trashed\/"},{"@type":"ListItem","position":3,"name":"Excursiones en quads 1h 1 plaza"}]},{"@type":"WebSite","@id":"https:\/\/lorufete.com\/#website","url":"https:\/\/lorufete.com\/","name":"LoRufete","description":"Parc Multi Aventure \u00e0 Alicante","alternateName":"LoRufete","potentialAction":[{"@type":"SearchAction","target":{"@type":"EntryPoint","urlTemplate":"https:\/\/lorufete.com\/?s={search_term_string}"},"query-input":{"@type":"PropertyValueSpecification","valueRequired":true,"valueName":"search_term_string"}}],"inLanguage":"fr-FR"}]}},"_links":{"self":[{"href":"https:\/\/lorufete.com\/fr\/wp-json\/wp\/v2\/product\/100910","targetHints":{"allow":["GET"]}}],"collection":[{"href":"https:\/\/lorufete.com\/fr\/wp-json\/wp\/v2\/product"}],"about":[{"href":"https:\/\/lorufete.com\/fr\/wp-json\/wp\/v2\/types\/product"}],"version-history":[{"count":1,"href":"https:\/\/lorufete.com\/fr\/wp-json\/wp\/v2\/product\/100910\/revisions"}],"predecessor-version":[{"id":108073,"href":"https:\/\/lorufete.com\/fr\/wp-json\/wp\/v2\/product\/100910\/revisions\/108073"}],"wp:featuredmedia":[{"embeddable":true,"href":"https:\/\/lorufete.com\/fr\/wp-json\/wp\/v2\/media\/100270"}],"wp:attachment":[{"href":"https:\/\/lorufete.com\/fr\/wp-json\/wp\/v2\/media?parent=100910"}],"wp:term":[{"taxonomy":"product_brand","embeddable":true,"href":"https:\/\/lorufete.com\/fr\/wp-json\/wp\/v2\/product_brand?post=100910"},{"taxonomy":"product_cat","embeddable":true,"href":"https:\/\/lorufete.com\/fr\/wp-json\/wp\/v2\/product_cat?post=100910"},{"taxonomy":"product_tag","embeddable":true,"href":"https:\/\/lorufete.com\/fr\/wp-json\/wp\/v2\/product_tag?post=100910"}],"curies":[{"name":"wp","href":"https:\/\/api.w.org\/{rel}","templated":true}]}}