{"id":100924,"date":"2024-09-28T12:01:52","date_gmt":"2024-09-28T10:01:52","guid":{"rendered":"https:\/\/lorufete.com\/?post_type=product&#038;p=100924"},"modified":"2025-04-05T13:09:13","modified_gmt":"2025-04-05T11:09:13","slug":"tirolina","status":"publish","type":"product","link":"https:\/\/lorufete.com\/fr\/produit\/tirolina\/","title":{"rendered":"Zip"},"content":{"rendered":"","protected":false},"excerpt":{"rendered":"<p style=\"text-align: center;\"><strong>\ud83c\udf2a\ufe0f Tirolina \u2013 150 metros de pura adrenalina y libertad<\/strong><\/p>\n<p><img fetchpriority=\"high\" decoding=\"async\" class=\"alignnone size-medium wp-image-101175 aligncenter\" src=\"https:\/\/lorufete.com\/wp-content\/uploads\/2024\/10\/tirolina-en-alicante-600x540.jpg\" alt=\"\" width=\"600\" height=\"540\" srcset=\"https:\/\/lorufete.com\/wp-content\/uploads\/2024\/10\/tirolina-en-alicante-600x540.jpg 600w, https:\/\/lorufete.com\/wp-content\/uploads\/2024\/10\/tirolina-en-alicante-14x12.jpg 14w\" sizes=\"(max-width: 600px) 100vw, 600px\" \/><\/p>\n<p>\u00bfTe atreves a volar?<br \/>\nEn Lo Rufete Multiaventura Park te espera una de las tirolinas m\u00e1s emocionantes de la <strong>Costa Blanca<\/strong>, con <strong>150 metros de recorrido<\/strong> que cruzan el entorno natural del parque a toda velocidad.<br \/>\nTe lanzas, el viento golpea tu cara y por unos segundos sientes <strong>libertad total<\/strong>. Es una experiencia que activa todos los sentidos y se queda grabada en la memoria.<\/p>\n<p>Todo con la m\u00e1xima seguridad: arn\u00e9s, casco y supervisi\u00f3n constante de nuestro equipo de monitores especializados.<\/p>\n<p>\ud83d\udccd Estamos en <strong>San Miguel de Salinas<\/strong>, a tan solo <strong>15 minutos de Torrevieja<\/strong> y a <strong>45 minutos de Murcia y Alicante<\/strong>, en plena <strong>Costa Blanca<\/strong>.<\/p>\n<p>\u2699\ufe0f \u00bfQu\u00e9 incluye?<\/p>\n<ul>\n<li>Tirolina de <strong>150 metros de longitud<\/strong><\/li>\n<li>Arn\u00e9s profesional, casco y sistema de seguridad<\/li>\n<li>Monitor que gu\u00eda cada lanzamiento<\/li>\n<\/ul>\n<p>\u23f1\ufe0f Duraci\u00f3n: seg\u00fan grupo o pack<\/p>\n<p>\ud83d\udd25 Una experiencia a\u00e9rea que te har\u00e1 gritar, re\u00edr y repetir. \u00a1L\u00e1nzate a vivirla!<\/p>","protected":false},"featured_media":0,"template":"","meta":{"_acf_changed":false,"_joinchat":[]},"product_brand":[],"product_cat":[15],"product_tag":[],"class_list":{"0":"post-100924","1":"product","2":"type-product","3":"status-publish","5":"product_cat-uncategorized","7":"first","8":"instock","9":"virtual","10":"sold-individually","11":"purchasable","12":"product-type-booking"},"booking_location":"","booking_location_type":"","booking_duration":1,"booking_duration_unit":"hour","booking_buffer":0,"booking_cost":10,"booking_resources":[],"exclude_global_add_ons":[],"addons":[],"acf":[],"yoast_head":"<!-- This site is optimized with the Yoast SEO plugin v27.1.1 - https:\/\/yoast.com\/product\/yoast-seo-wordpress\/ -->\n<title>Tirolina - Lorufete.com<\/title>\n<meta name=\"robots\" content=\"noindex, follow\" \/>\n<meta property=\"og:locale\" content=\"fr_FR\" \/>\n<meta property=\"og:type\" content=\"article\" \/>\n<meta property=\"og:title\" content=\"Tirolina - Lorufete.com\" \/>\n<meta property=\"og:description\" content=\"\ud83c\udf2a\ufe0f Tirolina \u2013 150 metros de pura adrenalina y libertad   \u00bfTe atreves a volar? En Lo Rufete Multiaventura Park te espera una de las tirolinas m\u00e1s emocionantes de la Costa Blanca, con 150 metros de recorrido que cruzan el entorno natural del parque a toda velocidad. Te lanzas, el viento golpea tu cara y por unos segundos sientes libertad total. Es una experiencia que activa todos los sentidos y se queda grabada en la memoria.  Todo con la m\u00e1xima seguridad: arn\u00e9s, casco y supervisi\u00f3n constante de nuestro equipo de monitores especializados.  \ud83d\udccd Estamos en San Miguel de Salinas, a tan solo 15 minutos de Torrevieja y a 45 minutos de Murcia y Alicante, en plena Costa Blanca.  \u2699\ufe0f \u00bfQu\u00e9 incluye?   Tirolina de 150 metros de longitud  Arn\u00e9s profesional, casco y sistema de seguridad  Monitor que gu\u00eda cada lanzamiento  \u23f1\ufe0f Duraci\u00f3n: seg\u00fan grupo o pack  \ud83d\udd25 Una experiencia a\u00e9rea que te har\u00e1 gritar, re\u00edr y repetir. \u00a1L\u00e1nzate a vivirla!\" \/>\n<meta property=\"og:url\" content=\"https:\/\/lorufete.com\/fr\/produit\/tirolina\/\" \/>\n<meta property=\"og:site_name\" content=\"Lorufete.com\" \/>\n<meta property=\"article:modified_time\" content=\"2025-04-05T11:09:13+00:00\" \/>\n<meta name=\"twitter:card\" content=\"summary_large_image\" \/>\n<script type=\"application\/ld+json\" class=\"yoast-schema-graph\">{\"@context\":\"https:\/\/schema.org\",\"@graph\":[{\"@type\":\"WebPage\",\"@id\":\"https:\/\/lorufete.com\/producto\/tirolina\/\",\"url\":\"https:\/\/lorufete.com\/producto\/tirolina\/\",\"name\":\"Tirolina - Lorufete.com\",\"isPartOf\":{\"@id\":\"https:\/\/lorufete.com\/#website\"},\"datePublished\":\"2024-09-28T10:01:52+00:00\",\"dateModified\":\"2025-04-05T11:09:13+00:00\",\"breadcrumb\":{\"@id\":\"https:\/\/lorufete.com\/producto\/tirolina\/#breadcrumb\"},\"inLanguage\":\"fr-FR\",\"potentialAction\":[{\"@type\":\"ReadAction\",\"target\":[\"https:\/\/lorufete.com\/producto\/tirolina\/\"]}]},{\"@type\":\"BreadcrumbList\",\"@id\":\"https:\/\/lorufete.com\/producto\/tirolina\/#breadcrumb\",\"itemListElement\":[{\"@type\":\"ListItem\",\"position\":1,\"name\":\"Portada\",\"item\":\"https:\/\/lorufete.com\/\"},{\"@type\":\"ListItem\",\"position\":2,\"name\":\"Productos\",\"item\":\"https:\/\/lorufete.com\/shop__trashed\/\"},{\"@type\":\"ListItem\",\"position\":3,\"name\":\"Tirolina\"}]},{\"@type\":\"WebSite\",\"@id\":\"https:\/\/lorufete.com\/#website\",\"url\":\"https:\/\/lorufete.com\/\",\"name\":\"LoRufete\",\"description\":\"Parque Multi Aventura en Alicante\",\"alternateName\":\"LoRufete\",\"potentialAction\":[{\"@type\":\"SearchAction\",\"target\":{\"@type\":\"EntryPoint\",\"urlTemplate\":\"https:\/\/lorufete.com\/?s={search_term_string}\"},\"query-input\":{\"@type\":\"PropertyValueSpecification\",\"valueRequired\":true,\"valueName\":\"search_term_string\"}}],\"inLanguage\":\"fr-FR\"}]}<\/script>\n<!-- \/ Yoast SEO plugin. -->","yoast_head_json":{"title":"Zip - Lorufete.com","robots":{"index":"noindex","follow":"follow"},"og_locale":"fr_FR","og_type":"article","og_title":"Tirolina - Lorufete.com","og_description":"\ud83c\udf2a\ufe0f Tirolina \u2013 150 metros de pura adrenalina y libertad   \u00bfTe atreves a volar? En Lo Rufete Multiaventura Park te espera una de las tirolinas m\u00e1s emocionantes de la Costa Blanca, con 150 metros de recorrido que cruzan el entorno natural del parque a toda velocidad. Te lanzas, el viento golpea tu cara y por unos segundos sientes libertad total. Es una experiencia que activa todos los sentidos y se queda grabada en la memoria.  Todo con la m\u00e1xima seguridad: arn\u00e9s, casco y supervisi\u00f3n constante de nuestro equipo de monitores especializados.  \ud83d\udccd Estamos en San Miguel de Salinas, a tan solo 15 minutos de Torrevieja y a 45 minutos de Murcia y Alicante, en plena Costa Blanca.  \u2699\ufe0f \u00bfQu\u00e9 incluye?   Tirolina de 150 metros de longitud  Arn\u00e9s profesional, casco y sistema de seguridad  Monitor que gu\u00eda cada lanzamiento  \u23f1\ufe0f Duraci\u00f3n: seg\u00fan grupo o pack  \ud83d\udd25 Una experiencia a\u00e9rea que te har\u00e1 gritar, re\u00edr y repetir. \u00a1L\u00e1nzate a vivirla!","og_url":"https:\/\/lorufete.com\/fr\/produit\/tirolina\/","og_site_name":"Lorufete.com","article_modified_time":"2025-04-05T11:09:13+00:00","twitter_card":"summary_large_image","schema":{"@context":"https:\/\/schema.org","@graph":[{"@type":"WebPage","@id":"https:\/\/lorufete.com\/producto\/tirolina\/","url":"https:\/\/lorufete.com\/producto\/tirolina\/","name":"Zip - Lorufete.com","isPartOf":{"@id":"https:\/\/lorufete.com\/#website"},"datePublished":"2024-09-28T10:01:52+00:00","dateModified":"2025-04-05T11:09:13+00:00","breadcrumb":{"@id":"https:\/\/lorufete.com\/producto\/tirolina\/#breadcrumb"},"inLanguage":"fr-FR","potentialAction":[{"@type":"ReadAction","target":["https:\/\/lorufete.com\/producto\/tirolina\/"]}]},{"@type":"BreadcrumbList","@id":"https:\/\/lorufete.com\/producto\/tirolina\/#breadcrumb","itemListElement":[{"@type":"ListItem","position":1,"name":"Portada","item":"https:\/\/lorufete.com\/"},{"@type":"ListItem","position":2,"name":"Productos","item":"https:\/\/lorufete.com\/shop__trashed\/"},{"@type":"ListItem","position":3,"name":"Tirolina"}]},{"@type":"WebSite","@id":"https:\/\/lorufete.com\/#website","url":"https:\/\/lorufete.com\/","name":"LoRufete","description":"Parc Multi Aventure \u00e0 Alicante","alternateName":"LoRufete","potentialAction":[{"@type":"SearchAction","target":{"@type":"EntryPoint","urlTemplate":"https:\/\/lorufete.com\/?s={search_term_string}"},"query-input":{"@type":"PropertyValueSpecification","valueRequired":true,"valueName":"search_term_string"}}],"inLanguage":"fr-FR"}]}},"_links":{"self":[{"href":"https:\/\/lorufete.com\/fr\/wp-json\/wp\/v2\/product\/100924","targetHints":{"allow":["GET"]}}],"collection":[{"href":"https:\/\/lorufete.com\/fr\/wp-json\/wp\/v2\/product"}],"about":[{"href":"https:\/\/lorufete.com\/fr\/wp-json\/wp\/v2\/types\/product"}],"version-history":[{"count":0,"href":"https:\/\/lorufete.com\/fr\/wp-json\/wp\/v2\/product\/100924\/revisions"}],"wp:attachment":[{"href":"https:\/\/lorufete.com\/fr\/wp-json\/wp\/v2\/media?parent=100924"}],"wp:term":[{"taxonomy":"product_brand","embeddable":true,"href":"https:\/\/lorufete.com\/fr\/wp-json\/wp\/v2\/product_brand?post=100924"},{"taxonomy":"product_cat","embeddable":true,"href":"https:\/\/lorufete.com\/fr\/wp-json\/wp\/v2\/product_cat?post=100924"},{"taxonomy":"product_tag","embeddable":true,"href":"https:\/\/lorufete.com\/fr\/wp-json\/wp\/v2\/product_tag?post=100924"}],"curies":[{"name":"wp","href":"https:\/\/api.w.org\/{rel}","templated":true}]}}