{"id":107939,"date":"2026-01-09T13:46:54","date_gmt":"2026-01-09T12:46:54","guid":{"rendered":"https:\/\/lorufete.com\/?post_type=product&#038;p=107939"},"modified":"2026-01-22T09:54:06","modified_gmt":"2026-01-22T08:54:06","slug":"buggys-off-road","status":"publish","type":"product","link":"https:\/\/lorufete.com\/fr\/produit\/buggys-off-road\/","title":{"rendered":"Buggy Off-Road 1 Heure \u2013 La Nouvelle Aventure 2026"},"content":{"rendered":"","protected":false},"excerpt":{"rendered":"<div class=\"wpb_text_column wpb_content_element\">\n<div class=\"wpb_wrapper\">\n<h3 style=\"text-align: center;\"><strong>\ud83c\udfcd\ufe0f Buggy Off-Road 1 Heure \u2013 La Nouvelle Aventure 2026<\/strong><\/h3>\n<p><img fetchpriority=\"high\" decoding=\"async\" class=\"size-medium wp-image-107940 aligncenter\" src=\"https:\/\/lorufete.com\/wp-content\/uploads\/2026\/01\/buggys-alicante-580x540.jpg\" alt=\"\" width=\"580\" height=\"540\" \/><br \/>\nPr\u00e9parez-vous \u00e0 d\u00e9couvrir la nouvelle star de la Rufete, les routes en Buggy Off-Road. Une aventure con\u00e7ue pour ceux qui cherchent des sensations fortes, de la libert\u00e9 et de superbes points de vue au c\u0153ur de la nature, sur la Costa Blanca, avec vue imprenable Lac de La Pedrera de gaud\u00ed comme un compagnon de voyage.<\/p>\n<p><img decoding=\"async\" class=\"alignnone wp-image-107963 size-full\" src=\"https:\/\/lorufete.com\/wp-content\/uploads\/2026\/01\/buggys-lorufete.jpg\" alt=\"\" width=\"640\" height=\"640\" srcset=\"https:\/\/lorufete.com\/wp-content\/uploads\/2026\/01\/buggys-lorufete.jpg 640w, https:\/\/lorufete.com\/wp-content\/uploads\/2026\/01\/buggys-lorufete-175x175.jpg 175w, https:\/\/lorufete.com\/wp-content\/uploads\/2026\/01\/buggys-lorufete-12x12.jpg 12w, https:\/\/lorufete.com\/wp-content\/uploads\/2026\/01\/buggys-lorufete-300x300.jpg 300w, https:\/\/lorufete.com\/wp-content\/uploads\/2026\/01\/buggys-lorufete-600x600.jpg 600w, https:\/\/lorufete.com\/wp-content\/uploads\/2026\/01\/buggys-lorufete-180x180.jpg 180w\" sizes=\"(max-width: 640px) 100vw, 640px\" \/> <img decoding=\"async\" class=\"alignnone wp-image-107964 size-full\" src=\"https:\/\/lorufete.com\/wp-content\/uploads\/2026\/01\/buggys-torrevieja.jpg\" alt=\"\" width=\"640\" height=\"640\" srcset=\"https:\/\/lorufete.com\/wp-content\/uploads\/2026\/01\/buggys-torrevieja.jpg 640w, https:\/\/lorufete.com\/wp-content\/uploads\/2026\/01\/buggys-torrevieja-175x175.jpg 175w, https:\/\/lorufete.com\/wp-content\/uploads\/2026\/01\/buggys-torrevieja-12x12.jpg 12w, https:\/\/lorufete.com\/wp-content\/uploads\/2026\/01\/buggys-torrevieja-300x300.jpg 300w, https:\/\/lorufete.com\/wp-content\/uploads\/2026\/01\/buggys-torrevieja-600x600.jpg 600w, https:\/\/lorufete.com\/wp-content\/uploads\/2026\/01\/buggys-torrevieja-180x180.jpg 180w\" sizes=\"(max-width: 640px) 100vw, 640px\" \/><img loading=\"lazy\" decoding=\"async\" class=\"alignnone wp-image-107965 size-full\" src=\"https:\/\/lorufete.com\/wp-content\/uploads\/2026\/01\/buggys.jpg\" alt=\"\" width=\"640\" height=\"640\" srcset=\"https:\/\/lorufete.com\/wp-content\/uploads\/2026\/01\/buggys.jpg 640w, https:\/\/lorufete.com\/wp-content\/uploads\/2026\/01\/buggys-175x175.jpg 175w, https:\/\/lorufete.com\/wp-content\/uploads\/2026\/01\/buggys-12x12.jpg 12w, https:\/\/lorufete.com\/wp-content\/uploads\/2026\/01\/buggys-300x300.jpg 300w, https:\/\/lorufete.com\/wp-content\/uploads\/2026\/01\/buggys-600x600.jpg 600w, https:\/\/lorufete.com\/wp-content\/uploads\/2026\/01\/buggys-180x180.jpg 180w\" sizes=\"(max-width: 640px) 100vw, 640px\" \/><\/p>\n<\/div>\n<\/div>","protected":false},"featured_media":107940,"template":"","meta":{"_acf_changed":false,"_joinchat":[]},"product_brand":[],"product_cat":[15],"product_tag":[],"class_list":{"0":"post-107939","1":"product","2":"type-product","3":"status-publish","4":"has-post-thumbnail","6":"product_cat-uncategorized","8":"first","9":"instock","10":"virtual","11":"sold-individually","12":"purchasable","13":"product-type-booking"},"booking_location":"","booking_location_type":"","booking_duration":2,"booking_duration_unit":"hour","booking_buffer":0,"booking_cost":110,"booking_resources":[],"exclude_global_add_ons":[],"addons":[],"acf":[],"yoast_head":"<!-- This site is optimized with the Yoast SEO plugin v27.1.1 - https:\/\/yoast.com\/product\/yoast-seo-wordpress\/ -->\n<title>Buggys Off-Road 1 Hora \u2013 La Nueva Aventura 2026 - Lorufete.com<\/title>\n<meta name=\"robots\" content=\"noindex, follow\" \/>\n<meta property=\"og:locale\" content=\"fr_FR\" \/>\n<meta property=\"og:type\" content=\"article\" \/>\n<meta property=\"og:title\" content=\"Buggys Off-Road 1 Hora \u2013 La Nueva Aventura 2026 - Lorufete.com\" \/>\n<meta property=\"og:description\" content=\"\ud83c\udfcd\ufe0f Buggys Off-Road 1 Hora \u2013 La Nueva Aventura 2026  Prep\u00e1rate para la nueva experiencia estrella de Lo Rufete, las rutas en Buggy Off-Road. Una aventura dise\u00f1ada para quienes buscan emoci\u00f3n, libertad y vistas impresionantes en plena naturaleza en la Costa Blanca, con el imponente Lago La Pedrera como compa\u00f1ero de viaje.\" \/>\n<meta property=\"og:url\" content=\"https:\/\/lorufete.com\/fr\/produit\/buggys-off-road\/\" \/>\n<meta property=\"og:site_name\" content=\"Lorufete.com\" \/>\n<meta property=\"article:modified_time\" content=\"2026-01-22T08:54:06+00:00\" \/>\n<meta property=\"og:image\" content=\"https:\/\/lorufete.com\/wp-content\/uploads\/2026\/01\/buggys-alicante.jpg\" \/>\n\t<meta property=\"og:image:width\" content=\"580\" \/>\n\t<meta property=\"og:image:height\" content=\"580\" \/>\n\t<meta property=\"og:image:type\" content=\"image\/jpeg\" \/>\n<meta name=\"twitter:card\" content=\"summary_large_image\" \/>\n<meta name=\"twitter:label1\" content=\"Dur\u00e9e de lecture estim\u00e9e\" \/>\n\t<meta name=\"twitter:data1\" content=\"1 minute\" \/>\n<script type=\"application\/ld+json\" class=\"yoast-schema-graph\">{\"@context\":\"https:\/\/schema.org\",\"@graph\":[{\"@type\":\"WebPage\",\"@id\":\"https:\/\/lorufete.com\/producto\/buggys-off-road\/\",\"url\":\"https:\/\/lorufete.com\/producto\/buggys-off-road\/\",\"name\":\"Buggys Off-Road 1 Hora \u2013 La Nueva Aventura 2026 - Lorufete.com\",\"isPartOf\":{\"@id\":\"https:\/\/lorufete.com\/#website\"},\"primaryImageOfPage\":{\"@id\":\"https:\/\/lorufete.com\/producto\/buggys-off-road\/#primaryimage\"},\"image\":{\"@id\":\"https:\/\/lorufete.com\/producto\/buggys-off-road\/#primaryimage\"},\"thumbnailUrl\":\"https:\/\/lorufete.com\/wp-content\/uploads\/2026\/01\/buggys-alicante.jpg\",\"datePublished\":\"2026-01-09T12:46:54+00:00\",\"dateModified\":\"2026-01-22T08:54:06+00:00\",\"breadcrumb\":{\"@id\":\"https:\/\/lorufete.com\/producto\/buggys-off-road\/#breadcrumb\"},\"inLanguage\":\"fr-FR\",\"potentialAction\":[{\"@type\":\"ReadAction\",\"target\":[\"https:\/\/lorufete.com\/producto\/buggys-off-road\/\"]}]},{\"@type\":\"ImageObject\",\"inLanguage\":\"fr-FR\",\"@id\":\"https:\/\/lorufete.com\/producto\/buggys-off-road\/#primaryimage\",\"url\":\"https:\/\/lorufete.com\/wp-content\/uploads\/2026\/01\/buggys-alicante.jpg\",\"contentUrl\":\"https:\/\/lorufete.com\/wp-content\/uploads\/2026\/01\/buggys-alicante.jpg\",\"width\":580,\"height\":580},{\"@type\":\"BreadcrumbList\",\"@id\":\"https:\/\/lorufete.com\/producto\/buggys-off-road\/#breadcrumb\",\"itemListElement\":[{\"@type\":\"ListItem\",\"position\":1,\"name\":\"Portada\",\"item\":\"https:\/\/lorufete.com\/\"},{\"@type\":\"ListItem\",\"position\":2,\"name\":\"Productos\",\"item\":\"https:\/\/lorufete.com\/shop__trashed\/\"},{\"@type\":\"ListItem\",\"position\":3,\"name\":\"Buggys Off-Road 1 Hora \u2013 La Nueva Aventura 2026\"}]},{\"@type\":\"WebSite\",\"@id\":\"https:\/\/lorufete.com\/#website\",\"url\":\"https:\/\/lorufete.com\/\",\"name\":\"LoRufete\",\"description\":\"Parque Multi Aventura en Alicante\",\"alternateName\":\"LoRufete\",\"potentialAction\":[{\"@type\":\"SearchAction\",\"target\":{\"@type\":\"EntryPoint\",\"urlTemplate\":\"https:\/\/lorufete.com\/?s={search_term_string}\"},\"query-input\":{\"@type\":\"PropertyValueSpecification\",\"valueRequired\":true,\"valueName\":\"search_term_string\"}}],\"inLanguage\":\"fr-FR\"}]}<\/script>\n<!-- \/ Yoast SEO plugin. -->","yoast_head_json":{"title":"Buggy Off-Road 1 Heure \u2013 La Nouvelle Aventure 2026 - Lorufete.com","robots":{"index":"noindex","follow":"follow"},"og_locale":"fr_FR","og_type":"article","og_title":"Buggys Off-Road 1 Hora \u2013 La Nueva Aventura 2026 - Lorufete.com","og_description":"\ud83c\udfcd\ufe0f Buggys Off-Road 1 Hora \u2013 La Nueva Aventura 2026  Prep\u00e1rate para la nueva experiencia estrella de Lo Rufete, las rutas en Buggy Off-Road. Una aventura dise\u00f1ada para quienes buscan emoci\u00f3n, libertad y vistas impresionantes en plena naturaleza en la Costa Blanca, con el imponente Lago La Pedrera como compa\u00f1ero de viaje.","og_url":"https:\/\/lorufete.com\/fr\/produit\/buggys-off-road\/","og_site_name":"Lorufete.com","article_modified_time":"2026-01-22T08:54:06+00:00","og_image":[{"width":580,"height":580,"url":"https:\/\/lorufete.com\/wp-content\/uploads\/2026\/01\/buggys-alicante.jpg","type":"image\/jpeg"}],"twitter_card":"summary_large_image","twitter_misc":{"Dur\u00e9e de lecture estim\u00e9e":"1 minute"},"schema":{"@context":"https:\/\/schema.org","@graph":[{"@type":"WebPage","@id":"https:\/\/lorufete.com\/producto\/buggys-off-road\/","url":"https:\/\/lorufete.com\/producto\/buggys-off-road\/","name":"Buggy Off-Road 1 Heure \u2013 La Nouvelle Aventure 2026 - Lorufete.com","isPartOf":{"@id":"https:\/\/lorufete.com\/#website"},"primaryImageOfPage":{"@id":"https:\/\/lorufete.com\/producto\/buggys-off-road\/#primaryimage"},"image":{"@id":"https:\/\/lorufete.com\/producto\/buggys-off-road\/#primaryimage"},"thumbnailUrl":"https:\/\/lorufete.com\/wp-content\/uploads\/2026\/01\/buggys-alicante.jpg","datePublished":"2026-01-09T12:46:54+00:00","dateModified":"2026-01-22T08:54:06+00:00","breadcrumb":{"@id":"https:\/\/lorufete.com\/producto\/buggys-off-road\/#breadcrumb"},"inLanguage":"fr-FR","potentialAction":[{"@type":"ReadAction","target":["https:\/\/lorufete.com\/producto\/buggys-off-road\/"]}]},{"@type":"ImageObject","inLanguage":"fr-FR","@id":"https:\/\/lorufete.com\/producto\/buggys-off-road\/#primaryimage","url":"https:\/\/lorufete.com\/wp-content\/uploads\/2026\/01\/buggys-alicante.jpg","contentUrl":"https:\/\/lorufete.com\/wp-content\/uploads\/2026\/01\/buggys-alicante.jpg","width":580,"height":580},{"@type":"BreadcrumbList","@id":"https:\/\/lorufete.com\/producto\/buggys-off-road\/#breadcrumb","itemListElement":[{"@type":"ListItem","position":1,"name":"Portada","item":"https:\/\/lorufete.com\/"},{"@type":"ListItem","position":2,"name":"Productos","item":"https:\/\/lorufete.com\/shop__trashed\/"},{"@type":"ListItem","position":3,"name":"Buggys Off-Road 1 Hora \u2013 La Nueva Aventura 2026"}]},{"@type":"WebSite","@id":"https:\/\/lorufete.com\/#website","url":"https:\/\/lorufete.com\/","name":"LoRufete","description":"Parc Multi Aventure \u00e0 Alicante","alternateName":"LoRufete","potentialAction":[{"@type":"SearchAction","target":{"@type":"EntryPoint","urlTemplate":"https:\/\/lorufete.com\/?s={search_term_string}"},"query-input":{"@type":"PropertyValueSpecification","valueRequired":true,"valueName":"search_term_string"}}],"inLanguage":"fr-FR"}]}},"_links":{"self":[{"href":"https:\/\/lorufete.com\/fr\/wp-json\/wp\/v2\/product\/107939","targetHints":{"allow":["GET"]}}],"collection":[{"href":"https:\/\/lorufete.com\/fr\/wp-json\/wp\/v2\/product"}],"about":[{"href":"https:\/\/lorufete.com\/fr\/wp-json\/wp\/v2\/types\/product"}],"version-history":[{"count":8,"href":"https:\/\/lorufete.com\/fr\/wp-json\/wp\/v2\/product\/107939\/revisions"}],"predecessor-version":[{"id":107969,"href":"https:\/\/lorufete.com\/fr\/wp-json\/wp\/v2\/product\/107939\/revisions\/107969"}],"wp:featuredmedia":[{"embeddable":true,"href":"https:\/\/lorufete.com\/fr\/wp-json\/wp\/v2\/media\/107940"}],"wp:attachment":[{"href":"https:\/\/lorufete.com\/fr\/wp-json\/wp\/v2\/media?parent=107939"}],"wp:term":[{"taxonomy":"product_brand","embeddable":true,"href":"https:\/\/lorufete.com\/fr\/wp-json\/wp\/v2\/product_brand?post=107939"},{"taxonomy":"product_cat","embeddable":true,"href":"https:\/\/lorufete.com\/fr\/wp-json\/wp\/v2\/product_cat?post=107939"},{"taxonomy":"product_tag","embeddable":true,"href":"https:\/\/lorufete.com\/fr\/wp-json\/wp\/v2\/product_tag?post=107939"}],"curies":[{"name":"wp","href":"https:\/\/api.w.org\/{rel}","templated":true}]}}